{"id":43477,"date":"2024-05-10T18:08:10","date_gmt":"2024-05-10T16:08:10","guid":{"rendered":"https:\/\/www.polzela.com\/si\/?post_type=product&#038;p=43477"},"modified":"2026-03-29T23:06:10","modified_gmt":"2026-03-29T21:06:10","slug":"zenske-bombazne-nogavice-art-0162-roza","status":"publish","type":"product","link":"https:\/\/www.polzela.com\/si\/product\/zenske-bombazne-nogavice-art-0162-roza\/","title":{"rendered":"\u017denske bomba\u017ene nogavice art.0162 x3"},"content":{"rendered":"<p>Modne nogavice v razli\u010dnih vzorcih in barvnih kombinacijah. Nogavice so izdelane iz \u010desanega bomba\u017ea s specialno obdelavo.<\/p>\n","protected":false},"excerpt":{"rendered":"<p>Modne nogavice v razli\u010dnih barvnih kombinacijah.<\/p>\n<p><strong>V multipaku so 3 pari nogavic iste barve.<\/strong><\/p>\n<p><strong>Sestava: <\/strong>78% bomba\u017e, 20% poliamid, 2% elastan<\/p>\n","protected":false},"featured_media":43463,"comment_status":"open","ping_status":"closed","template":"","meta":{"om_disable_all_campaigns":false,"_monsterinsights_skip_tracking":false,"_monsterinsights_sitenote_active":false,"_monsterinsights_sitenote_note":"","_monsterinsights_sitenote_category":0},"product_cat":[1115,42,373],"product_tag":[604,747,838,842,768,857],"class_list":["post-43477","product","type-product","status-publish","has-post-thumbnail","hentry","product_cat-multipack","product_cat-zenske","product_cat-zenske-nogavice","product_tag-bombaz","product_tag-cotton","product_tag-multipack","product_tag-multipack-nogavice","product_tag-nogavice","product_tag-polzela"],"bundled_by":[],"bundle_stock_status":"instock","bundle_stock_quantity":null,"bundle_virtual":false,"bundle_layout":"","bundle_add_to_cart_form_location":"","bundle_editable_in_cart":false,"bundle_sold_individually_context":"","bundle_item_grouping":"","bundle_min_size":"","bundle_max_size":"","bundled_items":[],"bundle_sell_ids":[],"aioseo_notices":[],"_links":{"self":[{"href":"https:\/\/www.polzela.com\/si\/wp-json\/wp\/v2\/product\/43477","targetHints":{"allow":["GET"]}}],"collection":[{"href":"https:\/\/www.polzela.com\/si\/wp-json\/wp\/v2\/product"}],"about":[{"href":"https:\/\/www.polzela.com\/si\/wp-json\/wp\/v2\/types\/product"}],"replies":[{"embeddable":true,"href":"https:\/\/www.polzela.com\/si\/wp-json\/wp\/v2\/comments?post=43477"}],"wp:featuredmedia":[{"embeddable":true,"href":"https:\/\/www.polzela.com\/si\/wp-json\/wp\/v2\/media\/43463"}],"wp:attachment":[{"href":"https:\/\/www.polzela.com\/si\/wp-json\/wp\/v2\/media?parent=43477"}],"wp:term":[{"taxonomy":"product_cat","embeddable":true,"href":"https:\/\/www.polzela.com\/si\/wp-json\/wp\/v2\/product_cat?post=43477"},{"taxonomy":"product_tag","embeddable":true,"href":"https:\/\/www.polzela.com\/si\/wp-json\/wp\/v2\/product_tag?post=43477"}],"curies":[{"name":"wp","href":"https:\/\/api.w.org\/{rel}","templated":true}]}}