{"id":41967,"date":"2024-03-18T08:20:04","date_gmt":"2024-03-18T07:20:04","guid":{"rendered":"https:\/\/www.polzela.com\/si\/?post_type=product&#038;p=41967"},"modified":"2026-03-10T16:01:24","modified_gmt":"2026-03-10T15:01:24","slug":"moske-bombazne-nizke-nogavice-stopalke-6013-3-pak-pescena","status":"publish","type":"product","link":"https:\/\/www.polzela.com\/si\/product\/moske-bombazne-nizke-nogavice-stopalke-6013-3-pak-pescena\/","title":{"rendered":"Mo\u0161ke bomba\u017ene nizke nogavice stopalke (6013) 3 pak"},"content":{"rendered":"<h2>POLZELA Classic Bomba\u017ene Stopalke<\/h2>\n<ul>\n<li>Idealne za takrat, ko \u017eelite, da se nogavice najmanj opazijo.<\/li>\n<li>Bomba\u017e skrbi, da so noge prijetno tople. Nevidne stopalke, zagotavljajo za\u0161\u010dito va\u0161ih stopal,<\/li>\n<li>Nogavice so mehke poleti in tople pozimi.<\/li>\n<li>Udobni elasti\u010dni trak, ki ne stiska in zagotavlja prileganje na stopal.<\/li>\n<\/ul>\n<p>Vedno uporabne klasi\u010dne hla\u010dne nogavice, nogavice,\u00a0 dokolenke in nogavi\u010dke najdete v programu Classic style. Prijetne za no\u0161enje in primerne\u00a0 za vsakodnevno uporabo.<\/p>\n<p>Vsi uporabljeni materiali so zdravju in ko\u017ei prijazni. Izdelki Polzela so okolju prijazni izdelki.<\/p>\n","protected":false},"excerpt":{"rendered":"<p><strong>Opis izdelka:<\/strong><\/p>\n<p>Mo\u0161ke enobarvne bomba\u017ene stopalke 3 pak iz \u010desanega bomba\u017ea.<\/p>\n[caption id=\"attachment_1501\" align=\"alignleft\" width=\"75\"]<img loading=\"lazy\" decoding=\"async\" class=\"wp-image-1501 size-full\" src=\"https:\/\/www.polzela.com\/si\/wp-content\/uploads\/sites\/2\/2016\/07\/BOMBAZ-e1471330077533.jpg\" alt=\"BOMBAZ\" width=\"75\" height=\"75\" \/> Bomba\u017e[\/caption]\n[caption id=\"attachment_1506\" align=\"alignleft\" width=\"75\"]<img loading=\"lazy\" decoding=\"async\" class=\"size-full wp-image-1506\" src=\"https:\/\/www.polzela.com\/si\/wp-content\/uploads\/sites\/2\/2016\/07\/COMFORT-ROB-1-e1471330187624.jpg\" alt=\"COMFORT ROB\" width=\"75\" height=\"75\" \/> Udoben rob[\/caption]\n<p>&nbsp;<\/p>\n<p>&nbsp;<\/p>\n<p>&nbsp;<\/p>\n<p>&nbsp;<\/p>\n<p><strong>Sestava:\u00a0<\/strong>75% \u010desani bomba\u017e, 25% poliamid, 5% elastan<\/p>\n","protected":false},"featured_media":41957,"comment_status":"open","ping_status":"closed","template":"","meta":{"om_disable_all_campaigns":false,"_monsterinsights_skip_tracking":false,"_monsterinsights_sitenote_active":false,"_monsterinsights_sitenote_note":"","_monsterinsights_sitenote_category":0},"product_cat":[531],"product_tag":[747,857,637],"class_list":["post-41967","product","type-product","status-publish","has-post-thumbnail","hentry","product_cat-nogavice-moski","product_tag-cotton","product_tag-polzela","product_tag-stopalke"],"bundled_by":[],"bundle_stock_status":"instock","bundle_stock_quantity":null,"bundle_virtual":false,"bundle_layout":"","bundle_add_to_cart_form_location":"","bundle_editable_in_cart":false,"bundle_sold_individually_context":"","bundle_item_grouping":"","bundle_min_size":"","bundle_max_size":"","bundled_items":[],"bundle_sell_ids":[],"aioseo_notices":[],"_links":{"self":[{"href":"https:\/\/www.polzela.com\/si\/wp-json\/wp\/v2\/product\/41967","targetHints":{"allow":["GET"]}}],"collection":[{"href":"https:\/\/www.polzela.com\/si\/wp-json\/wp\/v2\/product"}],"about":[{"href":"https:\/\/www.polzela.com\/si\/wp-json\/wp\/v2\/types\/product"}],"replies":[{"embeddable":true,"href":"https:\/\/www.polzela.com\/si\/wp-json\/wp\/v2\/comments?post=41967"}],"wp:featuredmedia":[{"embeddable":true,"href":"https:\/\/www.polzela.com\/si\/wp-json\/wp\/v2\/media\/41957"}],"wp:attachment":[{"href":"https:\/\/www.polzela.com\/si\/wp-json\/wp\/v2\/media?parent=41967"}],"wp:term":[{"taxonomy":"product_cat","embeddable":true,"href":"https:\/\/www.polzela.com\/si\/wp-json\/wp\/v2\/product_cat?post=41967"},{"taxonomy":"product_tag","embeddable":true,"href":"https:\/\/www.polzela.com\/si\/wp-json\/wp\/v2\/product_tag?post=41967"}],"curies":[{"name":"wp","href":"https:\/\/api.w.org\/{rel}","templated":true}]}}