{"id":41817,"date":"2024-03-14T11:06:30","date_gmt":"2024-03-14T10:06:30","guid":{"rendered":"https:\/\/www.polzela.com\/si\/?post_type=product&#038;p=41817"},"modified":"2026-02-22T20:39:44","modified_gmt":"2026-02-22T19:39:44","slug":"issimo-moske-nogavice-iz-cesanega-bombaza-i205","status":"publish","type":"product","link":"https:\/\/www.polzela.com\/si\/product\/issimo-moske-nogavice-iz-cesanega-bombaza-i205\/","title":{"rendered":"Issimo nizke mo\u0161ke nogavice iz \u010desanega bomba\u017ea I205"},"content":{"rendered":"<p>&nbsp;<\/p>\n<p>&nbsp;<\/p>\n","protected":false},"excerpt":{"rendered":"<p>Mo\u0161ke nizke nogavice, pletene iz \u010desanega bomba\u017ea, prijetno mehkega otipa.<\/p>\n<p>Znamka: <strong>Issimo<\/strong><\/p>\n<p>Sestava: 80% \u010desanega bomba\u017ea, 15% poliamida, 5% elastana.<\/p>\n","protected":false},"featured_media":42244,"comment_status":"open","ping_status":"closed","template":"","meta":{"om_disable_all_campaigns":false,"_monsterinsights_skip_tracking":false,"_monsterinsights_sitenote_active":false,"_monsterinsights_sitenote_note":"","_monsterinsights_sitenote_category":0},"product_cat":[40,978],"product_tag":[747,869],"class_list":["post-41817","product","type-product","status-publish","has-post-thumbnail","hentry","product_cat-sport","product_cat-sportne-nogavice","product_tag-cotton","product_tag-issimo"],"bundled_by":[],"bundle_stock_status":"instock","bundle_stock_quantity":null,"bundle_virtual":false,"bundle_layout":"","bundle_add_to_cart_form_location":"","bundle_editable_in_cart":false,"bundle_sold_individually_context":"","bundle_item_grouping":"","bundle_min_size":"","bundle_max_size":"","bundled_items":[],"bundle_sell_ids":[],"aioseo_notices":[],"_links":{"self":[{"href":"https:\/\/www.polzela.com\/si\/wp-json\/wp\/v2\/product\/41817","targetHints":{"allow":["GET"]}}],"collection":[{"href":"https:\/\/www.polzela.com\/si\/wp-json\/wp\/v2\/product"}],"about":[{"href":"https:\/\/www.polzela.com\/si\/wp-json\/wp\/v2\/types\/product"}],"replies":[{"embeddable":true,"href":"https:\/\/www.polzela.com\/si\/wp-json\/wp\/v2\/comments?post=41817"}],"wp:featuredmedia":[{"embeddable":true,"href":"https:\/\/www.polzela.com\/si\/wp-json\/wp\/v2\/media\/42244"}],"wp:attachment":[{"href":"https:\/\/www.polzela.com\/si\/wp-json\/wp\/v2\/media?parent=41817"}],"wp:term":[{"taxonomy":"product_cat","embeddable":true,"href":"https:\/\/www.polzela.com\/si\/wp-json\/wp\/v2\/product_cat?post=41817"},{"taxonomy":"product_tag","embeddable":true,"href":"https:\/\/www.polzela.com\/si\/wp-json\/wp\/v2\/product_tag?post=41817"}],"curies":[{"name":"wp","href":"https:\/\/api.w.org\/{rel}","templated":true}]}}