{"id":41759,"date":"2024-03-13T11:44:08","date_gmt":"2024-03-13T10:44:08","guid":{"rendered":"https:\/\/www.polzela.com\/si\/?post_type=product&#038;p=41759"},"modified":"2026-04-22T16:55:25","modified_gmt":"2026-04-22T14:55:25","slug":"dekliske-bombazne-nogavice-art-2215-2-para","status":"publish","type":"product","link":"https:\/\/www.polzela.com\/si\/product\/dekliske-bombazne-nogavice-art-2215-2-para\/","title":{"rendered":"Dekli\u0161ke bomba\u017ene nogavice art. 2215 2 para"},"content":{"rendered":"<h3>POLZELA Boys &amp; Girls &#8211; otro\u0161ke bomba\u017ene nogavice<\/h3>\n<p>Otro\u0161ke klasi\u010dne bomba\u017ene\u00a0nogavice<strong>\u00a0<\/strong>za modo in prosti \u010das. Iz otrokom prijaznih materialov izdelane nogavice po najsodobnej\u0161ih proizvodnih postopkih imajo brez\u0161ivno povezavo nad prsti, zato so izjemno udobne za no\u0161enje.\u00a0Pro\u017ene in \u017eivih barv ostanejo tudi po mnogih pranjih.<\/p>\n<p>POLZELA Boys &amp; Girls poskrbi,\u00a0da so va\u0161i otroci v vsakdanjem \u017eivljenju, pri igri, \u0161portu, zabavi in posebnih\u00a0prilo\u017enostih\u00a0oble\u010deni v kvalitetne, privla\u010dne in zabavne nogavice.<\/p>\n<p>Linija otro\u0161kih hla\u010dnih nogavica, legic, dokolenk in kratkih nogavi\u010dk narejenih iz naravnih, ko\u017ei prijaznih materialov.<\/p>\n<p>Pisana paleta barv, igrivi domi\u0161ljijski ter pravlji\u010dni liki, ki najmlaj\u0161e popeljejo v svet domi\u0161ljije in zabave risanih junakov<\/p>\n","protected":false},"excerpt":{"rendered":"<p><strong>Opis izdelka<\/strong><\/p>\n<p>Otro\u0161ke klasi\u010dne bomba\u017ene\u00a0nogavice<strong>\u00a0<\/strong>za modo in prosti \u010das. Iz otrokom prijaznih materialov izdelane nogavice po najsodobnej\u0161ih proizvodnih postopkih imajo brez\u0161ivno povezavo nad prsti, zato so izjemno udobne za no\u0161enje.\u00a0Pro\u017ene in \u017eivih barv ostanejo tudi po mnogih pranjih.<\/p>\n<p><strong>Sestava:<\/strong> 80% \u010cesani bomba\u017e 18% Poliamid 2% Elastan<\/p>\n[caption id=\"attachment_1537\" align=\"alignleft\" width=\"70\"]<img loading=\"lazy\" decoding=\"async\" class=\"size-full wp-image-1537\" src=\"https:\/\/www.polzela.com\/si\/wp-content\/uploads\/sites\/2\/2016\/08\/100-BOMBAZ-e1471333144960.jpg\" alt=\"100% BOMBAZ\" width=\"70\" height=\"70\" \/> Bomba\u017e[\/caption]\n<p>&nbsp;<\/p>\n<p>&nbsp;<\/p>\n<p>&nbsp;<\/p>\n<p><img loading=\"lazy\" decoding=\"async\" class=\"alignnone wp-image-43366 size-medium\" src=\"https:\/\/www.polzela.com\/si\/wp-content\/uploads\/sites\/2\/2024\/03\/2215-1-219x300.jpg\" alt=\"\" width=\"219\" height=\"300\" srcset=\"https:\/\/www.polzela.com\/si\/wp-content\/uploads\/sites\/2\/2024\/03\/2215-1-219x300.jpg 219w, https:\/\/www.polzela.com\/si\/wp-content\/uploads\/sites\/2\/2024\/03\/2215-1-747x1024.jpg 747w, https:\/\/www.polzela.com\/si\/wp-content\/uploads\/sites\/2\/2024\/03\/2215-1-768x1052.jpg 768w, https:\/\/www.polzela.com\/si\/wp-content\/uploads\/sites\/2\/2024\/03\/2215-1-570x781.jpg 570w, https:\/\/www.polzela.com\/si\/wp-content\/uploads\/sites\/2\/2024\/03\/2215-1.jpg 1080w\" sizes=\"auto, (max-width: 219px) 100vw, 219px\" \/> <img loading=\"lazy\" decoding=\"async\" class=\"alignnone wp-image-43362 size-medium\" src=\"https:\/\/www.polzela.com\/si\/wp-content\/uploads\/sites\/2\/2024\/03\/2215-2-1-219x300.jpg\" alt=\"\" width=\"219\" height=\"300\" srcset=\"https:\/\/www.polzela.com\/si\/wp-content\/uploads\/sites\/2\/2024\/03\/2215-2-1-219x300.jpg 219w, https:\/\/www.polzela.com\/si\/wp-content\/uploads\/sites\/2\/2024\/03\/2215-2-1-747x1024.jpg 747w, https:\/\/www.polzela.com\/si\/wp-content\/uploads\/sites\/2\/2024\/03\/2215-2-1-768x1052.jpg 768w, https:\/\/www.polzela.com\/si\/wp-content\/uploads\/sites\/2\/2024\/03\/2215-2-1-570x781.jpg 570w, https:\/\/www.polzela.com\/si\/wp-content\/uploads\/sites\/2\/2024\/03\/2215-2-1.jpg 1080w\" sizes=\"auto, (max-width: 219px) 100vw, 219px\" \/><\/p>\n","protected":false},"featured_media":43362,"comment_status":"open","ping_status":"closed","template":"","meta":{"om_disable_all_campaigns":false,"_monsterinsights_skip_tracking":false,"_monsterinsights_sitenote_active":false,"_monsterinsights_sitenote_note":"","_monsterinsights_sitenote_category":0},"product_cat":[981,39],"product_tag":[747,867,742],"class_list":["post-41759","product","type-product","status-publish","has-post-thumbnail","hentry","product_cat-bombazne-otroske-nogavice","product_cat-oblacila","product_tag-cotton","product_tag-kids-socks","product_tag-otroci"],"bundled_by":[],"bundle_stock_status":"instock","bundle_stock_quantity":null,"bundle_virtual":false,"bundle_layout":"","bundle_add_to_cart_form_location":"","bundle_editable_in_cart":false,"bundle_sold_individually_context":"","bundle_item_grouping":"","bundle_min_size":"","bundle_max_size":"","bundled_items":[],"bundle_sell_ids":[],"aioseo_notices":[],"_links":{"self":[{"href":"https:\/\/www.polzela.com\/si\/wp-json\/wp\/v2\/product\/41759","targetHints":{"allow":["GET"]}}],"collection":[{"href":"https:\/\/www.polzela.com\/si\/wp-json\/wp\/v2\/product"}],"about":[{"href":"https:\/\/www.polzela.com\/si\/wp-json\/wp\/v2\/types\/product"}],"replies":[{"embeddable":true,"href":"https:\/\/www.polzela.com\/si\/wp-json\/wp\/v2\/comments?post=41759"}],"wp:featuredmedia":[{"embeddable":true,"href":"https:\/\/www.polzela.com\/si\/wp-json\/wp\/v2\/media\/43362"}],"wp:attachment":[{"href":"https:\/\/www.polzela.com\/si\/wp-json\/wp\/v2\/media?parent=41759"}],"wp:term":[{"taxonomy":"product_cat","embeddable":true,"href":"https:\/\/www.polzela.com\/si\/wp-json\/wp\/v2\/product_cat?post=41759"},{"taxonomy":"product_tag","embeddable":true,"href":"https:\/\/www.polzela.com\/si\/wp-json\/wp\/v2\/product_tag?post=41759"}],"curies":[{"name":"wp","href":"https:\/\/api.w.org\/{rel}","templated":true}]}}