{"id":40449,"date":"2024-01-12T08:59:41","date_gmt":"2024-01-12T07:59:41","guid":{"rendered":"https:\/\/www.polzela.com\/si\/?post_type=product&#038;p=40449"},"modified":"2025-12-10T15:33:14","modified_gmt":"2025-12-10T14:33:14","slug":"cat-moske-delovne-hlace-art-1810086","status":"publish","type":"product","link":"https:\/\/www.polzela.com\/si\/product\/cat-moske-delovne-hlace-art-1810086\/","title":{"rendered":"CAT mo\u0161ke delovne hla\u010de art.1810086"},"content":{"rendered":"","protected":false},"excerpt":{"rendered":"<p><strong>Opis izdelka<\/strong><\/p>\n<div class=\"product-tabs__content__slice\">\n<div class=\"product-tabs__content__cms\">\n<p id=\"tw-target-text\" class=\"tw-data-text tw-text-large tw-ta\" dir=\"ltr\" data-placeholder=\"Prevod\" data-ved=\"2ahUKEwiHwpShpteDAxUJ2gIHHUAvBxkQ3ewLegQICBAQ\"><span class=\"Y2IQFc\" lang=\"sl\">Najbolj zahtevani elementi priljubljenih obo\u017eevalcev in polnih funkcij Trademark Pants so zdaj na voljo v vitkej\u0161ih, gladkih, poenostavljenih hla\u010dah. Ista mo\u010dna me\u0161anica platna in elastana, uporabljena v hla\u010dah blagovne znamke CAT, se zdaj pridru\u017eujejo strate\u0161ko postavljene raztegljive plo\u0161\u010de, ki ponujajo resni\u010dno osupljivo mobilnost. Oja\u010dana, zgibna kolena z \u017eepi, in raztegljivi deli za koleni za celodnevno udobje. Te hla\u010de so narejene za opravljanje dela, zato je veliko posebnih \u017eepov: \u017eep za no\u017ee; \u017eep za mobilni telefon; varen stranski tovorni \u017eep; izvle\u010dni \u017eepi za orodje; okrepljen sprednji doseg v \u017eepih; zarezani zadnji \u017eepi. Pustite svoje kladivo v tesarski zanki.<\/span><\/p>\n<\/div>\n<\/div>\n","protected":false},"featured_media":40488,"comment_status":"open","ping_status":"closed","template":"","meta":{"om_disable_all_campaigns":false,"_monsterinsights_skip_tracking":false,"_monsterinsights_sitenote_active":false,"_monsterinsights_sitenote_note":"","_monsterinsights_sitenote_category":0},"product_cat":[761,1040,977],"product_tag":[560,1018],"class_list":["post-40449","product","type-product","status-publish","has-post-thumbnail","hentry","product_cat-cat-delovna-oblacila","product_cat-delovne-hlace-cat","product_cat-cat-oblacila","product_tag-cat","product_tag-workwear"],"bundled_by":[],"bundle_stock_status":"instock","bundle_stock_quantity":null,"bundle_virtual":false,"bundle_layout":"","bundle_add_to_cart_form_location":"","bundle_editable_in_cart":false,"bundle_sold_individually_context":"","bundle_item_grouping":"","bundle_min_size":"","bundle_max_size":"","bundled_items":[],"bundle_sell_ids":[],"aioseo_notices":[],"_links":{"self":[{"href":"https:\/\/www.polzela.com\/si\/wp-json\/wp\/v2\/product\/40449","targetHints":{"allow":["GET"]}}],"collection":[{"href":"https:\/\/www.polzela.com\/si\/wp-json\/wp\/v2\/product"}],"about":[{"href":"https:\/\/www.polzela.com\/si\/wp-json\/wp\/v2\/types\/product"}],"replies":[{"embeddable":true,"href":"https:\/\/www.polzela.com\/si\/wp-json\/wp\/v2\/comments?post=40449"}],"wp:featuredmedia":[{"embeddable":true,"href":"https:\/\/www.polzela.com\/si\/wp-json\/wp\/v2\/media\/40488"}],"wp:attachment":[{"href":"https:\/\/www.polzela.com\/si\/wp-json\/wp\/v2\/media?parent=40449"}],"wp:term":[{"taxonomy":"product_cat","embeddable":true,"href":"https:\/\/www.polzela.com\/si\/wp-json\/wp\/v2\/product_cat?post=40449"},{"taxonomy":"product_tag","embeddable":true,"href":"https:\/\/www.polzela.com\/si\/wp-json\/wp\/v2\/product_tag?post=40449"}],"curies":[{"name":"wp","href":"https:\/\/api.w.org\/{rel}","templated":true}]}}