{"id":40439,"date":"2024-01-12T08:44:43","date_gmt":"2024-01-12T07:44:43","guid":{"rendered":"https:\/\/www.polzela.com\/si\/?post_type=product&#038;p=40439"},"modified":"2025-11-26T13:57:17","modified_gmt":"2025-11-26T12:57:17","slug":"cat-moske-delovne-hlace-art-1810098","status":"publish","type":"product","link":"https:\/\/www.polzela.com\/si\/product\/cat-moske-delovne-hlace-art-1810098\/","title":{"rendered":"CAT mo\u0161ke delovne hla\u010de art.1810098"},"content":{"rendered":"","protected":false},"excerpt":{"rendered":"<p><strong>Opis izdelka<\/strong><\/p>\n<div class=\"product-tabs__content__slice\">\n<div class=\"product-tabs__content__cms\">\n<ul>\n<li data-gp-tth-0=\"f45ed6e8d8013a4dd71a37976f8f3a32\">\n<p id=\"tw-target-text\" class=\"tw-data-text tw-text-large tw-ta\" dir=\"ltr\" data-placeholder=\"Prevod\" data-ved=\"2ahUKEwiHwpShpteDAxUJ2gIHHUAvBxkQ3ewLegQICBAQ\"><span class=\"Y2IQFc\" lang=\"sl\">Delovne hla\u010de Caterpillar z \u017eepi za kolenske \u0161\u010ditnike, odpornimi proti po\u0161kodbam, iz trdnega materiala Cordura so popolne za delo, kjer je pomembna za\u0161\u010dita kolen. Ta model je opremljen s \u0161tevilnimi \u017eepi, v katere boste spravili najpomembnej\u0161e orodje in pripomo\u010dke, ki jih potrebujete za delo. <\/span><\/p>\n<\/li>\n<li data-gp-tth-0=\"f45ed6e8d8013a4dd71a37976f8f3a32\">\n<p id=\"tw-target-text\" class=\"tw-data-text tw-text-large tw-ta\" dir=\"ltr\" data-placeholder=\"Prevod\" data-ved=\"2ahUKEwiHwpShpteDAxUJ2gIHHUAvBxkQ3ewLegQICBAQ\"><span class=\"Y2IQFc\" lang=\"sl\">Lastnosti izdelka: <\/span><span class=\"Y2IQFc\" lang=\"sl\">ozek kroj, <\/span><\/p>\n<\/li>\n<li data-gp-tth-0=\"f45ed6e8d8013a4dd71a37976f8f3a32\">\n<p id=\"tw-target-text\" class=\"tw-data-text tw-text-large tw-ta\" dir=\"ltr\" data-placeholder=\"Prevod\" data-ved=\"2ahUKEwiHwpShpteDAxUJ2gIHHUAvBxkQ3ewLegQICBAQ\"><span class=\"Y2IQFc\" lang=\"sl\">hidrofobni WR material u\u010dinkovito prepre\u010duje vpijanje vlage in nastajanje umazanije<\/span><\/p>\n<\/li>\n<li data-gp-tth-0=\"f45ed6e8d8013a4dd71a37976f8f3a32\">\n<p id=\"tw-target-text\" class=\"tw-data-text tw-text-large tw-ta\" dir=\"ltr\" data-placeholder=\"Prevod\" data-ved=\"2ahUKEwiHwpShpteDAxUJ2gIHHUAvBxkQ3ewLegQICBAQ\"><span class=\"Y2IQFc\" lang=\"sl\">v\u0161ita elastika v pasu u\u010dinkovito prepre\u010duje drsenje hla\u010d, dobro pa dr\u017ei tudi majico v njih<\/span><\/p>\n<\/li>\n<li data-gp-tth-0=\"f45ed6e8d8013a4dd71a37976f8f3a32\">\n<p id=\"tw-target-text\" class=\"tw-data-text tw-text-large tw-ta\" dir=\"ltr\" data-placeholder=\"Prevod\" data-ved=\"2ahUKEwiHwpShpteDAxUJ2gIHHUAvBxkQ3ewLegQICBAQ\"><span class=\"Y2IQFc\" lang=\"sl\">rombasti vlo\u017eek v medno\u017eju za ve\u010dje udobje<\/span><\/p>\n<\/li>\n<li data-gp-tth-0=\"f45ed6e8d8013a4dd71a37976f8f3a32\">\n<p id=\"tw-target-text\" class=\"tw-data-text tw-text-large tw-ta\" dir=\"ltr\" data-placeholder=\"Prevod\" data-ved=\"2ahUKEwiHwpShpteDAxUJ2gIHHUAvBxkQ3ewLegQICBAQ\"><span class=\"Y2IQFc\" lang=\"sl\">zadnji \u017eepi za ve\u010dje udobje gibanja<\/span><\/p>\n<\/li>\n<li data-gp-tth-0=\"f45ed6e8d8013a4dd71a37976f8f3a32\">\n<p id=\"tw-target-text\" class=\"tw-data-text tw-text-large tw-ta\" dir=\"ltr\" data-placeholder=\"Prevod\" data-ved=\"2ahUKEwiHwpShpteDAxUJ2gIHHUAvBxkQ3ewLegQICBAQ\"><span class=\"Y2IQFc\" lang=\"sl\">\u017eepi za kolena iz Cordure odsevna kolena <\/span><\/p>\n<\/li>\n<li data-gp-tth-0=\"f45ed6e8d8013a4dd71a37976f8f3a32\">\n<p id=\"tw-target-text\" class=\"tw-data-text tw-text-large tw-ta\" dir=\"ltr\" data-placeholder=\"Prevod\" data-ved=\"2ahUKEwiHwpShpteDAxUJ2gIHHUAvBxkQ3ewLegQICBAQ\"><span class=\"Y2IQFc\" lang=\"sl\">Rumena zakovica na desnem \u017eepu<\/span><\/p>\n<\/li>\n<li data-gp-tth-0=\"f45ed6e8d8013a4dd71a37976f8f3a32\">\n<p id=\"tw-target-text\" class=\"tw-data-text tw-text-large tw-ta\" dir=\"ltr\" data-placeholder=\"Prevod\" data-ved=\"2ahUKEwiHwpShpteDAxUJ2gIHHUAvBxkQ3ewLegQICBAQ\"><span class=\"Y2IQFc\" lang=\"sl\">na\u0161iti \u017eepi<\/span><\/p>\n<\/li>\n<li data-gp-tth-0=\"f45ed6e8d8013a4dd71a37976f8f3a32\">\n<p id=\"tw-target-text\" class=\"tw-data-text tw-text-large tw-ta\" dir=\"ltr\" data-placeholder=\"Prevod\" data-ved=\"2ahUKEwiHwpShpteDAxUJ2gIHHUAvBxkQ3ewLegQICBAQ\"><span class=\"Y2IQFc\" lang=\"sl\">\u017eep za telefon z zapiranjem na je\u017eka<\/span><\/p>\n<\/li>\n<li data-gp-tth-0=\"f45ed6e8d8013a4dd71a37976f8f3a32\">\n<p id=\"tw-target-text\" class=\"tw-data-text tw-text-large tw-ta\" dir=\"ltr\" data-placeholder=\"Prevod\" data-ved=\"2ahUKEwiHwpShpteDAxUJ2gIHHUAvBxkQ3ewLegQICBAQ\"><span class=\"Y2IQFc\" lang=\"sl\">prakti\u010dna stegenska zanka<\/span><\/p>\n<\/li>\n<li data-gp-tth-0=\"f45ed6e8d8013a4dd71a37976f8f3a32\">\n<p id=\"tw-target-text\" class=\"tw-data-text tw-text-large tw-ta\" dir=\"ltr\" data-placeholder=\"Prevod\" data-ved=\"2ahUKEwiHwpShpteDAxUJ2gIHHUAvBxkQ3ewLegQICBAQ\"><span class=\"Y2IQFc\" lang=\"sl\">stranski tovorni \u017eep z varnim zapiranjem<\/span><\/p>\n<\/li>\n<li data-gp-tth-0=\"f45ed6e8d8013a4dd71a37976f8f3a32\">\n<p id=\"tw-target-text\" class=\"tw-data-text tw-text-large tw-ta\" dir=\"ltr\" data-placeholder=\"Prevod\" data-ved=\"2ahUKEwiHwpShpteDAxUJ2gIHHUAvBxkQ3ewLegQICBAQ\"><span class=\"Y2IQFc\" lang=\"sl\">logotip proizvajalca silikona na levem \u017eepu<\/span><\/p>\n<\/li>\n<\/ul>\n<\/div>\n<\/div>\n","protected":false},"featured_media":40487,"comment_status":"open","ping_status":"closed","template":"","meta":{"om_disable_all_campaigns":false,"_monsterinsights_skip_tracking":false,"_monsterinsights_sitenote_active":false,"_monsterinsights_sitenote_note":"","_monsterinsights_sitenote_category":0},"product_cat":[761,1040,977],"product_tag":[560,1018],"class_list":["post-40439","product","type-product","status-publish","has-post-thumbnail","hentry","product_cat-cat-delovna-oblacila","product_cat-delovne-hlace-cat","product_cat-cat-oblacila","product_tag-cat","product_tag-workwear"],"bundled_by":[],"bundle_stock_status":"instock","bundle_stock_quantity":null,"bundle_virtual":false,"bundle_layout":"","bundle_add_to_cart_form_location":"","bundle_editable_in_cart":false,"bundle_sold_individually_context":"","bundle_item_grouping":"","bundle_min_size":"","bundle_max_size":"","bundled_items":[],"bundle_sell_ids":[],"aioseo_notices":[],"_links":{"self":[{"href":"https:\/\/www.polzela.com\/si\/wp-json\/wp\/v2\/product\/40439","targetHints":{"allow":["GET"]}}],"collection":[{"href":"https:\/\/www.polzela.com\/si\/wp-json\/wp\/v2\/product"}],"about":[{"href":"https:\/\/www.polzela.com\/si\/wp-json\/wp\/v2\/types\/product"}],"replies":[{"embeddable":true,"href":"https:\/\/www.polzela.com\/si\/wp-json\/wp\/v2\/comments?post=40439"}],"wp:featuredmedia":[{"embeddable":true,"href":"https:\/\/www.polzela.com\/si\/wp-json\/wp\/v2\/media\/40487"}],"wp:attachment":[{"href":"https:\/\/www.polzela.com\/si\/wp-json\/wp\/v2\/media?parent=40439"}],"wp:term":[{"taxonomy":"product_cat","embeddable":true,"href":"https:\/\/www.polzela.com\/si\/wp-json\/wp\/v2\/product_cat?post=40439"},{"taxonomy":"product_tag","embeddable":true,"href":"https:\/\/www.polzela.com\/si\/wp-json\/wp\/v2\/product_tag?post=40439"}],"curies":[{"name":"wp","href":"https:\/\/api.w.org\/{rel}","templated":true}]}}