{"id":40429,"date":"2024-01-12T08:37:06","date_gmt":"2024-01-12T07:37:06","guid":{"rendered":"https:\/\/www.polzela.com\/si\/?post_type=product&#038;p=40429"},"modified":"2025-12-14T08:48:55","modified_gmt":"2025-12-14T07:48:55","slug":"cat-moske-delovne-hlace-art-1810099","status":"publish","type":"product","link":"https:\/\/www.polzela.com\/si\/product\/cat-moske-delovne-hlace-art-1810099\/","title":{"rendered":"CAT mo\u0161ke delovne hla\u010de art.1810099"},"content":{"rendered":"<p><strong>Opis izdelka<\/strong><\/p>\n<div class=\"product-tabs__content__slice\">\n<div class=\"product-tabs__content__cms\">\n<ul>\n<li data-gp-tth-0=\"f45ed6e8d8013a4dd71a37976f8f3a32\">Vzdr\u017eljivi \u017eepi za kolenske \u0161\u010ditnike iz kordure, odporni proti obrabi<\/li>\n<li data-gp-tth-0=\"62982be442041c24d33bc4288ce70194\">Medno\u017eni vlo\u017eek v obliki diamanta prispeva k udobju in enostavnosti gibanja<\/li>\n<li data-gp-tth-0=\"5d9e60de87dd786aa80c26c8c9995f3c\">Stranski tovorni \u017eep z varnim zapiranjem in zlo\u017eenimi \u017eepi<\/li>\n<li data-gp-tth-0=\"688ff49eab203043f8f67b3d9f1ec80a\">Zadnji \u017eepi so odrezani od obla\u010dila<\/li>\n<li data-gp-tth-0=\"d5c54c15d77c61ba3989ae7bfba276c3\">Zelo \u0161iroka sredinska zanka za pas<\/li>\n<li data-gp-tth-0=\"97d1a7727788717c8d12d479f1687e79\">Carpenter Loop na desnem boku<\/li>\n<li data-gp-tth-0=\"cccce02368e9ff58478d9b52942512b2\">Izvlecite \u017eepe za orodje<\/li>\n<li data-gp-tth-0=\"7e85ed70ea292cac15907d4ce2a0d2f7\">\u017dep za mobilni telefon na desnem stegnu z zapiranjem na kavelj in zanko<\/li>\n<li data-gp-tth-0=\"5972c772139da0e79339dcc6fa3b94c2\">CAT Rumena zakovica na desnem \u017eepu<\/li>\n<\/ul>\n<\/div>\n<\/div>\n<div class=\"product-tabs__content__slice\">\n<div id=\"product__description\" class=\"product-tabs__content__cms\">\n<p data-gp-tth-0=\"ecd7ebd3fb42b23aaf8bbf4e275ac7f9\">Kdo potrebuje pas za orodje, ko so na voljo hla\u010de, kot so Trade DWR Stretch Pocket Trouser? Te vodoodporne hla\u010de ozkega kroja nudijo vrhunsko mobilnost zahvaljujo\u010d dotiku elastana v trpe\u017eni tkanini, skupaj z diamantno oblikovanim medno\u017enim vstavkom.<\/p>\n<\/div>\n<\/div>\n","protected":false},"excerpt":{"rendered":"<p><strong>Opis izdelka<\/strong><\/p>\n<div class=\"product-tabs__content__slice\">\n<div class=\"product-tabs__content__cms\">\n<ul>\n<li data-gp-tth-0=\"f45ed6e8d8013a4dd71a37976f8f3a32\">Vzdr\u017eljivi \u017eepi za kolenske \u0161\u010ditnike iz kordure, odporni proti obrabi<\/li>\n<li data-gp-tth-0=\"62982be442041c24d33bc4288ce70194\">Medno\u017eni vlo\u017eek v obliki diamanta prispeva k udobju in enostavnosti gibanja<\/li>\n<li data-gp-tth-0=\"5d9e60de87dd786aa80c26c8c9995f3c\">Stranski tovorni \u017eep z varnim zapiranjem in zlo\u017eenimi \u017eepi<\/li>\n<li data-gp-tth-0=\"688ff49eab203043f8f67b3d9f1ec80a\">Zadnji \u017eepi so odrezani od obla\u010dila<\/li>\n<li data-gp-tth-0=\"d5c54c15d77c61ba3989ae7bfba276c3\">Zelo \u0161iroka sredinska zanka za pas<\/li>\n<li data-gp-tth-0=\"97d1a7727788717c8d12d479f1687e79\">Carpenter Loop na desnem boku<\/li>\n<li data-gp-tth-0=\"cccce02368e9ff58478d9b52942512b2\">Izvlecite \u017eepe za orodje<\/li>\n<li data-gp-tth-0=\"7e85ed70ea292cac15907d4ce2a0d2f7\">\u017dep za mobilni telefon na desnem stegnu z zapiranjem na kavelj in zanko<\/li>\n<li data-gp-tth-0=\"5972c772139da0e79339dcc6fa3b94c2\">CAT Rumena zakovica na desnem \u017eepu<\/li>\n<\/ul>\n<\/div>\n<\/div>\n<div class=\"product-tabs__content__slice\">\n<div id=\"product__description\" class=\"product-tabs__content__cms\">\n<p data-gp-tth-0=\"ecd7ebd3fb42b23aaf8bbf4e275ac7f9\">Kdo potrebuje pas za orodje, ko so na voljo hla\u010de, kot so Trade DWR Stretch Pocket Trouser? Te vodoodporne hla\u010de ozkega kroja nudijo vrhunsko mobilnost zahvaljujo\u010d dotiku elastana v trpe\u017eni tkanini, skupaj z diamantno oblikovanim medno\u017enim vstavkom.<\/p>\n<\/div>\n<\/div>\n","protected":false},"featured_media":47110,"comment_status":"open","ping_status":"closed","template":"","meta":{"om_disable_all_campaigns":false,"_monsterinsights_skip_tracking":false,"_monsterinsights_sitenote_active":false,"_monsterinsights_sitenote_note":"","_monsterinsights_sitenote_category":0},"product_cat":[761,1040,977],"product_tag":[560,1018],"class_list":["post-40429","product","type-product","status-publish","has-post-thumbnail","hentry","product_cat-cat-delovna-oblacila","product_cat-delovne-hlace-cat","product_cat-cat-oblacila","product_tag-cat","product_tag-workwear"],"bundled_by":[],"bundle_stock_status":"instock","bundle_stock_quantity":null,"bundle_virtual":false,"bundle_layout":"","bundle_add_to_cart_form_location":"","bundle_editable_in_cart":false,"bundle_sold_individually_context":"","bundle_item_grouping":"","bundle_min_size":"","bundle_max_size":"","bundled_items":[],"bundle_sell_ids":[],"aioseo_notices":[],"_links":{"self":[{"href":"https:\/\/www.polzela.com\/si\/wp-json\/wp\/v2\/product\/40429","targetHints":{"allow":["GET"]}}],"collection":[{"href":"https:\/\/www.polzela.com\/si\/wp-json\/wp\/v2\/product"}],"about":[{"href":"https:\/\/www.polzela.com\/si\/wp-json\/wp\/v2\/types\/product"}],"replies":[{"embeddable":true,"href":"https:\/\/www.polzela.com\/si\/wp-json\/wp\/v2\/comments?post=40429"}],"wp:featuredmedia":[{"embeddable":true,"href":"https:\/\/www.polzela.com\/si\/wp-json\/wp\/v2\/media\/47110"}],"wp:attachment":[{"href":"https:\/\/www.polzela.com\/si\/wp-json\/wp\/v2\/media?parent=40429"}],"wp:term":[{"taxonomy":"product_cat","embeddable":true,"href":"https:\/\/www.polzela.com\/si\/wp-json\/wp\/v2\/product_cat?post=40429"},{"taxonomy":"product_tag","embeddable":true,"href":"https:\/\/www.polzela.com\/si\/wp-json\/wp\/v2\/product_tag?post=40429"}],"curies":[{"name":"wp","href":"https:\/\/api.w.org\/{rel}","templated":true}]}}