{"id":40417,"date":"2024-01-12T08:13:09","date_gmt":"2024-01-12T07:13:09","guid":{"rendered":"https:\/\/www.polzela.com\/si\/?post_type=product&#038;p=40417"},"modified":"2025-11-30T19:33:46","modified_gmt":"2025-11-30T18:33:46","slug":"cat-moska-parka-w11432","status":"publish","type":"product","link":"https:\/\/www.polzela.com\/si\/product\/cat-moska-parka-w11432\/","title":{"rendered":"CAT mo\u0161ka parka W11432"},"content":{"rendered":"","protected":false},"excerpt":{"rendered":"<p><strong>Opis izdelka<\/strong><\/p>\n<p id=\"tw-target-text\" class=\"tw-data-text tw-text-large tw-ta\" dir=\"ltr\" data-placeholder=\"Prevod\" data-ved=\"2ahUKEwiHwpShpteDAxUJ2gIHHUAvBxkQ3ewLegQICBAQ\"><span class=\"Y2IQFc\" lang=\"sl\">CAT pomeni te\u017eko delo. Ne glede na to, ali vrtamo na suhih ravninah kjer piha veter, ali rudarimo v vla\u017eni, z ledom okovani Arktiki, so CAT stroji vedno zasnovani tako, da naredijo \u0161e ve\u010d \u2013 in CAT delovna obla\u010dila izdelujejo po enakih standardih. \u010cakanje na vreme je za nepripravljene in te\u017eko izolirana parka je bila narejena, da ostanete osredoto\u010deni na delo, ki je pri roki, ne glede na to, kako piha. Zunanjost jakne iz 100 % poliestra Oxford je izbolj\u0161ana s tehnologijo CAT Storm Blocker\u2122, da je odporna na vodo in veter, a hkrati zra\u010dna. <\/span><\/p>\n<p class=\"tw-data-text tw-text-large tw-ta\" dir=\"ltr\" data-placeholder=\"Prevod\" data-ved=\"2ahUKEwiHwpShpteDAxUJ2gIHHUAvBxkQ3ewLegQICBAQ\"><span class=\"Y2IQFc\" lang=\"sl\">Poliizolacija, ki je topla, ko je mokra, zadr\u017ei toploto; snemljiva kapuca z vrvico ohranja va\u0161o glavo toplo in suho; in zatesnitev na sprednji strani in man\u0161etah rokavov zatesnijo elemente. <\/span><\/p>\n<p class=\"tw-data-text tw-text-large tw-ta\" dir=\"ltr\" data-placeholder=\"Prevod\" data-ved=\"2ahUKEwiHwpShpteDAxUJ2gIHHUAvBxkQ3ewLegQICBAQ\"><span class=\"Y2IQFc\" lang=\"sl\">\u0160tevilni varni \u017eepi z zadrgo ohranjajo va\u0161e orodje na dosegu roke, izoliran \u017eep pa \u0161\u010diti va\u0161 telefon pred zmrzovanjem. Odsevniki na tej parki pove\u010dajo va\u0161o varnost, \u010de vidljivost postane slab\u0161a. Ko je napoved temperature pod ni\u010dlo, profesionalci pose\u017eejo po tej izolirani parki.<\/span><\/p>\n<p dir=\"ltr\" data-placeholder=\"Prevod\" data-ved=\"2ahUKEwiHwpShpteDAxUJ2gIHHUAvBxkQ3ewLegQICBAQ\"><strong>Sestava<\/strong>: <span class=\"Y2IQFc\" lang=\"sl\">100% poliester Oxford Shell<\/span><\/p>\n","protected":false},"featured_media":40472,"comment_status":"open","ping_status":"closed","template":"","meta":{"om_disable_all_campaigns":false,"_monsterinsights_skip_tracking":false,"_monsterinsights_sitenote_active":false,"_monsterinsights_sitenote_note":"","_monsterinsights_sitenote_category":0},"product_cat":[761,980,977],"product_tag":[560,1018],"class_list":["post-40417","product","type-product","status-publish","has-post-thumbnail","hentry","product_cat-cat-delovna-oblacila","product_cat-delovne-jakne-in-jope","product_cat-cat-oblacila","product_tag-cat","product_tag-workwear"],"bundled_by":[],"bundle_stock_status":"instock","bundle_stock_quantity":null,"bundle_virtual":false,"bundle_layout":"","bundle_add_to_cart_form_location":"","bundle_editable_in_cart":false,"bundle_sold_individually_context":"","bundle_item_grouping":"","bundle_min_size":"","bundle_max_size":"","bundled_items":[],"bundle_sell_ids":[],"aioseo_notices":[],"_links":{"self":[{"href":"https:\/\/www.polzela.com\/si\/wp-json\/wp\/v2\/product\/40417","targetHints":{"allow":["GET"]}}],"collection":[{"href":"https:\/\/www.polzela.com\/si\/wp-json\/wp\/v2\/product"}],"about":[{"href":"https:\/\/www.polzela.com\/si\/wp-json\/wp\/v2\/types\/product"}],"replies":[{"embeddable":true,"href":"https:\/\/www.polzela.com\/si\/wp-json\/wp\/v2\/comments?post=40417"}],"wp:featuredmedia":[{"embeddable":true,"href":"https:\/\/www.polzela.com\/si\/wp-json\/wp\/v2\/media\/40472"}],"wp:attachment":[{"href":"https:\/\/www.polzela.com\/si\/wp-json\/wp\/v2\/media?parent=40417"}],"wp:term":[{"taxonomy":"product_cat","embeddable":true,"href":"https:\/\/www.polzela.com\/si\/wp-json\/wp\/v2\/product_cat?post=40417"},{"taxonomy":"product_tag","embeddable":true,"href":"https:\/\/www.polzela.com\/si\/wp-json\/wp\/v2\/product_tag?post=40417"}],"curies":[{"name":"wp","href":"https:\/\/api.w.org\/{rel}","templated":true}]}}