{"id":37712,"date":"2023-11-24T08:20:46","date_gmt":"2023-11-24T07:20:46","guid":{"rendered":"https:\/\/www.polzela.com\/si\/?post_type=product&#038;p=37712"},"modified":"2025-11-27T08:38:07","modified_gmt":"2025-11-27T07:38:07","slug":"cat-moska-soft-shell-jakna-art-w11440","status":"publish","type":"product","link":"https:\/\/www.polzela.com\/si\/product\/cat-moska-soft-shell-jakna-art-w11440\/","title":{"rendered":"CAT mo\u0161ka soft shell jakna art.W11440"},"content":{"rendered":"","protected":false},"excerpt":{"rendered":"<p><strong>Opis izdelka<\/strong><\/p>\n<p id=\"tw-target-text\" class=\"tw-data-text tw-text-large tw-ta\" dir=\"ltr\" data-placeholder=\"Prevod\" data-ved=\"2ahUKEwizvYzJjNyCAxUchP0HHTtxBWsQ3ewLegQIBRAQ\"><span class=\"Y2IQFc\" lang=\"sl\">Soft Shell jakna odli\u010dno premosti vrzel med termoflisi in te\u017ejimi trdimi jaknami. Ponuja udobje flisa z vodoodbojnostjo in za\u0161\u010dito jakne v zra\u010dnem kosu srednjega sloja.<\/span><\/p>\n<p class=\"tw-data-text tw-text-large tw-ta\" dir=\"ltr\" data-placeholder=\"Prevod\" data-ved=\"2ahUKEwiEyOaTxt6BAxUIGuwKHTmaDpEQ3ewLegQIBxAQ\"><span class=\"Y2IQFc\" lang=\"sl\">Lastnosti: <\/span><\/p>\n<p class=\"tw-data-text tw-text-large tw-ta\" dir=\"ltr\" data-placeholder=\"Prevod\" data-ved=\"2ahUKEwiEyOaTxt6BAxUIGuwKHTmaDpEQ3ewLegQIBxAQ\"><span class=\"Y2IQFc\" lang=\"sl\"><strong>Storm Blocker<\/strong>: <\/span><\/p>\n<ul>\n<li class=\"tw-data-text tw-text-large tw-ta\" dir=\"ltr\" data-placeholder=\"Prevod\" data-ved=\"2ahUKEwiEyOaTxt6BAxUIGuwKHTmaDpEQ3ewLegQIBxAQ\"><span class=\"Y2IQFc\" lang=\"sl\">Vodoodporen.<\/span><\/li>\n<li dir=\"ltr\" data-placeholder=\"Prevod\" data-ved=\"2ahUKEwiEyOaTxt6BAxUIGuwKHTmaDpEQ3ewLegQIBxAQ\"><\/li>\n<li class=\"tw-data-text tw-text-large tw-ta\" dir=\"ltr\" data-placeholder=\"Prevod\" data-ved=\"2ahUKEwiEyOaTxt6BAxUIGuwKHTmaDpEQ3ewLegQIBxAQ\"><span class=\"Y2IQFc\" lang=\"sl\">Odporna na veter in zra\u010dna. <\/span><\/li>\n<li class=\"tw-data-text tw-text-large tw-ta\" dir=\"ltr\" data-placeholder=\"Prevod\" data-ved=\"2ahUKEwiEyOaTxt6BAxUIGuwKHTmaDpEQ3ewLegQIBxAQ\">\n<p id=\"tw-target-text\" class=\"tw-data-text tw-text-large tw-ta\" dir=\"ltr\" data-placeholder=\"Prevod\" data-ved=\"2ahUKEwizvYzJjNyCAxUchP0HHTtxBWsQ3ewLegQIBRAQ\"><span class=\"Y2IQFc\" lang=\"sl\">FlexShell \u2013 vezana tkanina zdru\u017euje zunanjost iz poliestra\/elastana z notranjo plastjo iz mikroflisa<\/span><\/p>\n<\/li>\n<li class=\"tw-data-text tw-text-large tw-ta\" dir=\"ltr\" data-placeholder=\"Prevod\" data-ved=\"2ahUKEwiEyOaTxt6BAxUIGuwKHTmaDpEQ3ewLegQIBxAQ\">\n<p class=\"tw-data-text tw-text-large tw-ta\" dir=\"ltr\" data-placeholder=\"Prevod\" data-ved=\"2ahUKEwizvYzJjNyCAxUchP0HHTtxBWsQ3ewLegQIBRAQ\"><span class=\"Y2IQFc\" lang=\"sl\">Odsevni pasovi<\/span><\/p>\n<\/li>\n<li class=\"tw-data-text tw-text-large tw-ta\" dir=\"ltr\" data-placeholder=\"Prevod\" data-ved=\"2ahUKEwiEyOaTxt6BAxUIGuwKHTmaDpEQ3ewLegQIBxAQ\">\n<p id=\"tw-target-text\" class=\"tw-data-text tw-text-large tw-ta\" dir=\"ltr\" data-placeholder=\"Prevod\" data-ved=\"2ahUKEwizvYzJjNyCAxUchP0HHTtxBWsQ3ewLegQIBRAQ\"><span class=\"Y2IQFc\" lang=\"sl\">Zgibni del pri komolcih z najlonskimi prevlekami<\/span><\/p>\n<\/li>\n<li class=\"tw-data-text tw-text-large tw-ta\" dir=\"ltr\" data-placeholder=\"Prevod\" data-ved=\"2ahUKEwiEyOaTxt6BAxUIGuwKHTmaDpEQ3ewLegQIBxAQ\">Udobna in lahka.<\/li>\n<\/ul>\n<p><img loading=\"lazy\" decoding=\"async\" class=\"alignnone size-thumbnail wp-image-37842\" src=\"https:\/\/www.polzela.com\/si\/wp-content\/uploads\/sites\/2\/2023\/11\/meeste-jope-cat-7010c-soodsam_reference-150x150.jpg\" alt=\"\" width=\"150\" height=\"150\" srcset=\"https:\/\/www.polzela.com\/si\/wp-content\/uploads\/sites\/2\/2023\/11\/meeste-jope-cat-7010c-soodsam_reference-150x150.jpg 150w, https:\/\/www.polzela.com\/si\/wp-content\/uploads\/sites\/2\/2023\/11\/meeste-jope-cat-7010c-soodsam_reference-300x300.jpg 300w, https:\/\/www.polzela.com\/si\/wp-content\/uploads\/sites\/2\/2023\/11\/meeste-jope-cat-7010c-soodsam_reference.jpg 1024w, https:\/\/www.polzela.com\/si\/wp-content\/uploads\/sites\/2\/2023\/11\/meeste-jope-cat-7010c-soodsam_reference-768x768.jpg 768w, https:\/\/www.polzela.com\/si\/wp-content\/uploads\/sites\/2\/2023\/11\/meeste-jope-cat-7010c-soodsam_reference-570x570.jpg 570w, https:\/\/www.polzela.com\/si\/wp-content\/uploads\/sites\/2\/2023\/11\/meeste-jope-cat-7010c-soodsam_reference-100x100.jpg 100w\" sizes=\"auto, (max-width: 150px) 100vw, 150px\" \/> <img loading=\"lazy\" decoding=\"async\" class=\"alignnone size-thumbnail wp-image-37840\" src=\"https:\/\/www.polzela.com\/si\/wp-content\/uploads\/sites\/2\/2023\/11\/meeste-jope-cat-w11440-black-380cf-soodsam_reference-150x150.jpg\" alt=\"\" width=\"150\" height=\"150\" srcset=\"https:\/\/www.polzela.com\/si\/wp-content\/uploads\/sites\/2\/2023\/11\/meeste-jope-cat-w11440-black-380cf-soodsam_reference-150x150.jpg 150w, https:\/\/www.polzela.com\/si\/wp-content\/uploads\/sites\/2\/2023\/11\/meeste-jope-cat-w11440-black-380cf-soodsam_reference-300x300.jpg 300w, https:\/\/www.polzela.com\/si\/wp-content\/uploads\/sites\/2\/2023\/11\/meeste-jope-cat-w11440-black-380cf-soodsam_reference.jpg 1024w, https:\/\/www.polzela.com\/si\/wp-content\/uploads\/sites\/2\/2023\/11\/meeste-jope-cat-w11440-black-380cf-soodsam_reference-768x768.jpg 768w, https:\/\/www.polzela.com\/si\/wp-content\/uploads\/sites\/2\/2023\/11\/meeste-jope-cat-w11440-black-380cf-soodsam_reference-570x570.jpg 570w, https:\/\/www.polzela.com\/si\/wp-content\/uploads\/sites\/2\/2023\/11\/meeste-jope-cat-w11440-black-380cf-soodsam_reference-100x100.jpg 100w\" sizes=\"auto, (max-width: 150px) 100vw, 150px\" \/><\/p>\n","protected":false},"featured_media":37838,"comment_status":"open","ping_status":"closed","template":"","meta":{"om_disable_all_campaigns":false,"_monsterinsights_skip_tracking":false,"_monsterinsights_sitenote_active":false,"_monsterinsights_sitenote_note":"","_monsterinsights_sitenote_category":0},"product_cat":[761,980,977],"product_tag":[560,1018],"class_list":["post-37712","product","type-product","status-publish","has-post-thumbnail","hentry","product_cat-cat-delovna-oblacila","product_cat-delovne-jakne-in-jope","product_cat-cat-oblacila","product_tag-cat","product_tag-workwear"],"bundled_by":[],"bundle_stock_status":"instock","bundle_stock_quantity":null,"bundle_virtual":false,"bundle_layout":"","bundle_add_to_cart_form_location":"","bundle_editable_in_cart":false,"bundle_sold_individually_context":"","bundle_item_grouping":"","bundle_min_size":"","bundle_max_size":"","bundled_items":[],"bundle_sell_ids":[],"aioseo_notices":[],"_links":{"self":[{"href":"https:\/\/www.polzela.com\/si\/wp-json\/wp\/v2\/product\/37712","targetHints":{"allow":["GET"]}}],"collection":[{"href":"https:\/\/www.polzela.com\/si\/wp-json\/wp\/v2\/product"}],"about":[{"href":"https:\/\/www.polzela.com\/si\/wp-json\/wp\/v2\/types\/product"}],"replies":[{"embeddable":true,"href":"https:\/\/www.polzela.com\/si\/wp-json\/wp\/v2\/comments?post=37712"}],"wp:featuredmedia":[{"embeddable":true,"href":"https:\/\/www.polzela.com\/si\/wp-json\/wp\/v2\/media\/37838"}],"wp:attachment":[{"href":"https:\/\/www.polzela.com\/si\/wp-json\/wp\/v2\/media?parent=37712"}],"wp:term":[{"taxonomy":"product_cat","embeddable":true,"href":"https:\/\/www.polzela.com\/si\/wp-json\/wp\/v2\/product_cat?post=37712"},{"taxonomy":"product_tag","embeddable":true,"href":"https:\/\/www.polzela.com\/si\/wp-json\/wp\/v2\/product_tag?post=37712"}],"curies":[{"name":"wp","href":"https:\/\/api.w.org\/{rel}","templated":true}]}}