{"id":37693,"date":"2023-11-24T07:02:37","date_gmt":"2023-11-24T06:02:37","guid":{"rendered":"https:\/\/www.polzela.com\/si\/?post_type=product&#038;p=37693"},"modified":"2026-02-19T14:04:42","modified_gmt":"2026-02-19T13:04:42","slug":"cat-moska-delovna-obutev-striver-s3-src","status":"publish","type":"product","link":"https:\/\/www.polzela.com\/si\/product\/cat-moska-delovna-obutev-striver-s3-src\/","title":{"rendered":"CAT mo\u0161ka delovna obutev Striver S3 SRC"},"content":{"rendered":"","protected":false},"excerpt":{"rendered":"<p><strong>Opis izdelka<\/strong><\/p>\n<p id=\"tw-target-text\" class=\"tw-data-text tw-text-large tw-ta\" dir=\"ltr\" data-placeholder=\"Prevod\" data-ved=\"2ahUKEwi78tnN_duCAxXRhf0HHajUCnUQ3ewLegQIBRAQ\"><span class=\"Y2IQFc\" lang=\"sl\">Idealen spremljevalec za tiste, ki delajo v mizarstvu, gradbeni\u0161tvu, proizvodnji, skladi\u0161\u010denju, dostavi in \u200b\u200btransportu &#8211; \u010develj Striver izpolnjuje vse zahteve. <\/span><\/p>\n<p class=\"tw-data-text tw-text-large tw-ta\" dir=\"ltr\" data-placeholder=\"Prevod\" data-ved=\"2ahUKEwi78tnN_duCAxXRhf0HHajUCnUQ3ewLegQIBRAQ\"><span class=\"Y2IQFc\" lang=\"sl\">\u010cevelj Striver je izdelan iz povo\u0161\u010denega zrnatega usnja (ali nubuck usnja), vodoodpornega zgornjega dela \u2013 ki vam zagotavlja dolgotrajno vzdr\u017eljivost in za\u0161\u010dito za vsako no\u0161njo. <\/span><\/p>\n<p class=\"tw-data-text tw-text-large tw-ta\" dir=\"ltr\" data-placeholder=\"Prevod\" data-ved=\"2ahUKEwi78tnN_duCAxXRhf0HHajUCnUQ3ewLegQIBRAQ\"><span class=\"Y2IQFc\" lang=\"sl\">\u010cevelj ima tudi zunanji podplat, ki absorbira energijo in je odporen na vro\u010dino in predrtje, ter jekleno kapico, ki zagotavlja maksimalno za\u0161\u010dito ves dan. Zaokro\u017een s penastim ovratnikom okoli gle\u017enja, ste pripravljeni na vse, kar vam pride naproti.<\/span><\/p>\n<p dir=\"ltr\" data-placeholder=\"Prevod\" data-ved=\"2ahUKEwjYltOlqdqCAxUm7rsIHeOKAM8Q3ewLegQIBRAQ\"><img loading=\"lazy\" decoding=\"async\" class=\"alignnone wp-image-10529 size-medium\" src=\"https:\/\/www.polzela.com\/si\/wp-content\/uploads\/sites\/2\/2020\/11\/Caterpillar_Worwear_Home_Upper_Left_Logo_280x@2x-300x228.jpg\" alt=\"\" width=\"300\" height=\"228\" srcset=\"https:\/\/www.polzela.com\/si\/wp-content\/uploads\/sites\/2\/2020\/11\/Caterpillar_Worwear_Home_Upper_Left_Logo_280x@2x-300x228.jpg 300w, https:\/\/www.polzela.com\/si\/wp-content\/uploads\/sites\/2\/2020\/11\/Caterpillar_Worwear_Home_Upper_Left_Logo_280x@2x.jpg 560w\" sizes=\"auto, (max-width: 300px) 100vw, 300px\" \/><\/p>\n","protected":false},"featured_media":38155,"comment_status":"open","ping_status":"closed","template":"","meta":{"om_disable_all_campaigns":false,"_monsterinsights_skip_tracking":false,"_monsterinsights_sitenote_active":false,"_monsterinsights_sitenote_note":"","_monsterinsights_sitenote_category":0},"product_cat":[761,1053,977],"product_tag":[560,1018],"class_list":["post-37693","product","type-product","status-publish","has-post-thumbnail","hentry","product_cat-cat-delovna-oblacila","product_cat-delovna-obutev","product_cat-cat-oblacila","product_tag-cat","product_tag-workwear"],"bundled_by":[],"bundle_stock_status":"instock","bundle_stock_quantity":null,"bundle_virtual":false,"bundle_layout":"","bundle_add_to_cart_form_location":"","bundle_editable_in_cart":false,"bundle_sold_individually_context":"","bundle_item_grouping":"","bundle_min_size":"","bundle_max_size":"","bundled_items":[],"bundle_sell_ids":[],"aioseo_notices":[],"_links":{"self":[{"href":"https:\/\/www.polzela.com\/si\/wp-json\/wp\/v2\/product\/37693","targetHints":{"allow":["GET"]}}],"collection":[{"href":"https:\/\/www.polzela.com\/si\/wp-json\/wp\/v2\/product"}],"about":[{"href":"https:\/\/www.polzela.com\/si\/wp-json\/wp\/v2\/types\/product"}],"replies":[{"embeddable":true,"href":"https:\/\/www.polzela.com\/si\/wp-json\/wp\/v2\/comments?post=37693"}],"wp:featuredmedia":[{"embeddable":true,"href":"https:\/\/www.polzela.com\/si\/wp-json\/wp\/v2\/media\/38155"}],"wp:attachment":[{"href":"https:\/\/www.polzela.com\/si\/wp-json\/wp\/v2\/media?parent=37693"}],"wp:term":[{"taxonomy":"product_cat","embeddable":true,"href":"https:\/\/www.polzela.com\/si\/wp-json\/wp\/v2\/product_cat?post=37693"},{"taxonomy":"product_tag","embeddable":true,"href":"https:\/\/www.polzela.com\/si\/wp-json\/wp\/v2\/product_tag?post=37693"}],"curies":[{"name":"wp","href":"https:\/\/api.w.org\/{rel}","templated":true}]}}