{"id":37686,"date":"2023-11-24T06:56:03","date_gmt":"2023-11-24T05:56:03","guid":{"rendered":"https:\/\/www.polzela.com\/si\/?post_type=product&#038;p=37686"},"modified":"2025-11-30T09:29:35","modified_gmt":"2025-11-30T08:29:35","slug":"cat-moska-delovna-obutev-framework-s3-wr-hro-sra","status":"publish","type":"product","link":"https:\/\/www.polzela.com\/si\/product\/cat-moska-delovna-obutev-framework-s3-wr-hro-sra\/","title":{"rendered":"CAT mo\u0161ka delovna obutev Framework S3 WR HRO SRA"},"content":{"rendered":"","protected":false},"excerpt":{"rendered":"<p><strong>Opis izdelka<\/strong><\/p>\n<p id=\"tw-target-text\" class=\"tw-data-text tw-text-large tw-ta\" dir=\"ltr\" data-placeholder=\"Prevod\" data-ved=\"2ahUKEwjYltOlqdqCAxUm7rsIHeOKAM8Q3ewLegQIBRAQ\"><span class=\"Y2IQFc\" lang=\"sl\">Vodoodporen \u010develj Framework je popolna izbira za tiste, ki delajo v panogah, kot so varnost, skladi\u0161\u010denje, transport in za tiste, ki potrebujejo podporo za gle\u017enje. <\/span><\/p>\n<p class=\"tw-data-text tw-text-large tw-ta\" dir=\"ltr\" data-placeholder=\"Prevod\" data-ved=\"2ahUKEwjYltOlqdqCAxUm7rsIHeOKAM8Q3ewLegQIBRAQ\"><span class=\"Y2IQFc\" lang=\"sl\">\u010cevelj Framework, izdelan z mislijo na udobje in mobilnost, je opremljen z EVA podlogo, peto za absorpcijo energije in prilagodljivim podplatom. <\/span><\/p>\n<p class=\"tw-data-text tw-text-large tw-ta\" dir=\"ltr\" data-placeholder=\"Prevod\" data-ved=\"2ahUKEwjYltOlqdqCAxUm7rsIHeOKAM8Q3ewLegQIBRAQ\"><span class=\"Y2IQFc\" lang=\"sl\">Za brezskrbnost in vzdr\u017eljivost \u010develj Framework vklju\u010duje tudi jekleno kapico, je odporen proti zdrsu in ima zunanji podplat, odporen na vro\u010dino, prodor, gorivo in olje.<\/span><\/p>\n<p dir=\"ltr\" data-placeholder=\"Prevod\" data-ved=\"2ahUKEwjYltOlqdqCAxUm7rsIHeOKAM8Q3ewLegQIBRAQ\"><img loading=\"lazy\" decoding=\"async\" class=\"alignnone wp-image-10529 size-medium\" src=\"https:\/\/www.polzela.com\/si\/wp-content\/uploads\/sites\/2\/2020\/11\/Caterpillar_Worwear_Home_Upper_Left_Logo_280x@2x-300x228.jpg\" alt=\"\" width=\"300\" height=\"228\" srcset=\"https:\/\/www.polzela.com\/si\/wp-content\/uploads\/sites\/2\/2020\/11\/Caterpillar_Worwear_Home_Upper_Left_Logo_280x@2x-300x228.jpg 300w, https:\/\/www.polzela.com\/si\/wp-content\/uploads\/sites\/2\/2020\/11\/Caterpillar_Worwear_Home_Upper_Left_Logo_280x@2x.jpg 560w\" sizes=\"auto, (max-width: 300px) 100vw, 300px\" \/><\/p>\n","protected":false},"featured_media":38151,"comment_status":"open","ping_status":"closed","template":"","meta":{"om_disable_all_campaigns":false,"_monsterinsights_skip_tracking":false,"_monsterinsights_sitenote_active":false,"_monsterinsights_sitenote_note":"","_monsterinsights_sitenote_category":0},"product_cat":[761,1053,977],"product_tag":[560,1018],"class_list":["post-37686","product","type-product","status-publish","has-post-thumbnail","hentry","product_cat-cat-delovna-oblacila","product_cat-delovna-obutev","product_cat-cat-oblacila","product_tag-cat","product_tag-workwear"],"bundled_by":[],"bundle_stock_status":"instock","bundle_stock_quantity":null,"bundle_virtual":false,"bundle_layout":"","bundle_add_to_cart_form_location":"","bundle_editable_in_cart":false,"bundle_sold_individually_context":"","bundle_item_grouping":"","bundle_min_size":"","bundle_max_size":"","bundled_items":[],"bundle_sell_ids":[],"aioseo_notices":[],"_links":{"self":[{"href":"https:\/\/www.polzela.com\/si\/wp-json\/wp\/v2\/product\/37686","targetHints":{"allow":["GET"]}}],"collection":[{"href":"https:\/\/www.polzela.com\/si\/wp-json\/wp\/v2\/product"}],"about":[{"href":"https:\/\/www.polzela.com\/si\/wp-json\/wp\/v2\/types\/product"}],"replies":[{"embeddable":true,"href":"https:\/\/www.polzela.com\/si\/wp-json\/wp\/v2\/comments?post=37686"}],"wp:featuredmedia":[{"embeddable":true,"href":"https:\/\/www.polzela.com\/si\/wp-json\/wp\/v2\/media\/38151"}],"wp:attachment":[{"href":"https:\/\/www.polzela.com\/si\/wp-json\/wp\/v2\/media?parent=37686"}],"wp:term":[{"taxonomy":"product_cat","embeddable":true,"href":"https:\/\/www.polzela.com\/si\/wp-json\/wp\/v2\/product_cat?post=37686"},{"taxonomy":"product_tag","embeddable":true,"href":"https:\/\/www.polzela.com\/si\/wp-json\/wp\/v2\/product_tag?post=37686"}],"curies":[{"name":"wp","href":"https:\/\/api.w.org\/{rel}","templated":true}]}}