{"id":3689,"date":"2023-06-16T09:43:12","date_gmt":"2023-06-16T07:43:12","guid":{"rendered":"https:\/\/www.polzela.com\/si\/izdelek\/comfort-compression-40den-5232\/"},"modified":"2026-04-20T19:54:58","modified_gmt":"2026-04-20T17:54:58","slug":"comfort-compression-40den-5232","status":"publish","type":"product","link":"https:\/\/www.polzela.com\/si\/product\/comfort-compression-40den-5232\/","title":{"rendered":"Preventivne kompresijske dokolenke 40den (5232)"},"content":{"rendered":"<h2><strong>POLZELA Comfort- Light Compression 40den<br \/>\n<\/strong><\/h2>\n<ul>\n<li>Fine prosojne dokolenke so mat videza.<\/li>\n<li>Imajo specialno pleten podplat, ki nudi masa\u017eni u\u010dinek in udobje med no\u0161enjem.<\/li>\n<li>S pomo\u010djo blage kompresije noge delujejo po celotni dol\u017eini preventivno, blagodejno in stimulativno na o\u017eilje ter pospe\u0161uje prekrvavitev.<\/li>\n<li>Dokolenke imajo udoben zaklju\u010dni rob, ki ne stiska in se lahko nosi z zavihkom ali brez \u2013 odvisno od \u017eelje uporabnice.<\/li>\n<li>Dokolenke so obdelane s srebrnimi ioni, ki delujejo antibakterijsko in antistati\u010dno (Preventiva pred nastankom glivic in neprijetnega vonja).<\/li>\n<\/ul>\n<p><strong>Linija Comfort <\/strong><\/p>\n<p>Linija visoko kakovostnih izdelkov, ki so pleteni iz naravnih ko\u017ei prijaznih materialov. Za popolno udobje in za\u0161\u010dito va\u0161ih nog. Omilite te\u017eave s kr\u010dnimi \u017eilami, celulitom in ujemite sve\u017e poletni ten na va\u0161ih nogah. Posebne kombinacije razli\u010dnih materialov hla\u010dnih nogavic in dokolenk\u00a0 varujejo va\u0161e noge in\u00a0 jim nudijo dodatno za\u0161\u010dito skupaj z lepim videzom. Negujte svoje noge in jim privo\u0161\u010dite le najbolj\u0161e, energijo in eleganco skozi ves dan z nogavicami Comfort, ki imajo specialno pleten podplat, ki nudi masa\u017eni u\u010dinek in udobje med no\u0161enjem.<\/p>\n<p>Vsi uporabljeni materiali so zdravju in ko\u017ei prijazni. Oznaka EKO-TEX 100 kon\u010dnim uporabnikom predstavlja dodatne prednosti preverjene varnosti na ko\u017ei. Izdelki Polzela so okolju prijazni izdelki.<\/p>\n","protected":false},"excerpt":{"rendered":"<p><strong>Opis izdelka:<\/strong><\/p>\n<p class=\"p1\">Modne preventivne dokolenke z rahlo stopnjevano kompresijo, pospe\u0161ujejo krvni obtok in zagotavljajo energijo in eleganco za dolg dan. Udoben dvojni rob pod katerim je z borduro vpletena lastovka.<\/p>\n<p class=\"p1\"><strong>Sestava:<\/strong><br \/>\n87% Poliamid, 13% Elastan<\/p>\n<h2><strong>POLZELA Comfort- Light Compression 40den<br \/>\n<\/strong><\/h2>\n<ul>\n<li>Fine prosojne dokolenke so mat videza.<\/li>\n<li>Imajo specialno pleten podplat, ki nudi masa\u017eni u\u010dinek in udobje med no\u0161enjem.<\/li>\n<li>S pomo\u010djo blage kompresije noge delujejo po celotni dol\u017eini preventivno, blagodejno in stimulativno na o\u017eilje ter pospe\u0161uje prekrvavitev.<\/li>\n<li>Dokolenke imajo udoben zaklju\u010dni rob, ki ne stiska in se lahko nosi z zavihkom ali brez \u2013 odvisno od \u017eelje uporabnice.<\/li>\n<li>Dokolenke so obdelane s srebrnimi ioni, ki delujejo antibakterijsko in antistati\u010dno (Preventiva pred nastankom glivic in neprijetnega vonja).<\/li>\n<\/ul>\n[caption id=\"attachment_2343\" align=\"alignleft\" width=\"70\"]<img loading=\"lazy\" decoding=\"async\" class=\"wp-image-2343\" src=\"https:\/\/www.polzela.com\/si\/wp-content\/uploads\/sites\/2\/2016\/09\/COMFORT_noga-300x300.png\" alt=\"Udoben rob\" width=\"70\" height=\"70\" srcset=\"https:\/\/www.polzela.com\/si\/wp-content\/uploads\/sites\/2\/2016\/09\/COMFORT_noga-300x300.png 300w, https:\/\/www.polzela.com\/si\/wp-content\/uploads\/sites\/2\/2016\/09\/COMFORT_noga-150x150.png 150w, https:\/\/www.polzela.com\/si\/wp-content\/uploads\/sites\/2\/2016\/09\/COMFORT_noga-90x90.png 90w, https:\/\/www.polzela.com\/si\/wp-content\/uploads\/sites\/2\/2016\/09\/COMFORT_noga.png 700w\" sizes=\"auto, (max-width: 70px) 100vw, 70px\" \/> Udoben rob[\/caption]\n[caption id=\"attachment_2325\" align=\"alignleft\" width=\"70\"]<img loading=\"lazy\" decoding=\"async\" class=\"wp-image-2325\" src=\"https:\/\/www.polzela.com\/si\/wp-content\/uploads\/sites\/2\/2016\/09\/COMPRESION_LRG-300x300.png\" alt=\"Kompresija\" width=\"70\" height=\"70\" srcset=\"https:\/\/www.polzela.com\/si\/wp-content\/uploads\/sites\/2\/2016\/09\/COMPRESION_LRG-300x300.png 300w, https:\/\/www.polzela.com\/si\/wp-content\/uploads\/sites\/2\/2016\/09\/COMPRESION_LRG-150x150.png 150w, https:\/\/www.polzela.com\/si\/wp-content\/uploads\/sites\/2\/2016\/09\/COMPRESION_LRG-90x90.png 90w, https:\/\/www.polzela.com\/si\/wp-content\/uploads\/sites\/2\/2016\/09\/COMPRESION_LRG.png 700w\" sizes=\"auto, (max-width: 70px) 100vw, 70px\" \/> Kompresija[\/caption]\n<p>&nbsp;<\/p>\n<p>&nbsp;<\/p>\n<p>&nbsp;<\/p>\n<p>&nbsp;<\/p>\n<p>&nbsp;<\/p>\n<p>&nbsp;<\/p>\n","protected":false},"featured_media":47774,"comment_status":"open","ping_status":"closed","template":"","meta":{"om_disable_all_campaigns":false,"_monsterinsights_skip_tracking":false,"_monsterinsights_sitenote_active":false,"_monsterinsights_sitenote_note":"","_monsterinsights_sitenote_category":0},"product_cat":[42,373],"product_tag":[748,493,857],"class_list":["post-3689","product","type-product","status-publish","has-post-thumbnail","hentry","product_cat-zenske","product_cat-zenske-nogavice","product_tag-dokolenke","product_tag-massage-effekt","product_tag-polzela"],"bundled_by":[],"bundle_stock_status":"instock","bundle_stock_quantity":null,"bundle_virtual":false,"bundle_layout":"","bundle_add_to_cart_form_location":"","bundle_editable_in_cart":false,"bundle_sold_individually_context":"","bundle_item_grouping":"","bundle_min_size":"","bundle_max_size":"","bundled_items":[],"bundle_sell_ids":[],"aioseo_notices":[],"_links":{"self":[{"href":"https:\/\/www.polzela.com\/si\/wp-json\/wp\/v2\/product\/3689","targetHints":{"allow":["GET"]}}],"collection":[{"href":"https:\/\/www.polzela.com\/si\/wp-json\/wp\/v2\/product"}],"about":[{"href":"https:\/\/www.polzela.com\/si\/wp-json\/wp\/v2\/types\/product"}],"replies":[{"embeddable":true,"href":"https:\/\/www.polzela.com\/si\/wp-json\/wp\/v2\/comments?post=3689"}],"wp:featuredmedia":[{"embeddable":true,"href":"https:\/\/www.polzela.com\/si\/wp-json\/wp\/v2\/media\/47774"}],"wp:attachment":[{"href":"https:\/\/www.polzela.com\/si\/wp-json\/wp\/v2\/media?parent=3689"}],"wp:term":[{"taxonomy":"product_cat","embeddable":true,"href":"https:\/\/www.polzela.com\/si\/wp-json\/wp\/v2\/product_cat?post=3689"},{"taxonomy":"product_tag","embeddable":true,"href":"https:\/\/www.polzela.com\/si\/wp-json\/wp\/v2\/product_tag?post=3689"}],"curies":[{"name":"wp","href":"https:\/\/api.w.org\/{rel}","templated":true}]}}