{"id":36849,"date":"2023-11-11T12:36:49","date_gmt":"2023-11-11T11:36:49","guid":{"rendered":"https:\/\/www.polzela.com\/si\/?post_type=product&#038;p=36849"},"modified":"2026-01-17T17:08:59","modified_gmt":"2026-01-17T16:08:59","slug":"anita-bralette-nedrcek-essential-lace-art-5400","status":"publish","type":"product","link":"https:\/\/www.polzela.com\/si\/product\/anita-bralette-nedrcek-essential-lace-art-5400\/","title":{"rendered":"Anita bralette nedr\u010dek Essential Lace art.5400"},"content":{"rendered":"","protected":false},"excerpt":{"rendered":"<p><strong>Opis izdelka<\/strong><\/p>\n<p>Top- modr\u010dek je izredno udoben, mehek, brez kosti, z udobnimi- \u0161ir\u0161imi naramnicami (po dol\u017eini niso nastavljive), ki so na hrbtu izdelane \u0161ir\u0161e tako kot obseg, ki se zapenja na tri sponke, vsi robovi so brez\u0161ivni- invisible tako, da se nikjer ne zare\u017ee. Okra\u0161en je s tanko \u010dipko. Ko\u0161arica ima \u017eepke, ki imajo vstavljeno podlogo in jo lahko odstranite.<\/p>\n<p>Velikosti: S, M, L, XL.<br \/>\n<strong>Sestava:<\/strong> 61% poliamid, 39% elastan<\/p>\n<p>Dopolnite videz z udobnimi in brez\u0161ivnimi spodnjimi hla\u010dkami.<\/p>\n<p><strong><img loading=\"lazy\" decoding=\"async\" class=\"alignnone wp-image-36857 size-large\" src=\"https:\/\/www.polzela.com\/si\/wp-content\/uploads\/sites\/2\/2023\/11\/IMG_1264-768x1024.jpeg\" alt=\"\" width=\"640\" height=\"853\" srcset=\"https:\/\/www.polzela.com\/si\/wp-content\/uploads\/sites\/2\/2023\/11\/IMG_1264-768x1024.jpeg 768w, https:\/\/www.polzela.com\/si\/wp-content\/uploads\/sites\/2\/2023\/11\/IMG_1264-225x300.jpeg 225w, https:\/\/www.polzela.com\/si\/wp-content\/uploads\/sites\/2\/2023\/11\/IMG_1264-1152x1536.jpeg 1152w, https:\/\/www.polzela.com\/si\/wp-content\/uploads\/sites\/2\/2023\/11\/IMG_1264-1536x2048.jpeg 1536w, https:\/\/www.polzela.com\/si\/wp-content\/uploads\/sites\/2\/2023\/11\/IMG_1264-570x760.jpeg 570w, https:\/\/www.polzela.com\/si\/wp-content\/uploads\/sites\/2\/2023\/11\/IMG_1264-scaled.jpeg 1920w\" sizes=\"auto, (max-width: 640px) 100vw, 640px\" \/><\/strong><\/p>\n<p><strong>\u010ce artikla ni na zalogi v trgovini, je dobavni rok 14 dni.<\/strong><\/p>\n<p>&nbsp;<\/p>\n","protected":false},"featured_media":36856,"comment_status":"open","ping_status":"closed","template":"","meta":{"om_disable_all_campaigns":false,"_monsterinsights_skip_tracking":false,"_monsterinsights_sitenote_active":false,"_monsterinsights_sitenote_note":"","_monsterinsights_sitenote_category":0},"product_cat":[42,512],"product_tag":[987,670],"class_list":["post-36849","product","type-product","status-publish","has-post-thumbnail","hentry","product_cat-zenske","product_cat-spodnje-perilo-zenske","product_tag-anita","product_tag-nedrcek"],"bundled_by":[],"bundle_stock_status":"instock","bundle_stock_quantity":null,"bundle_virtual":false,"bundle_layout":"","bundle_add_to_cart_form_location":"","bundle_editable_in_cart":false,"bundle_sold_individually_context":"","bundle_item_grouping":"","bundle_min_size":"","bundle_max_size":"","bundled_items":[],"bundle_sell_ids":[],"aioseo_notices":[],"_links":{"self":[{"href":"https:\/\/www.polzela.com\/si\/wp-json\/wp\/v2\/product\/36849","targetHints":{"allow":["GET"]}}],"collection":[{"href":"https:\/\/www.polzela.com\/si\/wp-json\/wp\/v2\/product"}],"about":[{"href":"https:\/\/www.polzela.com\/si\/wp-json\/wp\/v2\/types\/product"}],"replies":[{"embeddable":true,"href":"https:\/\/www.polzela.com\/si\/wp-json\/wp\/v2\/comments?post=36849"}],"wp:featuredmedia":[{"embeddable":true,"href":"https:\/\/www.polzela.com\/si\/wp-json\/wp\/v2\/media\/36856"}],"wp:attachment":[{"href":"https:\/\/www.polzela.com\/si\/wp-json\/wp\/v2\/media?parent=36849"}],"wp:term":[{"taxonomy":"product_cat","embeddable":true,"href":"https:\/\/www.polzela.com\/si\/wp-json\/wp\/v2\/product_cat?post=36849"},{"taxonomy":"product_tag","embeddable":true,"href":"https:\/\/www.polzela.com\/si\/wp-json\/wp\/v2\/product_tag?post=36849"}],"curies":[{"name":"wp","href":"https:\/\/api.w.org\/{rel}","templated":true}]}}