{"id":36799,"date":"2023-11-10T18:07:22","date_gmt":"2023-11-10T17:07:22","guid":{"rendered":"https:\/\/www.polzela.com\/si\/?post_type=product&#038;p=36799"},"modified":"2025-11-27T23:00:32","modified_gmt":"2025-11-27T22:00:32","slug":"delovna-svetilka-caterpillar-focusing-tactical-light-ct2500-300lm-0-2kg","status":"publish","type":"product","link":"https:\/\/www.polzela.com\/si\/product\/delovna-svetilka-caterpillar-focusing-tactical-light-ct2500-300lm-0-2kg\/","title":{"rendered":"Delovna svetilka Caterpillar Focusing Tactical Light CT2500, 300lm, 0.2kg"},"content":{"rendered":"","protected":false},"excerpt":{"rendered":"<h2><strong>Delovna svetilka Caterpillar Focusing Tactical Light CT2500<\/strong><\/h2>\n<p>&nbsp;<\/p>\n<p><strong>Opis izdelka:<\/strong><\/p>\n<p>-Je zelo mo\u010dna svetilka, njena svetloba se\u017ee namre\u010d kar\u00a0do 100\u00a0m dale\u010d<\/p>\n<p>-Ima funkcijo\u00a0prilagajanja svetlobe\u00a0v\u00a0dveh stopnjah, minimalna je 150, maksimalna pa 300\u00a0lumnov<\/p>\n<p>-Neprekinjeno jo napolnjeno lahko uporabljate\u00a0do 8\u00a0ur, deluje na 3\u00a0baterije tipa AA, ki so svetilki tudi\u00a0prilo\u017eene<\/p>\n<p>-Ohi\u0161je svetilke je iz\u00a0aluminija<\/p>\n<p>&nbsp;<\/p>\n<p><strong>Tehni\u010dni podatki:<\/strong><\/p>\n<p>-Svetilnost: 300 lumnov<br \/>\n-Baterija: 3x AA (prilo\u017eene)<br \/>\n-Polnenje: NE<br \/>\n-Vir svetlobe: High-Power LED<br \/>\n-Vodoodpornost: DA<br \/>\n-\u010cas delovanja: do 8 h<br \/>\n-Te\u017ea: 0,2 kg<\/p>\n<p>&nbsp;<\/p>\n<p>&nbsp;<\/p>\n","protected":false},"featured_media":36801,"comment_status":"open","ping_status":"closed","template":"","meta":{"om_disable_all_campaigns":false,"_monsterinsights_skip_tracking":false,"_monsterinsights_sitenote_active":false,"_monsterinsights_sitenote_note":"","_monsterinsights_sitenote_category":0},"product_cat":[1046,977],"product_tag":[560,1018],"class_list":["post-36799","product","type-product","status-publish","has-post-thumbnail","hentry","product_cat-delovne-luci-cat","product_cat-cat-oblacila","product_tag-cat","product_tag-workwear"],"bundled_by":[],"bundle_stock_status":"instock","bundle_stock_quantity":null,"bundle_virtual":false,"bundle_layout":"","bundle_add_to_cart_form_location":"","bundle_editable_in_cart":false,"bundle_sold_individually_context":"","bundle_item_grouping":"","bundle_min_size":"","bundle_max_size":"","bundled_items":[],"bundle_sell_ids":[],"aioseo_notices":[],"_links":{"self":[{"href":"https:\/\/www.polzela.com\/si\/wp-json\/wp\/v2\/product\/36799","targetHints":{"allow":["GET"]}}],"collection":[{"href":"https:\/\/www.polzela.com\/si\/wp-json\/wp\/v2\/product"}],"about":[{"href":"https:\/\/www.polzela.com\/si\/wp-json\/wp\/v2\/types\/product"}],"replies":[{"embeddable":true,"href":"https:\/\/www.polzela.com\/si\/wp-json\/wp\/v2\/comments?post=36799"}],"wp:featuredmedia":[{"embeddable":true,"href":"https:\/\/www.polzela.com\/si\/wp-json\/wp\/v2\/media\/36801"}],"wp:attachment":[{"href":"https:\/\/www.polzela.com\/si\/wp-json\/wp\/v2\/media?parent=36799"}],"wp:term":[{"taxonomy":"product_cat","embeddable":true,"href":"https:\/\/www.polzela.com\/si\/wp-json\/wp\/v2\/product_cat?post=36799"},{"taxonomy":"product_tag","embeddable":true,"href":"https:\/\/www.polzela.com\/si\/wp-json\/wp\/v2\/product_tag?post=36799"}],"curies":[{"name":"wp","href":"https:\/\/api.w.org\/{rel}","templated":true}]}}