{"id":36792,"date":"2023-11-10T17:45:27","date_gmt":"2023-11-10T16:45:27","guid":{"rendered":"https:\/\/www.polzela.com\/si\/?post_type=product&#038;p=36792"},"modified":"2025-11-20T09:42:13","modified_gmt":"2025-11-20T08:42:13","slug":"cat-mini-polnilna-svetilka-100-200-lm-usb","status":"publish","type":"product","link":"https:\/\/www.polzela.com\/si\/product\/cat-mini-polnilna-svetilka-100-200-lm-usb\/","title":{"rendered":"CAT Mini polnilna svetilka 100 \/ 200 lm, usb"},"content":{"rendered":"","protected":false},"excerpt":{"rendered":"<p><strong>Opis:<\/strong><br \/>\nSvetloba, kjer jo potrebuje\u0161, ko jo rabi\u0161. Napajalna mikro lu\u010dka <strong>CT6525<\/strong> je polna uporabnih funkcij. Ta lu\u010d se pona\u0161a z\u00a0200\u00a0lumnov na visoki in 100\u00a0lumnov na nizki ravni, kar zasen\u010di svojo kompaktno velikost.<\/p>\n<p>Robustna magnetna podlaga in vdolbine zlo\u017eljive kljuke zagotavljajo neomejeno vsestransko uporabnost. S\u00a0polnilno litij-ionsko polimerno baterijo in vgrajenim USB polnilnim kablom, pritrjenim v\u00a0priro\u010den vdolben utor, bo Micro Utility Light zagotovil pribli\u017eno do max. 6\u00a0ur delovanja na visoki in do max. 14\u00a0ur na\u00a0nizki.<\/p>\n<p><strong>Tehni\u010dni podatki:<\/strong><br \/>\nMagnetna podlaga<br \/>\nZa\u0161\u010ditena vrata za polnjenje USB<br \/>\nVklju\u010den kabel USB<br \/>\n3-polo\u017eajno stikalo<br \/>\nKazalnik stanja baterije<\/p>\n<p><strong>Specifikacije:<\/strong><br \/>\n15\u00a0metrov razdalje\u00a0\u2013 snopa<br \/>\n\u010cas delovanja: do max. 6\u00a0ur<br \/>\nOdporen na vodo in udarce<br \/>\n4,5\u00a0V\u00a0x 2,25\u00a0\u0160 x 2,25\u00a0D<\/p>\n","protected":false},"featured_media":36794,"comment_status":"open","ping_status":"closed","template":"","meta":{"om_disable_all_campaigns":false,"_monsterinsights_skip_tracking":false,"_monsterinsights_sitenote_active":false,"_monsterinsights_sitenote_note":"","_monsterinsights_sitenote_category":0},"product_cat":[1046,977],"product_tag":[560,1018],"class_list":["post-36792","product","type-product","status-publish","has-post-thumbnail","hentry","product_cat-delovne-luci-cat","product_cat-cat-oblacila","product_tag-cat","product_tag-workwear"],"bundled_by":[],"bundle_stock_status":"instock","bundle_stock_quantity":null,"bundle_virtual":false,"bundle_layout":"","bundle_add_to_cart_form_location":"","bundle_editable_in_cart":false,"bundle_sold_individually_context":"","bundle_item_grouping":"","bundle_min_size":"","bundle_max_size":"","bundled_items":[],"bundle_sell_ids":[],"aioseo_notices":[],"_links":{"self":[{"href":"https:\/\/www.polzela.com\/si\/wp-json\/wp\/v2\/product\/36792","targetHints":{"allow":["GET"]}}],"collection":[{"href":"https:\/\/www.polzela.com\/si\/wp-json\/wp\/v2\/product"}],"about":[{"href":"https:\/\/www.polzela.com\/si\/wp-json\/wp\/v2\/types\/product"}],"replies":[{"embeddable":true,"href":"https:\/\/www.polzela.com\/si\/wp-json\/wp\/v2\/comments?post=36792"}],"wp:featuredmedia":[{"embeddable":true,"href":"https:\/\/www.polzela.com\/si\/wp-json\/wp\/v2\/media\/36794"}],"wp:attachment":[{"href":"https:\/\/www.polzela.com\/si\/wp-json\/wp\/v2\/media?parent=36792"}],"wp:term":[{"taxonomy":"product_cat","embeddable":true,"href":"https:\/\/www.polzela.com\/si\/wp-json\/wp\/v2\/product_cat?post=36792"},{"taxonomy":"product_tag","embeddable":true,"href":"https:\/\/www.polzela.com\/si\/wp-json\/wp\/v2\/product_tag?post=36792"}],"curies":[{"name":"wp","href":"https:\/\/api.w.org\/{rel}","templated":true}]}}