{"id":36567,"date":"2023-11-06T14:54:18","date_gmt":"2023-11-06T13:54:18","guid":{"rendered":"https:\/\/www.polzela.com\/si\/?post_type=product&#038;p=36567"},"modified":"2025-11-17T21:27:27","modified_gmt":"2025-11-17T20:27:27","slug":"anita-hlacke-slip-art-1782","status":"publish","type":"product","link":"https:\/\/www.polzela.com\/si\/product\/anita-hlacke-slip-art-1782\/","title":{"rendered":"Anita hla\u010dke slip art.1782"},"content":{"rendered":"","protected":false},"excerpt":{"rendered":"<p><strong>Opis izdelka<\/strong><\/p>\n<p class=\"tw-data-text tw-text-large tw-ta\" dir=\"ltr\" data-placeholder=\"Prevod\" data-ved=\"2ahUKEwic7eS9xa-CAxUym_0HHaLkAEgQ3ewLegQIBhAQ\"><span class=\"Y2IQFc\" lang=\"sl\">Obla\u010dila za oblikovanje za vsak dan! Bodyshaper hla\u010dke nimajo samo ne\u017enega u\u010dinka oblikovanja, temve\u010d zagotavljajo tudi posebno trdno oporo in izjemno udobno prileganje. <\/span><span class=\"Y2IQFc\" lang=\"sl\">Zadnjica je oblikovana brez vidnih \u0161ivov.<\/span><\/p>\n<p><strong>Sestava: <\/strong>70% poliamid, 30% poliester<\/p>\n<p>&nbsp;<\/p>\n<p><strong>\u010ce artikla ni na zalogi v trgovini, je dobavni rok 14 dni.<\/strong><\/p>\n<p>&nbsp;<\/p>\n","protected":false},"featured_media":36762,"comment_status":"open","ping_status":"closed","template":"","meta":{"om_disable_all_campaigns":false,"_monsterinsights_skip_tracking":false,"_monsterinsights_sitenote_active":false,"_monsterinsights_sitenote_note":"","_monsterinsights_sitenote_category":0},"product_cat":[42,512],"product_tag":[987,547],"class_list":["post-36567","product","type-product","status-publish","has-post-thumbnail","hentry","product_cat-zenske","product_cat-spodnje-perilo-zenske","product_tag-anita","product_tag-hlacke"],"bundled_by":[],"bundle_stock_status":"instock","bundle_stock_quantity":null,"bundle_virtual":false,"bundle_layout":"","bundle_add_to_cart_form_location":"","bundle_editable_in_cart":false,"bundle_sold_individually_context":"","bundle_item_grouping":"","bundle_min_size":"","bundle_max_size":"","bundled_items":[],"bundle_sell_ids":[],"aioseo_notices":[],"_links":{"self":[{"href":"https:\/\/www.polzela.com\/si\/wp-json\/wp\/v2\/product\/36567","targetHints":{"allow":["GET"]}}],"collection":[{"href":"https:\/\/www.polzela.com\/si\/wp-json\/wp\/v2\/product"}],"about":[{"href":"https:\/\/www.polzela.com\/si\/wp-json\/wp\/v2\/types\/product"}],"replies":[{"embeddable":true,"href":"https:\/\/www.polzela.com\/si\/wp-json\/wp\/v2\/comments?post=36567"}],"wp:featuredmedia":[{"embeddable":true,"href":"https:\/\/www.polzela.com\/si\/wp-json\/wp\/v2\/media\/36762"}],"wp:attachment":[{"href":"https:\/\/www.polzela.com\/si\/wp-json\/wp\/v2\/media?parent=36567"}],"wp:term":[{"taxonomy":"product_cat","embeddable":true,"href":"https:\/\/www.polzela.com\/si\/wp-json\/wp\/v2\/product_cat?post=36567"},{"taxonomy":"product_tag","embeddable":true,"href":"https:\/\/www.polzela.com\/si\/wp-json\/wp\/v2\/product_tag?post=36567"}],"curies":[{"name":"wp","href":"https:\/\/api.w.org\/{rel}","templated":true}]}}