{"id":36504,"date":"2023-11-01T14:37:31","date_gmt":"2023-11-01T13:37:31","guid":{"rendered":"https:\/\/www.polzela.com\/si\/?post_type=product&#038;p=36504"},"modified":"2026-02-11T17:49:24","modified_gmt":"2026-02-11T16:49:24","slug":"novo-jadea-majica-z-dolgimi-rokavi-art-4464","status":"publish","type":"product","link":"https:\/\/www.polzela.com\/si\/product\/novo-jadea-majica-z-dolgimi-rokavi-art-4464\/","title":{"rendered":"Novo! Jadea majica z dolgimi rokavi art.4464"},"content":{"rendered":"","protected":false},"excerpt":{"rendered":"<p><strong>Opis izdelka<\/strong><\/p>\n<p>Jadea majica z dolgimi rokavi iz mehkega raztegljivega bomba\u017ea z dodatkom \u010dipke.<\/p>\n<p><strong>Sestava: <\/strong>67% bomba\u017e, 26% poliamid, 7% elastan.<\/p>\n<p><img loading=\"lazy\" decoding=\"async\" class=\"alignnone size-medium wp-image-10440\" src=\"https:\/\/www.polzela.com\/si\/wp-content\/uploads\/sites\/2\/2020\/11\/Jadea-logo-300x214.jpg\" alt=\"\" width=\"300\" height=\"214\" srcset=\"https:\/\/www.polzela.com\/si\/wp-content\/uploads\/sites\/2\/2020\/11\/Jadea-logo-300x214.jpg 300w, https:\/\/www.polzela.com\/si\/wp-content\/uploads\/sites\/2\/2020\/11\/Jadea-logo-1024x731.jpg 1024w, https:\/\/www.polzela.com\/si\/wp-content\/uploads\/sites\/2\/2020\/11\/Jadea-logo-768x549.jpg 768w, https:\/\/www.polzela.com\/si\/wp-content\/uploads\/sites\/2\/2020\/11\/Jadea-logo-1536x1097.jpg 1536w, https:\/\/www.polzela.com\/si\/wp-content\/uploads\/sites\/2\/2020\/11\/Jadea-logo-2048x1463.jpg 2048w, https:\/\/www.polzela.com\/si\/wp-content\/uploads\/sites\/2\/2020\/11\/Jadea-logo-570x407.jpg 570w\" sizes=\"auto, (max-width: 300px) 100vw, 300px\" \/><\/p>\n<p><strong>Jadea<\/strong>, znamka \u017eenskega spodnjega perila, ki jo je ustvarila Intimo Art\u00f9.<br \/>\nObla\u010dila z zelo osebnim stilom, vedno inovativna in kakovostna.<br \/>\nJadea, ki zdru\u017euje oseben in vedno inovativen slog, predstavlja resni\u010dno idejo intimnih obla\u010dil za vse starosti: od linije &#8220;moda za mlade&#8221; do bolj klasi\u010dnih.<\/p>\n","protected":false},"featured_media":61274,"comment_status":"open","ping_status":"closed","template":"","meta":{"om_disable_all_campaigns":false,"_monsterinsights_skip_tracking":false,"_monsterinsights_sitenote_active":false,"_monsterinsights_sitenote_note":"","_monsterinsights_sitenote_category":0},"product_cat":[779,42],"product_tag":[552,553],"class_list":["post-36504","product","type-product","status-publish","has-post-thumbnail","hentry","product_cat-majice","product_cat-zenske","product_tag-jadea","product_tag-majica"],"bundled_by":[],"bundle_stock_status":"instock","bundle_stock_quantity":null,"bundle_virtual":false,"bundle_layout":"","bundle_add_to_cart_form_location":"","bundle_editable_in_cart":false,"bundle_sold_individually_context":"","bundle_item_grouping":"","bundle_min_size":"","bundle_max_size":"","bundled_items":[],"bundle_sell_ids":[],"aioseo_notices":[],"_links":{"self":[{"href":"https:\/\/www.polzela.com\/si\/wp-json\/wp\/v2\/product\/36504","targetHints":{"allow":["GET"]}}],"collection":[{"href":"https:\/\/www.polzela.com\/si\/wp-json\/wp\/v2\/product"}],"about":[{"href":"https:\/\/www.polzela.com\/si\/wp-json\/wp\/v2\/types\/product"}],"replies":[{"embeddable":true,"href":"https:\/\/www.polzela.com\/si\/wp-json\/wp\/v2\/comments?post=36504"}],"wp:featuredmedia":[{"embeddable":true,"href":"https:\/\/www.polzela.com\/si\/wp-json\/wp\/v2\/media\/61274"}],"wp:attachment":[{"href":"https:\/\/www.polzela.com\/si\/wp-json\/wp\/v2\/media?parent=36504"}],"wp:term":[{"taxonomy":"product_cat","embeddable":true,"href":"https:\/\/www.polzela.com\/si\/wp-json\/wp\/v2\/product_cat?post=36504"},{"taxonomy":"product_tag","embeddable":true,"href":"https:\/\/www.polzela.com\/si\/wp-json\/wp\/v2\/product_tag?post=36504"}],"curies":[{"name":"wp","href":"https:\/\/api.w.org\/{rel}","templated":true}]}}