{"id":36200,"date":"2023-10-13T11:40:52","date_gmt":"2023-10-13T09:40:52","guid":{"rendered":"https:\/\/www.polzela.com\/si\/?post_type=product&#038;p=36200"},"modified":"2026-01-06T11:01:10","modified_gmt":"2026-01-06T10:01:10","slug":"bellissima-zenske-hlacke-z-visokim-pasom-art-159-nude","status":"publish","type":"product","link":"https:\/\/www.polzela.com\/si\/product\/bellissima-zenske-hlacke-z-visokim-pasom-art-159-nude\/","title":{"rendered":"BELLISSIMA \u017eenske hla\u010dke z visokim pasom art.159"},"content":{"rendered":"","protected":false},"excerpt":{"rendered":"<p><strong>Opis izdelka<\/strong><\/p>\n<p>BELLISSIMA hla\u010dke z visokim pasom iz mikrovlaken, z bomba\u017enim v\u0161itkom in rebrastim vzorcem.<span class=\"Apple-converted-space\">\u00a0<\/span><\/p>\n<p><strong>Sestava:<\/strong> 89% poliamid, 9% elastan, 2% bomba\u017e<\/p>\n<p>&nbsp;<\/p>\n","protected":false},"featured_media":36002,"comment_status":"open","ping_status":"closed","template":"","meta":{"om_disable_all_campaigns":false,"_monsterinsights_skip_tracking":false,"_monsterinsights_sitenote_active":false,"_monsterinsights_sitenote_note":"","_monsterinsights_sitenote_category":0},"product_cat":[512],"product_tag":[525],"class_list":["post-36200","product","type-product","status-publish","has-post-thumbnail","hentry","product_cat-spodnje-perilo-zenske","product_tag-perilo-bellissima"],"bundled_by":[],"bundle_stock_status":"instock","bundle_stock_quantity":null,"bundle_virtual":false,"bundle_layout":"","bundle_add_to_cart_form_location":"","bundle_editable_in_cart":false,"bundle_sold_individually_context":"","bundle_item_grouping":"","bundle_min_size":"","bundle_max_size":"","bundled_items":[],"bundle_sell_ids":[],"aioseo_notices":[],"_links":{"self":[{"href":"https:\/\/www.polzela.com\/si\/wp-json\/wp\/v2\/product\/36200","targetHints":{"allow":["GET"]}}],"collection":[{"href":"https:\/\/www.polzela.com\/si\/wp-json\/wp\/v2\/product"}],"about":[{"href":"https:\/\/www.polzela.com\/si\/wp-json\/wp\/v2\/types\/product"}],"replies":[{"embeddable":true,"href":"https:\/\/www.polzela.com\/si\/wp-json\/wp\/v2\/comments?post=36200"}],"wp:featuredmedia":[{"embeddable":true,"href":"https:\/\/www.polzela.com\/si\/wp-json\/wp\/v2\/media\/36002"}],"wp:attachment":[{"href":"https:\/\/www.polzela.com\/si\/wp-json\/wp\/v2\/media?parent=36200"}],"wp:term":[{"taxonomy":"product_cat","embeddable":true,"href":"https:\/\/www.polzela.com\/si\/wp-json\/wp\/v2\/product_cat?post=36200"},{"taxonomy":"product_tag","embeddable":true,"href":"https:\/\/www.polzela.com\/si\/wp-json\/wp\/v2\/product_tag?post=36200"}],"curies":[{"name":"wp","href":"https:\/\/api.w.org\/{rel}","templated":true}]}}