{"id":36074,"date":"2023-10-11T16:34:31","date_gmt":"2023-10-11T14:34:31","guid":{"rendered":"https:\/\/www.polzela.com\/si\/?post_type=product&#038;p=36074"},"modified":"2025-11-18T18:55:51","modified_gmt":"2025-11-18T17:55:51","slug":"cat-moska-delovna-obutev-byway-s1-p-hro-src","status":"publish","type":"product","link":"https:\/\/www.polzela.com\/si\/product\/cat-moska-delovna-obutev-byway-s1-p-hro-src\/","title":{"rendered":"CAT mo\u0161ka delovna obutev Byway S1 P HRO SRC"},"content":{"rendered":"","protected":false},"excerpt":{"rendered":"<p><strong>Opis izdelka<\/strong><\/p>\n<p id=\"tw-target-text\" class=\"tw-data-text tw-text-large tw-ta\" dir=\"ltr\" data-placeholder=\"Prevod\" data-ved=\"2ahUKEwiEyOaTxt6BAxUIGuwKHTmaDpEQ3ewLegQIBxAQ\">S prednostmi delovnega \u0161kornja, a videzom in ob\u010dutkom superg, je \u010develj Byway popoln spremljevalec za tiste, ki delajo na podro\u010dju varnosti, skladi\u0161\u010d, transporta, letali\u0161\u010d in pogodbenih delavcev. Byway je prilagodljiv a robusten \u010develj s tehnologijo ERGO Lite, ki je navdihnjen s \u0161portom in zasnovan za delo. Spodnji del \u010devlja je oblikovan tako, da se prilega stopalu, zra\u010den mre\u017east zgornji del in vmesni podplat, ki bla\u017ei udarce. Zagotavlja lahko za\u0161\u010dito in vzdr\u017eljivost, Roadrace ima zunanji podplat odporen na vro\u010dino, prodor, gorivo in olje. Roadrace je opremljen tudi s tehnologijo izjemne odpornosti proti zdrsu, ki presega industrijske standarde.<\/p>\n","protected":false},"featured_media":36095,"comment_status":"open","ping_status":"closed","template":"","meta":{"om_disable_all_campaigns":false,"_monsterinsights_skip_tracking":false,"_monsterinsights_sitenote_active":false,"_monsterinsights_sitenote_note":"","_monsterinsights_sitenote_category":0},"product_cat":[761,1053,977],"product_tag":[560,1018],"class_list":["post-36074","product","type-product","status-publish","has-post-thumbnail","hentry","product_cat-cat-delovna-oblacila","product_cat-delovna-obutev","product_cat-cat-oblacila","product_tag-cat","product_tag-workwear"],"bundled_by":[],"bundle_stock_status":"instock","bundle_stock_quantity":null,"bundle_virtual":false,"bundle_layout":"","bundle_add_to_cart_form_location":"","bundle_editable_in_cart":false,"bundle_sold_individually_context":"","bundle_item_grouping":"","bundle_min_size":"","bundle_max_size":"","bundled_items":[],"bundle_sell_ids":[],"aioseo_notices":[],"_links":{"self":[{"href":"https:\/\/www.polzela.com\/si\/wp-json\/wp\/v2\/product\/36074","targetHints":{"allow":["GET"]}}],"collection":[{"href":"https:\/\/www.polzela.com\/si\/wp-json\/wp\/v2\/product"}],"about":[{"href":"https:\/\/www.polzela.com\/si\/wp-json\/wp\/v2\/types\/product"}],"replies":[{"embeddable":true,"href":"https:\/\/www.polzela.com\/si\/wp-json\/wp\/v2\/comments?post=36074"}],"wp:featuredmedia":[{"embeddable":true,"href":"https:\/\/www.polzela.com\/si\/wp-json\/wp\/v2\/media\/36095"}],"wp:attachment":[{"href":"https:\/\/www.polzela.com\/si\/wp-json\/wp\/v2\/media?parent=36074"}],"wp:term":[{"taxonomy":"product_cat","embeddable":true,"href":"https:\/\/www.polzela.com\/si\/wp-json\/wp\/v2\/product_cat?post=36074"},{"taxonomy":"product_tag","embeddable":true,"href":"https:\/\/www.polzela.com\/si\/wp-json\/wp\/v2\/product_tag?post=36074"}],"curies":[{"name":"wp","href":"https:\/\/api.w.org\/{rel}","templated":true}]}}