{"id":35907,"date":"2023-10-05T11:26:19","date_gmt":"2023-10-05T09:26:19","guid":{"rendered":"https:\/\/www.polzela.com\/si\/?post_type=product&#038;p=35907"},"modified":"2025-11-19T22:48:57","modified_gmt":"2025-11-19T21:48:57","slug":"cat-h2o-defender-moske-vodoodporne-hlace-art-1810008","status":"publish","type":"product","link":"https:\/\/www.polzela.com\/si\/product\/cat-h2o-defender-moske-vodoodporne-hlace-art-1810008\/","title":{"rendered":"CAT H2O Defender mo\u0161ke vodoodporne hla\u010de art.1810008"},"content":{"rendered":"","protected":false},"excerpt":{"rendered":"<p><strong>Opis izdelka<\/strong><\/p>\n<p id=\"tw-target-text\" class=\"tw-data-text tw-text-large tw-ta\" dir=\"ltr\" data-placeholder=\"Prevod\">Novi standard hla\u010d za delovna obla\u010dila z revolucionarno vodoodporno raztegljivo tkanino. Vsestranske v vseh pogledih, vklju\u010dno z odstranljivimi \u017eepi. H2O Defender hla\u010de, odporne na de\u017e, nudijo oja\u010ditev, za\u0161\u010dito in uporabnost, potrebne za udobno delo v mokrem vremenu.<\/p>\n<ul>\n<li class=\"tw-data-text tw-text-large tw-ta\" dir=\"ltr\" data-placeholder=\"Prevod\">Vodoodporna raztegljiva tkanina<\/li>\n<li class=\"tw-data-text tw-text-large tw-ta\" dir=\"ltr\" data-placeholder=\"Prevod\">Plo\u0161\u010de za kolena, oja\u010dane s Corduro, ki podalj\u0161ajo \u017eivljenjsko dobo hla\u010d<\/li>\n<li class=\"tw-data-text tw-text-large tw-ta\" dir=\"ltr\" data-placeholder=\"Prevod\">Kontrastni notranji pas z oprijemalnim trakom, da srajce in hla\u010de ostanejo na mestu<\/li>\n<li class=\"tw-data-text tw-text-large tw-ta\" dir=\"ltr\" data-placeholder=\"Prevod\">Izjemno \u0161iroka sredinska zanka za pas, da ostane pas na mestu<\/li>\n<li class=\"tw-data-text tw-text-large tw-ta\" dir=\"ltr\" data-placeholder=\"Prevod\">Odsevna obroba na sprednji in zadnji strani kolen<\/li>\n<li class=\"tw-data-text tw-text-large tw-ta\" dir=\"ltr\" data-placeholder=\"Prevod\">Tovorni \u017eep z mehom z varnim zapiranjem z zavihkom in ve\u010dplastnimi ve\u010dnamenskimi \u017eepi<\/li>\n<li class=\"tw-data-text tw-text-large tw-ta\" dir=\"ltr\" data-placeholder=\"Prevod\">Sprednji po\u0161evni \u017eepi s kovinsko zakovico z logotipom<\/li>\n<li class=\"tw-data-text tw-text-large tw-ta\" dir=\"ltr\" data-placeholder=\"Prevod\">\u017dep za mobilni telefon na desnem stegnu z zapiranjem na kavelj in zanko<\/li>\n<li class=\"tw-data-text tw-text-large tw-ta\" dir=\"ltr\" data-placeholder=\"Prevod\">Zadnji desni \u017eep za orodje z \u017eepom za svin\u010dnik in kontrastnimi \u0161ivi<\/li>\n<\/ul>\n<p>&nbsp;<\/p>\n<ul>\n<li class=\"tw-data-text tw-text-large tw-ta\" dir=\"ltr\" data-placeholder=\"Prevod\">Sestava: 65% bomba\u017e, 33% poliester, 2% elastan<\/li>\n<\/ul>\n<p>&nbsp;<\/p>\n","protected":false},"featured_media":36068,"comment_status":"open","ping_status":"closed","template":"","meta":{"om_disable_all_campaigns":false,"_monsterinsights_skip_tracking":false,"_monsterinsights_sitenote_active":false,"_monsterinsights_sitenote_note":"","_monsterinsights_sitenote_category":0},"product_cat":[761,1040,977],"product_tag":[560,1018],"class_list":["post-35907","product","type-product","status-publish","has-post-thumbnail","hentry","product_cat-cat-delovna-oblacila","product_cat-delovne-hlace-cat","product_cat-cat-oblacila","product_tag-cat","product_tag-workwear"],"bundled_by":[],"bundle_stock_status":"instock","bundle_stock_quantity":null,"bundle_virtual":false,"bundle_layout":"","bundle_add_to_cart_form_location":"","bundle_editable_in_cart":false,"bundle_sold_individually_context":"","bundle_item_grouping":"","bundle_min_size":"","bundle_max_size":"","bundled_items":[],"bundle_sell_ids":[],"aioseo_notices":[],"_links":{"self":[{"href":"https:\/\/www.polzela.com\/si\/wp-json\/wp\/v2\/product\/35907","targetHints":{"allow":["GET"]}}],"collection":[{"href":"https:\/\/www.polzela.com\/si\/wp-json\/wp\/v2\/product"}],"about":[{"href":"https:\/\/www.polzela.com\/si\/wp-json\/wp\/v2\/types\/product"}],"replies":[{"embeddable":true,"href":"https:\/\/www.polzela.com\/si\/wp-json\/wp\/v2\/comments?post=35907"}],"wp:featuredmedia":[{"embeddable":true,"href":"https:\/\/www.polzela.com\/si\/wp-json\/wp\/v2\/media\/36068"}],"wp:attachment":[{"href":"https:\/\/www.polzela.com\/si\/wp-json\/wp\/v2\/media?parent=35907"}],"wp:term":[{"taxonomy":"product_cat","embeddable":true,"href":"https:\/\/www.polzela.com\/si\/wp-json\/wp\/v2\/product_cat?post=35907"},{"taxonomy":"product_tag","embeddable":true,"href":"https:\/\/www.polzela.com\/si\/wp-json\/wp\/v2\/product_tag?post=35907"}],"curies":[{"name":"wp","href":"https:\/\/api.w.org\/{rel}","templated":true}]}}