{"id":35895,"date":"2023-10-05T10:58:50","date_gmt":"2023-10-05T08:58:50","guid":{"rendered":"https:\/\/www.polzela.com\/si\/?post_type=product&#038;p=35895"},"modified":"2026-02-23T18:28:52","modified_gmt":"2026-02-23T17:28:52","slug":"cat-moska-soft-shell-jakna-s-kapuco-art-1313093","status":"publish","type":"product","link":"https:\/\/www.polzela.com\/si\/product\/cat-moska-soft-shell-jakna-s-kapuco-art-1313093\/","title":{"rendered":"CAT mo\u0161ka soft shell jakna s kapuco art.1313093"},"content":{"rendered":"","protected":false},"excerpt":{"rendered":"<p><strong>Opis izdelka<\/strong><\/p>\n<p id=\"tw-target-text\" class=\"tw-data-text tw-text-large tw-ta\" dir=\"ltr\" data-placeholder=\"Prevod\" data-ved=\"2ahUKEwiEyOaTxt6BAxUIGuwKHTmaDpEQ3ewLegQIBxAQ\"><span class=\"Y2IQFc\" lang=\"sl\">CAT jakna Capstone Soft Shell s kapuco je popoln kos za nepredvidljivo vreme. Ta jakna je pripravljena za delo, opremljena s trpe\u017enimi na\u0161itki na komolcih in lahkim soft shell blagom. <\/span><\/p>\n<p class=\"tw-data-text tw-text-large tw-ta\" dir=\"ltr\" data-placeholder=\"Prevod\" data-ved=\"2ahUKEwiEyOaTxt6BAxUIGuwKHTmaDpEQ3ewLegQIBxAQ\"><span class=\"Y2IQFc\" lang=\"sl\">Lastnosti: <\/span><\/p>\n<p class=\"tw-data-text tw-text-large tw-ta\" dir=\"ltr\" data-placeholder=\"Prevod\" data-ved=\"2ahUKEwiEyOaTxt6BAxUIGuwKHTmaDpEQ3ewLegQIBxAQ\"><span class=\"Y2IQFc\" lang=\"sl\">Storm Blocker: <\/span><\/p>\n<ul>\n<li class=\"tw-data-text tw-text-large tw-ta\" dir=\"ltr\" data-placeholder=\"Prevod\" data-ved=\"2ahUKEwiEyOaTxt6BAxUIGuwKHTmaDpEQ3ewLegQIBxAQ\"><span class=\"Y2IQFc\" lang=\"sl\">Vodoodporen.<\/span><\/li>\n<li class=\"tw-data-text tw-text-large tw-ta\" dir=\"ltr\" data-placeholder=\"Prevod\" data-ved=\"2ahUKEwiEyOaTxt6BAxUIGuwKHTmaDpEQ3ewLegQIBxAQ\"><span class=\"Y2IQFc\" lang=\"sl\">Odporen na veter in zra\u010den. <\/span><\/li>\n<li class=\"tw-data-text tw-text-large tw-ta\" dir=\"ltr\" data-placeholder=\"Prevod\" data-ved=\"2ahUKEwiEyOaTxt6BAxUIGuwKHTmaDpEQ3ewLegQIBxAQ\"><span class=\"Y2IQFc\" lang=\"sl\">Kontrastni prsni \u017eep z zadrgo z odsevnimi detajli za varno shranjevanje stvari. <\/span><\/li>\n<li class=\"tw-data-text tw-text-large tw-ta\" dir=\"ltr\" data-placeholder=\"Prevod\" data-ved=\"2ahUKEwiEyOaTxt6BAxUIGuwKHTmaDpEQ3ewLegQIBxAQ\"><span class=\"Y2IQFc\" lang=\"sl\">Nastavljiva tridelna kapuca z nastavljivimi vrvicami <\/span><\/li>\n<li class=\"tw-data-text tw-text-large tw-ta\" dir=\"ltr\" data-placeholder=\"Prevod\" data-ved=\"2ahUKEwiEyOaTxt6BAxUIGuwKHTmaDpEQ3ewLegQIBxAQ\"><span class=\"Y2IQFc\" lang=\"sl\">Nastavljivi man\u0161etni zavihki z zapiranjem na kavelj in zanko, <\/span><\/li>\n<li class=\"tw-data-text tw-text-large tw-ta\" dir=\"ltr\" data-placeholder=\"Prevod\" data-ved=\"2ahUKEwiEyOaTxt6BAxUIGuwKHTmaDpEQ3ewLegQIBxAQ\"><span class=\"Y2IQFc\" lang=\"sl\">Polna sprednja zadrga z nevihtnim zavihkom. <\/span><\/li>\n<li class=\"tw-data-text tw-text-large tw-ta\" dir=\"ltr\" data-placeholder=\"Prevod\" data-ved=\"2ahUKEwiEyOaTxt6BAxUIGuwKHTmaDpEQ3ewLegQIBxAQ\"><span class=\"Y2IQFc\" lang=\"sl\">Kontrastni trpe\u017eni na\u0161itki na komolcih za podalj\u0161anje \u017eivljenjske dobe jakne <\/span><\/li>\n<li class=\"tw-data-text tw-text-large tw-ta\" dir=\"ltr\" data-placeholder=\"Prevod\" data-ved=\"2ahUKEwiEyOaTxt6BAxUIGuwKHTmaDpEQ3ewLegQIBxAQ\"><span class=\"Y2IQFc\" lang=\"sl\">Spodnji \u017eepi z zapiranjem na zadrgo za varno zavarovanje stvari na dosegu roke. <\/span><\/li>\n<li class=\"tw-data-text tw-text-large tw-ta\" dir=\"ltr\" data-placeholder=\"Prevod\" data-ved=\"2ahUKEwiEyOaTxt6BAxUIGuwKHTmaDpEQ3ewLegQIBxAQ\"><span class=\"Y2IQFc\" lang=\"sl\">Notranji levi in \u200b\u200bdesni spodnji \u017eep za dodatno shranjevanje.<\/span><\/li>\n<li class=\"tw-data-text tw-text-large tw-ta\" dir=\"ltr\" data-placeholder=\"Prevod\" data-ved=\"2ahUKEwiEyOaTxt6BAxUIGuwKHTmaDpEQ3ewLegQIBxAQ\"><span class=\"Y2IQFc\" lang=\"sl\">Mo\u010dna zanka za enostavno obe\u0161anje jakne.<\/span><\/li>\n<\/ul>\n<p>&nbsp;<\/p>\n","protected":false},"featured_media":36055,"comment_status":"open","ping_status":"closed","template":"","meta":{"om_disable_all_campaigns":false,"_monsterinsights_skip_tracking":false,"_monsterinsights_sitenote_active":false,"_monsterinsights_sitenote_note":"","_monsterinsights_sitenote_category":0},"product_cat":[761,980,977],"product_tag":[560,1018],"class_list":["post-35895","product","type-product","status-publish","has-post-thumbnail","hentry","product_cat-cat-delovna-oblacila","product_cat-delovne-jakne-in-jope","product_cat-cat-oblacila","product_tag-cat","product_tag-workwear"],"bundled_by":[],"bundle_stock_status":"instock","bundle_stock_quantity":null,"bundle_virtual":false,"bundle_layout":"","bundle_add_to_cart_form_location":"","bundle_editable_in_cart":false,"bundle_sold_individually_context":"","bundle_item_grouping":"","bundle_min_size":"","bundle_max_size":"","bundled_items":[],"bundle_sell_ids":[],"aioseo_notices":[],"_links":{"self":[{"href":"https:\/\/www.polzela.com\/si\/wp-json\/wp\/v2\/product\/35895","targetHints":{"allow":["GET"]}}],"collection":[{"href":"https:\/\/www.polzela.com\/si\/wp-json\/wp\/v2\/product"}],"about":[{"href":"https:\/\/www.polzela.com\/si\/wp-json\/wp\/v2\/types\/product"}],"replies":[{"embeddable":true,"href":"https:\/\/www.polzela.com\/si\/wp-json\/wp\/v2\/comments?post=35895"}],"wp:featuredmedia":[{"embeddable":true,"href":"https:\/\/www.polzela.com\/si\/wp-json\/wp\/v2\/media\/36055"}],"wp:attachment":[{"href":"https:\/\/www.polzela.com\/si\/wp-json\/wp\/v2\/media?parent=35895"}],"wp:term":[{"taxonomy":"product_cat","embeddable":true,"href":"https:\/\/www.polzela.com\/si\/wp-json\/wp\/v2\/product_cat?post=35895"},{"taxonomy":"product_tag","embeddable":true,"href":"https:\/\/www.polzela.com\/si\/wp-json\/wp\/v2\/product_tag?post=35895"}],"curies":[{"name":"wp","href":"https:\/\/api.w.org\/{rel}","templated":true}]}}