{"id":35858,"date":"2023-10-05T10:27:05","date_gmt":"2023-10-05T08:27:05","guid":{"rendered":"https:\/\/www.polzela.com\/si\/?post_type=product&#038;p=35858"},"modified":"2025-12-03T06:43:08","modified_gmt":"2025-12-03T05:43:08","slug":"cat-moski-brezrokavnik-art-1320059","status":"publish","type":"product","link":"https:\/\/www.polzela.com\/si\/product\/cat-moski-brezrokavnik-art-1320059\/","title":{"rendered":"CAT mo\u0161ki brezrokavnik art.1320059"},"content":{"rendered":"","protected":false},"excerpt":{"rendered":"<p><strong>Opis izdelka<\/strong><\/p>\n<p>Brezrokavnik z izolirano plastjo Essentials Bodywarmer, ki se nosi pod jakno ali preko obla\u010dila. Zagotavlja dovolj toplote, da ohranja temperaturo v sredi\u0161\u010du.<\/p>\n<p>Zapiranje na zadrgo spredaj, kontrastno rumen prsni \u017eep z logotipom, notranji \u017eep z zapiranjem.<\/p>\n<p>&nbsp;<\/p>\n","protected":false},"featured_media":36034,"comment_status":"open","ping_status":"closed","template":"","meta":{"om_disable_all_campaigns":false,"_monsterinsights_skip_tracking":false,"_monsterinsights_sitenote_active":false,"_monsterinsights_sitenote_note":"","_monsterinsights_sitenote_category":0},"product_cat":[761,980,977],"product_tag":[560,1154,1018],"class_list":["post-35858","product","type-product","status-publish","has-post-thumbnail","hentry","product_cat-cat-delovna-oblacila","product_cat-delovne-jakne-in-jope","product_cat-cat-oblacila","product_tag-cat","product_tag-cat40","product_tag-workwear"],"bundled_by":[],"bundle_stock_status":"instock","bundle_stock_quantity":null,"bundle_virtual":false,"bundle_layout":"","bundle_add_to_cart_form_location":"","bundle_editable_in_cart":false,"bundle_sold_individually_context":"","bundle_item_grouping":"","bundle_min_size":"","bundle_max_size":"","bundled_items":[],"bundle_sell_ids":[],"aioseo_notices":[],"_links":{"self":[{"href":"https:\/\/www.polzela.com\/si\/wp-json\/wp\/v2\/product\/35858","targetHints":{"allow":["GET"]}}],"collection":[{"href":"https:\/\/www.polzela.com\/si\/wp-json\/wp\/v2\/product"}],"about":[{"href":"https:\/\/www.polzela.com\/si\/wp-json\/wp\/v2\/types\/product"}],"replies":[{"embeddable":true,"href":"https:\/\/www.polzela.com\/si\/wp-json\/wp\/v2\/comments?post=35858"}],"wp:featuredmedia":[{"embeddable":true,"href":"https:\/\/www.polzela.com\/si\/wp-json\/wp\/v2\/media\/36034"}],"wp:attachment":[{"href":"https:\/\/www.polzela.com\/si\/wp-json\/wp\/v2\/media?parent=35858"}],"wp:term":[{"taxonomy":"product_cat","embeddable":true,"href":"https:\/\/www.polzela.com\/si\/wp-json\/wp\/v2\/product_cat?post=35858"},{"taxonomy":"product_tag","embeddable":true,"href":"https:\/\/www.polzela.com\/si\/wp-json\/wp\/v2\/product_tag?post=35858"}],"curies":[{"name":"wp","href":"https:\/\/api.w.org\/{rel}","templated":true}]}}