{"id":35848,"date":"2023-10-05T10:22:13","date_gmt":"2023-10-05T08:22:13","guid":{"rendered":"https:\/\/www.polzela.com\/si\/?post_type=product&#038;p=35848"},"modified":"2026-02-24T21:45:11","modified_gmt":"2026-02-24T20:45:11","slug":"cat-moske-delovne-hlace-art-1810084","status":"publish","type":"product","link":"https:\/\/www.polzela.com\/si\/product\/cat-moske-delovne-hlace-art-1810084\/","title":{"rendered":"CAT mo\u0161ke delovne hla\u010de art.1810084"},"content":{"rendered":"<p><strong>Opis izdelka<\/strong><\/p>\n<p id=\"tw-target-text\" class=\"tw-data-text tw-text-large tw-ta\" dir=\"ltr\" data-placeholder=\"Prevod\">CAT Cargo hla\u010de so trpe\u017ene in funkcionalne z ve\u010d \u017eepi in dodatno oja\u010ditvijo na kolenih. Izjemno trpe\u017ene in udobne. Zadnji \u017eep je odmaknjen od hla\u010d kar pripomore k ve\u010djemu udobju in bolj\u0161emu gibanju. \u017depi so dodatno oja\u010dani s tkanino Cordura\u00ae, ki skrbi za dalj\u0161o \u017eivljenjsko dobo hla\u010d.<\/p>\n<div>Obstojnost Cordura\u00ae tkanine je 2 do 7 kratno v primerjavi z nailonom, poliesterom ali bomba\u017eem.<\/div>\n<div><img loading=\"lazy\" decoding=\"async\" class=\"alignnone wp-image-36025 size-thumbnail\" src=\"https:\/\/www.polzela.com\/si\/wp-content\/uploads\/sites\/2\/2023\/10\/Knee-Pad-Pocket-01-150x150.png\" alt=\"\" width=\"150\" height=\"150\" srcset=\"https:\/\/www.polzela.com\/si\/wp-content\/uploads\/sites\/2\/2023\/10\/Knee-Pad-Pocket-01-150x150.png 150w, https:\/\/www.polzela.com\/si\/wp-content\/uploads\/sites\/2\/2023\/10\/Knee-Pad-Pocket-01-100x100.png 100w\" sizes=\"auto, (max-width: 150px) 100vw, 150px\" \/><img loading=\"lazy\" decoding=\"async\" class=\"alignnone size-thumbnail wp-image-36026\" src=\"https:\/\/www.polzela.com\/si\/wp-content\/uploads\/sites\/2\/2023\/10\/2-way-stretch-01-150x150.png\" alt=\"\" width=\"150\" height=\"150\" srcset=\"https:\/\/www.polzela.com\/si\/wp-content\/uploads\/sites\/2\/2023\/10\/2-way-stretch-01-150x150.png 150w, https:\/\/www.polzela.com\/si\/wp-content\/uploads\/sites\/2\/2023\/10\/2-way-stretch-01-100x100.png 100w\" sizes=\"auto, (max-width: 150px) 100vw, 150px\" \/><\/div>\n<p><img loading=\"lazy\" decoding=\"async\" class=\"alignnone wp-image-36028 size-medium\" src=\"https:\/\/www.polzela.com\/si\/wp-content\/uploads\/sites\/2\/2023\/10\/Screenshot-2023-10-09-at-22.06.23-189x300.jpg\" alt=\"\" width=\"189\" height=\"300\" srcset=\"https:\/\/www.polzela.com\/si\/wp-content\/uploads\/sites\/2\/2023\/10\/Screenshot-2023-10-09-at-22.06.23-189x300.jpg 189w, https:\/\/www.polzela.com\/si\/wp-content\/uploads\/sites\/2\/2023\/10\/Screenshot-2023-10-09-at-22.06.23-570x904.jpg 570w, https:\/\/www.polzela.com\/si\/wp-content\/uploads\/sites\/2\/2023\/10\/Screenshot-2023-10-09-at-22.06.23.jpg 598w\" sizes=\"auto, (max-width: 189px) 100vw, 189px\" \/><\/p>\n","protected":false},"excerpt":{"rendered":"<p><strong>Opis izdelka<\/strong><\/p>\n<p id=\"tw-target-text\" class=\"tw-data-text tw-text-large tw-ta\" dir=\"ltr\" data-placeholder=\"Prevod\">CAT Cargo hla\u010de so trpe\u017ene in funkcionalne z ve\u010d \u017eepi in dodatno oja\u010ditvijo na kolenih. Izjemno trpe\u017ene in udobne. Zadnji \u017eep je odmaknjen od hla\u010d kar pripomore k ve\u010djemu udobju in bolj\u0161emu gibanju. \u017depi so dodatno oja\u010dani s tkanino Cordura\u00ae, ki skrbi za dalj\u0161o \u017eivljenjsko dobo hla\u010d.<\/p>\n<div>Obstojnost Cordura\u00ae tkanine je 2 do 7 kratno v primerjavi z nailonom, poliesterom ali bomba\u017eem.<\/div>\n<div><img loading=\"lazy\" decoding=\"async\" class=\"alignnone wp-image-36025 size-thumbnail\" src=\"https:\/\/www.polzela.com\/si\/wp-content\/uploads\/sites\/2\/2023\/10\/Knee-Pad-Pocket-01-150x150.png\" alt=\"\" width=\"150\" height=\"150\" srcset=\"https:\/\/www.polzela.com\/si\/wp-content\/uploads\/sites\/2\/2023\/10\/Knee-Pad-Pocket-01-150x150.png 150w, https:\/\/www.polzela.com\/si\/wp-content\/uploads\/sites\/2\/2023\/10\/Knee-Pad-Pocket-01-100x100.png 100w\" sizes=\"auto, (max-width: 150px) 100vw, 150px\" \/><img loading=\"lazy\" decoding=\"async\" class=\"alignnone size-thumbnail wp-image-36026\" src=\"https:\/\/www.polzela.com\/si\/wp-content\/uploads\/sites\/2\/2023\/10\/2-way-stretch-01-150x150.png\" alt=\"\" width=\"150\" height=\"150\" srcset=\"https:\/\/www.polzela.com\/si\/wp-content\/uploads\/sites\/2\/2023\/10\/2-way-stretch-01-150x150.png 150w, https:\/\/www.polzela.com\/si\/wp-content\/uploads\/sites\/2\/2023\/10\/2-way-stretch-01-100x100.png 100w\" sizes=\"auto, (max-width: 150px) 100vw, 150px\" \/><\/div>\n<p><img loading=\"lazy\" decoding=\"async\" class=\"alignnone wp-image-36028 size-medium\" src=\"https:\/\/www.polzela.com\/si\/wp-content\/uploads\/sites\/2\/2023\/10\/Screenshot-2023-10-09-at-22.06.23-189x300.jpg\" alt=\"\" width=\"189\" height=\"300\" srcset=\"https:\/\/www.polzela.com\/si\/wp-content\/uploads\/sites\/2\/2023\/10\/Screenshot-2023-10-09-at-22.06.23-189x300.jpg 189w, https:\/\/www.polzela.com\/si\/wp-content\/uploads\/sites\/2\/2023\/10\/Screenshot-2023-10-09-at-22.06.23-570x904.jpg 570w, https:\/\/www.polzela.com\/si\/wp-content\/uploads\/sites\/2\/2023\/10\/Screenshot-2023-10-09-at-22.06.23.jpg 598w\" sizes=\"auto, (max-width: 189px) 100vw, 189px\" \/><\/p>\n","protected":false},"featured_media":36024,"comment_status":"open","ping_status":"closed","template":"","meta":{"om_disable_all_campaigns":false,"_monsterinsights_skip_tracking":false,"_monsterinsights_sitenote_active":false,"_monsterinsights_sitenote_note":"","_monsterinsights_sitenote_category":0},"product_cat":[761,1040,977],"product_tag":[560,1018],"class_list":["post-35848","product","type-product","status-publish","has-post-thumbnail","hentry","product_cat-cat-delovna-oblacila","product_cat-delovne-hlace-cat","product_cat-cat-oblacila","product_tag-cat","product_tag-workwear"],"bundled_by":[],"bundle_stock_status":"instock","bundle_stock_quantity":null,"bundle_virtual":false,"bundle_layout":"","bundle_add_to_cart_form_location":"","bundle_editable_in_cart":false,"bundle_sold_individually_context":"","bundle_item_grouping":"","bundle_min_size":"","bundle_max_size":"","bundled_items":[],"bundle_sell_ids":[],"aioseo_notices":[],"_links":{"self":[{"href":"https:\/\/www.polzela.com\/si\/wp-json\/wp\/v2\/product\/35848","targetHints":{"allow":["GET"]}}],"collection":[{"href":"https:\/\/www.polzela.com\/si\/wp-json\/wp\/v2\/product"}],"about":[{"href":"https:\/\/www.polzela.com\/si\/wp-json\/wp\/v2\/types\/product"}],"replies":[{"embeddable":true,"href":"https:\/\/www.polzela.com\/si\/wp-json\/wp\/v2\/comments?post=35848"}],"wp:featuredmedia":[{"embeddable":true,"href":"https:\/\/www.polzela.com\/si\/wp-json\/wp\/v2\/media\/36024"}],"wp:attachment":[{"href":"https:\/\/www.polzela.com\/si\/wp-json\/wp\/v2\/media?parent=35848"}],"wp:term":[{"taxonomy":"product_cat","embeddable":true,"href":"https:\/\/www.polzela.com\/si\/wp-json\/wp\/v2\/product_cat?post=35848"},{"taxonomy":"product_tag","embeddable":true,"href":"https:\/\/www.polzela.com\/si\/wp-json\/wp\/v2\/product_tag?post=35848"}],"curies":[{"name":"wp","href":"https:\/\/api.w.org\/{rel}","templated":true}]}}