{"id":34989,"date":"2023-07-14T14:06:59","date_gmt":"2023-07-14T12:06:59","guid":{"rendered":"https:\/\/www.polzela.com\/si\/?post_type=product&#038;p=34989"},"modified":"2026-02-24T06:34:59","modified_gmt":"2026-02-24T05:34:59","slug":"galeb-moske-spodnje-hlace-art-398-450","status":"publish","type":"product","link":"https:\/\/www.polzela.com\/si\/product\/galeb-moske-spodnje-hlace-art-398-450\/","title":{"rendered":"Galeb mo\u0161ke spodnje hla\u010de art.398-450"},"content":{"rendered":"","protected":false},"excerpt":{"rendered":"<p><strong>Opis izdelka<\/strong><\/p>\n<p>Mo\u0161ke spodnje hla\u010de iz bomba\u017ea.<\/p>\n<p><strong>Sestava: <\/strong>100 % bomba\u017e<\/p>\n","protected":false},"featured_media":35129,"comment_status":"open","ping_status":"closed","template":"","meta":{"om_disable_all_campaigns":false,"_monsterinsights_skip_tracking":false,"_monsterinsights_sitenote_active":false,"_monsterinsights_sitenote_note":"","_monsterinsights_sitenote_category":0},"product_cat":[38,530],"product_tag":[999,622],"class_list":["post-34989","product","type-product","status-publish","has-post-thumbnail","hentry","product_cat-moski","product_cat-mosko-spodnje-perilo","product_tag-galeb","product_tag-spodnje-perilo"],"bundled_by":[],"bundle_stock_status":"instock","bundle_stock_quantity":null,"bundle_virtual":false,"bundle_layout":"","bundle_add_to_cart_form_location":"","bundle_editable_in_cart":false,"bundle_sold_individually_context":"","bundle_item_grouping":"","bundle_min_size":"","bundle_max_size":"","bundled_items":[],"bundle_sell_ids":[],"aioseo_notices":[],"_links":{"self":[{"href":"https:\/\/www.polzela.com\/si\/wp-json\/wp\/v2\/product\/34989","targetHints":{"allow":["GET"]}}],"collection":[{"href":"https:\/\/www.polzela.com\/si\/wp-json\/wp\/v2\/product"}],"about":[{"href":"https:\/\/www.polzela.com\/si\/wp-json\/wp\/v2\/types\/product"}],"replies":[{"embeddable":true,"href":"https:\/\/www.polzela.com\/si\/wp-json\/wp\/v2\/comments?post=34989"}],"wp:featuredmedia":[{"embeddable":true,"href":"https:\/\/www.polzela.com\/si\/wp-json\/wp\/v2\/media\/35129"}],"wp:attachment":[{"href":"https:\/\/www.polzela.com\/si\/wp-json\/wp\/v2\/media?parent=34989"}],"wp:term":[{"taxonomy":"product_cat","embeddable":true,"href":"https:\/\/www.polzela.com\/si\/wp-json\/wp\/v2\/product_cat?post=34989"},{"taxonomy":"product_tag","embeddable":true,"href":"https:\/\/www.polzela.com\/si\/wp-json\/wp\/v2\/product_tag?post=34989"}],"curies":[{"name":"wp","href":"https:\/\/api.w.org\/{rel}","templated":true}]}}