{"id":34950,"date":"2023-07-14T10:07:21","date_gmt":"2023-07-14T08:07:21","guid":{"rendered":"https:\/\/www.polzela.com\/si\/?post_type=product&#038;p=34950"},"modified":"2026-04-14T09:30:13","modified_gmt":"2026-04-14T07:30:13","slug":"galeb-bombazna-zenska-majica-s-sirokimi-naramnicami-art-700-735","status":"publish","type":"product","link":"https:\/\/www.polzela.com\/si\/product\/galeb-bombazna-zenska-majica-s-sirokimi-naramnicami-art-700-735\/","title":{"rendered":"Galeb bomba\u017ena \u017eenska majica s \u0161irokimi naramnicami art.700-735"},"content":{"rendered":"","protected":false},"excerpt":{"rendered":"<p><strong>Opis izdelka<\/strong><\/p>\n<p>\u017denska majica\u00a0<span lang=\"SL\">s \u0161irokimi<\/span> naramnicami iz bomba\u017ea in dodatkom \u010dipke.<\/p>\n<p><strong>Sestava: <\/strong>100 % bomba\u017e<\/p>\n","protected":false},"featured_media":35085,"comment_status":"open","ping_status":"closed","template":"","meta":{"om_disable_all_campaigns":false,"_monsterinsights_skip_tracking":false,"_monsterinsights_sitenote_active":false,"_monsterinsights_sitenote_note":"","_monsterinsights_sitenote_category":0},"product_cat":[779,42],"product_tag":[999,553],"class_list":["post-34950","product","type-product","status-publish","has-post-thumbnail","hentry","product_cat-majice","product_cat-zenske","product_tag-galeb","product_tag-majica"],"bundled_by":[],"bundle_stock_status":"instock","bundle_stock_quantity":null,"bundle_virtual":false,"bundle_layout":"","bundle_add_to_cart_form_location":"","bundle_editable_in_cart":false,"bundle_sold_individually_context":"","bundle_item_grouping":"","bundle_min_size":"","bundle_max_size":"","bundled_items":[],"bundle_sell_ids":[],"aioseo_notices":[],"_links":{"self":[{"href":"https:\/\/www.polzela.com\/si\/wp-json\/wp\/v2\/product\/34950","targetHints":{"allow":["GET"]}}],"collection":[{"href":"https:\/\/www.polzela.com\/si\/wp-json\/wp\/v2\/product"}],"about":[{"href":"https:\/\/www.polzela.com\/si\/wp-json\/wp\/v2\/types\/product"}],"replies":[{"embeddable":true,"href":"https:\/\/www.polzela.com\/si\/wp-json\/wp\/v2\/comments?post=34950"}],"wp:featuredmedia":[{"embeddable":true,"href":"https:\/\/www.polzela.com\/si\/wp-json\/wp\/v2\/media\/35085"}],"wp:attachment":[{"href":"https:\/\/www.polzela.com\/si\/wp-json\/wp\/v2\/media?parent=34950"}],"wp:term":[{"taxonomy":"product_cat","embeddable":true,"href":"https:\/\/www.polzela.com\/si\/wp-json\/wp\/v2\/product_cat?post=34950"},{"taxonomy":"product_tag","embeddable":true,"href":"https:\/\/www.polzela.com\/si\/wp-json\/wp\/v2\/product_tag?post=34950"}],"curies":[{"name":"wp","href":"https:\/\/api.w.org\/{rel}","templated":true}]}}