{"id":34566,"date":"2023-06-27T10:38:16","date_gmt":"2023-06-27T08:38:16","guid":{"rendered":"https:\/\/www.polzela.com\/si\/?post_type=product&#038;p=34566"},"modified":"2026-04-21T22:30:54","modified_gmt":"2026-04-21T20:30:54","slug":"polzela-zenske-1-4-nogavice-sun-time-12den-crna","status":"publish","type":"product","link":"https:\/\/www.polzela.com\/si\/product\/polzela-zenske-1-4-nogavice-sun-time-12den-crna\/","title":{"rendered":"Polzela \u017eenske 1\/4 nogavice Sun Time 12den"},"content":{"rendered":"<h2><strong>POLZELA Comfort Sun time 12den<br \/>\n<\/strong><\/h2>\n<ul>\n<li>Fine izredno prosojne kratke nogavi\u010dke za poletne dni, iz bikomponentne preje Siderija \u2013 nogavi\u010dke imenujemo tudi druga ko\u017ea (second skin).<\/li>\n<li>Zagotavljajo naraven videz porjavelosti nog.<\/li>\n<li>Imajo zelo udoben zaklju\u010dni rob, ki ne stiska in se lahko nosi z zavihkom ali brez \u2013 odvisno od \u017eelje uporabnice.<\/li>\n<li>Ker so nogavice zelo zra\u010dne, prepre\u010dujejo potenje in segrevanje nog. Pri obdelavi s\u00a0 temperaturo se preja skr\u010di in dobi izredno pro\u017enost, \u010deprav ne vsebuje elastana. To minimizira oprijem v vro\u010di sezoni, zato so nogavice poleti manj vro\u010de kot nogavice z elastanom.<\/li>\n<\/ul>\n<p><strong>Siderija <\/strong>je preja, pri kateri sta s posebno tehnologijo zdru\u017eena\u00a0 poliamidno in poliuretansko vlakno, pri obdelavi s temperaturo se preja skr\u010di in dobi izredno pro\u017enost, \u010deprav ne vsebuje elastana. To minimizira oprijem v vro\u010di sezoni, zato so tak\u0161ne nogavice poleti manj vro\u010de kot nogavice z elastanom.<\/p>\n<p><strong>Linija Comfort <\/strong><\/p>\n<p>Linija visoko kakovostnih izdelkov, ki so pleteni iz naravnih ko\u017ei prijaznih materialov. Za popolno udobje in za\u0161\u010dito va\u0161ih nog. Omilite te\u017eave s kr\u010dnimi \u017eilami, celulitom in ujemite sve\u017e poletni ten na va\u0161ih nogah. Posebne kombinacije razli\u010dnih materialov hla\u010dnih nogavic in dokolenk\u00a0 varujejo va\u0161e noge in\u00a0 jim nudijo dodatno za\u0161\u010dito skupaj z lepim videzom. Negujte svoje noge in jim privo\u0161\u010dite le najbolj\u0161e, energijo in eleganco skozi ves dan z nogavicami Comfort.<\/p>\n<p>Vsi uporabljeni materiali so zdravju in ko\u017ei prijazni. Oznaka EKO-TEX 100 kon\u010dnim uporabnikom predstavlja dodatne prednosti preverjene varnosti na ko\u017ei. Izdelki Polzela so okolju prijazni izdelki.<\/p>\n","protected":false},"excerpt":{"rendered":"<p><strong>Opis izdelka:<\/strong><\/p>\n<p>\u017denske 1\/4 nogavice. Fine izredno prosojne kratke nogavi\u010dke za poletne dni, iz bikomponentne preje Siderija \u2013 nogavi\u010dke imenujemo tudi druga ko\u017ea (second skin). Zagotavljajo naraven videz porjavelosti nog. Ker so nogavice zelo zra\u010dne, prepre\u010dujejo potenje in segrevanje nog.<\/p>\n<p><strong>Sestava:<\/strong> 72% Poliamir 28% Poliuretan<\/p>\n<p>Termoreg.<\/p>\n","protected":false},"featured_media":41858,"comment_status":"open","ping_status":"closed","template":"","meta":{"om_disable_all_campaigns":false,"_monsterinsights_skip_tracking":false,"_monsterinsights_sitenote_active":false,"_monsterinsights_sitenote_note":"","_monsterinsights_sitenote_category":0},"product_cat":[42,373],"product_tag":[816,857,495,997],"class_list":["post-34566","product","type-product","status-publish","has-post-thumbnail","hentry","product_cat-zenske","product_cat-zenske-nogavice","product_tag-den","product_tag-polzela","product_tag-sideria","product_tag-sun-time"],"bundled_by":[],"bundle_stock_status":"instock","bundle_stock_quantity":null,"bundle_virtual":false,"bundle_layout":"","bundle_add_to_cart_form_location":"","bundle_editable_in_cart":false,"bundle_sold_individually_context":"","bundle_item_grouping":"","bundle_min_size":"","bundle_max_size":"","bundled_items":[],"bundle_sell_ids":[],"aioseo_notices":[],"_links":{"self":[{"href":"https:\/\/www.polzela.com\/si\/wp-json\/wp\/v2\/product\/34566","targetHints":{"allow":["GET"]}}],"collection":[{"href":"https:\/\/www.polzela.com\/si\/wp-json\/wp\/v2\/product"}],"about":[{"href":"https:\/\/www.polzela.com\/si\/wp-json\/wp\/v2\/types\/product"}],"replies":[{"embeddable":true,"href":"https:\/\/www.polzela.com\/si\/wp-json\/wp\/v2\/comments?post=34566"}],"wp:featuredmedia":[{"embeddable":true,"href":"https:\/\/www.polzela.com\/si\/wp-json\/wp\/v2\/media\/41858"}],"wp:attachment":[{"href":"https:\/\/www.polzela.com\/si\/wp-json\/wp\/v2\/media?parent=34566"}],"wp:term":[{"taxonomy":"product_cat","embeddable":true,"href":"https:\/\/www.polzela.com\/si\/wp-json\/wp\/v2\/product_cat?post=34566"},{"taxonomy":"product_tag","embeddable":true,"href":"https:\/\/www.polzela.com\/si\/wp-json\/wp\/v2\/product_tag?post=34566"}],"curies":[{"name":"wp","href":"https:\/\/api.w.org\/{rel}","templated":true}]}}