{"id":34205,"date":"2023-06-12T13:01:14","date_gmt":"2023-06-12T11:01:14","guid":{"rendered":"https:\/\/www.polzela.com\/si\/?post_type=product&#038;p=34205"},"modified":"2026-02-03T11:10:28","modified_gmt":"2026-02-03T10:10:28","slug":"moske-nizke-nogavice-slazenger-av713-belo-modre-3pr","status":"publish","type":"product","link":"https:\/\/www.polzela.com\/si\/product\/moske-nizke-nogavice-slazenger-av713-belo-modre-3pr\/","title":{"rendered":"Mo\u0161ke nizke nogavice Slazenger AV713 belo-modre 3pr"},"content":{"rendered":"<p>&nbsp;<\/p>\n<p>&nbsp;<\/p>\n","protected":false},"excerpt":{"rendered":"<p id=\"tw-target-text\" class=\"tw-data-text tw-text-large tw-ta\" dir=\"ltr\" data-placeholder=\"Prevod\"><span class=\"Y2IQFc\" lang=\"sl\">Mo\u0161ke \u0161portne nogavice Slazenger z oja\u010danim predelom prstov in pete. V predelu narta je oja\u010dana elastika za ve\u010djo podporo in zmanj\u0161anje verjetnosti kr\u010dev ali bole\u010din pri velikem naporu. Nogavice pri robu krasi logotip znamke Slazenger.<\/span><\/p>\n<p class=\"tw-data-text tw-text-large tw-ta\" dir=\"ltr\" data-placeholder=\"Prevod\"><span class=\"Y2IQFc\" lang=\"sl\">3 pari nogavic v pakiranju.\u00a0<\/span><\/p>\n<p><strong>Sestava:<\/strong> 75% bomba\u017e, 24% poliester, 1% elastan<\/p>\n","protected":false},"featured_media":44588,"comment_status":"open","ping_status":"closed","template":"","meta":{"om_disable_all_campaigns":false,"_monsterinsights_skip_tracking":false,"_monsterinsights_sitenote_active":false,"_monsterinsights_sitenote_note":"","_monsterinsights_sitenote_category":0},"product_cat":[40,978],"product_tag":[747,1314,990,684],"class_list":["post-34205","product","type-product","status-publish","has-post-thumbnail","hentry","product_cat-sport","product_cat-sportne-nogavice","product_tag-cotton","product_tag-popusti-50","product_tag-slazenger","product_tag-sport"],"bundled_by":[],"bundle_stock_status":"outofstock","bundle_stock_quantity":null,"bundle_virtual":false,"bundle_layout":"","bundle_add_to_cart_form_location":"","bundle_editable_in_cart":false,"bundle_sold_individually_context":"","bundle_item_grouping":"","bundle_min_size":"","bundle_max_size":"","bundled_items":[],"bundle_sell_ids":[],"aioseo_notices":[],"_links":{"self":[{"href":"https:\/\/www.polzela.com\/si\/wp-json\/wp\/v2\/product\/34205","targetHints":{"allow":["GET"]}}],"collection":[{"href":"https:\/\/www.polzela.com\/si\/wp-json\/wp\/v2\/product"}],"about":[{"href":"https:\/\/www.polzela.com\/si\/wp-json\/wp\/v2\/types\/product"}],"replies":[{"embeddable":true,"href":"https:\/\/www.polzela.com\/si\/wp-json\/wp\/v2\/comments?post=34205"}],"wp:featuredmedia":[{"embeddable":true,"href":"https:\/\/www.polzela.com\/si\/wp-json\/wp\/v2\/media\/44588"}],"wp:attachment":[{"href":"https:\/\/www.polzela.com\/si\/wp-json\/wp\/v2\/media?parent=34205"}],"wp:term":[{"taxonomy":"product_cat","embeddable":true,"href":"https:\/\/www.polzela.com\/si\/wp-json\/wp\/v2\/product_cat?post=34205"},{"taxonomy":"product_tag","embeddable":true,"href":"https:\/\/www.polzela.com\/si\/wp-json\/wp\/v2\/product_tag?post=34205"}],"curies":[{"name":"wp","href":"https:\/\/api.w.org\/{rel}","templated":true}]}}