{"id":33970,"date":"2023-06-02T07:04:21","date_gmt":"2023-06-02T05:04:21","guid":{"rendered":"https:\/\/www.polzela.com\/si\/?post_type=product&#038;p=33970"},"modified":"2025-11-11T08:51:26","modified_gmt":"2025-11-11T07:51:26","slug":"anita-hlacke-slip-art-1343-desert","status":"publish","type":"product","link":"https:\/\/www.polzela.com\/si\/product\/anita-hlacke-slip-art-1343-desert\/","title":{"rendered":"Anita hla\u010dke slip art.1343"},"content":{"rendered":"","protected":false},"excerpt":{"rendered":"<p><strong>Opis izdelka<\/strong><\/p>\n<p>Izredno mehke in prijetne na dotik. Robovi so brez\u0161ivni, zato so hla\u010dke primerne za no\u0161enje pod vsakim obla\u010dilom.<\/p>\n<p><strong>Sestava: <\/strong>80% poliamid, 20% elastan<\/p>\n<p><strong>\u010ce artikla ni na zalogi v trgovini, je dobavni rok 14 dni.<\/strong><\/p>\n<p><img loading=\"lazy\" decoding=\"async\" class=\"alignnone wp-image-34312 size-full\" src=\"https:\/\/www.polzela.com\/si\/wp-content\/uploads\/sites\/2\/2023\/06\/1343-anita-2-1.jpg\" alt=\"\" width=\"1080\" height=\"1480\" srcset=\"https:\/\/www.polzela.com\/si\/wp-content\/uploads\/sites\/2\/2023\/06\/1343-anita-2-1.jpg 1080w, https:\/\/www.polzela.com\/si\/wp-content\/uploads\/sites\/2\/2023\/06\/1343-anita-2-1-219x300.jpg 219w, https:\/\/www.polzela.com\/si\/wp-content\/uploads\/sites\/2\/2023\/06\/1343-anita-2-1-747x1024.jpg 747w, https:\/\/www.polzela.com\/si\/wp-content\/uploads\/sites\/2\/2023\/06\/1343-anita-2-1-768x1052.jpg 768w, https:\/\/www.polzela.com\/si\/wp-content\/uploads\/sites\/2\/2023\/06\/1343-anita-2-1-570x781.jpg 570w\" sizes=\"auto, (max-width: 1080px) 100vw, 1080px\" \/><\/p>\n","protected":false},"featured_media":34310,"comment_status":"open","ping_status":"closed","template":"","meta":{"om_disable_all_campaigns":false,"_monsterinsights_skip_tracking":false,"_monsterinsights_sitenote_active":false,"_monsterinsights_sitenote_note":"","_monsterinsights_sitenote_category":0},"product_cat":[42,512],"product_tag":[987,547],"class_list":["post-33970","product","type-product","status-publish","has-post-thumbnail","hentry","product_cat-zenske","product_cat-spodnje-perilo-zenske","product_tag-anita","product_tag-hlacke"],"bundled_by":[],"bundle_stock_status":"instock","bundle_stock_quantity":null,"bundle_virtual":false,"bundle_layout":"","bundle_add_to_cart_form_location":"","bundle_editable_in_cart":false,"bundle_sold_individually_context":"","bundle_item_grouping":"","bundle_min_size":"","bundle_max_size":"","bundled_items":[],"bundle_sell_ids":[],"aioseo_notices":[],"_links":{"self":[{"href":"https:\/\/www.polzela.com\/si\/wp-json\/wp\/v2\/product\/33970","targetHints":{"allow":["GET"]}}],"collection":[{"href":"https:\/\/www.polzela.com\/si\/wp-json\/wp\/v2\/product"}],"about":[{"href":"https:\/\/www.polzela.com\/si\/wp-json\/wp\/v2\/types\/product"}],"replies":[{"embeddable":true,"href":"https:\/\/www.polzela.com\/si\/wp-json\/wp\/v2\/comments?post=33970"}],"wp:featuredmedia":[{"embeddable":true,"href":"https:\/\/www.polzela.com\/si\/wp-json\/wp\/v2\/media\/34310"}],"wp:attachment":[{"href":"https:\/\/www.polzela.com\/si\/wp-json\/wp\/v2\/media?parent=33970"}],"wp:term":[{"taxonomy":"product_cat","embeddable":true,"href":"https:\/\/www.polzela.com\/si\/wp-json\/wp\/v2\/product_cat?post=33970"},{"taxonomy":"product_tag","embeddable":true,"href":"https:\/\/www.polzela.com\/si\/wp-json\/wp\/v2\/product_tag?post=33970"}],"curies":[{"name":"wp","href":"https:\/\/api.w.org\/{rel}","templated":true}]}}