{"id":28169,"date":"2022-11-22T08:46:15","date_gmt":"2022-11-22T07:46:15","guid":{"rendered":"https:\/\/www.polzela.com\/si\/?post_type=product&#038;p=28169"},"modified":"2026-03-17T17:01:15","modified_gmt":"2026-03-17T16:01:15","slug":"zenske-hlacne-nogavice-micro-50-art-9450","status":"publish","type":"product","link":"https:\/\/www.polzela.com\/si\/product\/zenske-hlacne-nogavice-micro-50-art-9450\/","title":{"rendered":"\u017denske hla\u010dne nogavice MICRO 50 art.9450"},"content":{"rendered":"","protected":false},"excerpt":{"rendered":"<p><strong>Opis izdelka:<\/strong><\/p>\n<p>Peggy \u017eenske hla\u010dne nogavice iz mehkih mikrovlaken. Elasti\u010dne in mat izgleda. Predel prstov je neopazen, predel pasu pa mehek kar jih naredi zelo udobne za no\u0161enje.<\/p>\n<p><strong>Sestava:<\/strong> 93% Poliamid, 7% Elastan<\/p>\n","protected":false},"featured_media":28227,"comment_status":"open","ping_status":"closed","template":"","meta":{"om_disable_all_campaigns":false,"_monsterinsights_skip_tracking":false,"_monsterinsights_sitenote_active":false,"_monsterinsights_sitenote_note":"","_monsterinsights_sitenote_category":0},"product_cat":[42,374],"product_tag":[912,913,881],"class_list":["post-28169","product","type-product","status-publish","has-post-thumbnail","hentry","product_cat-zenske","product_cat-hlacne-nogavice","product_tag-50den","product_tag-microfibra","product_tag-peggy"],"bundled_by":[],"bundle_stock_status":"instock","bundle_stock_quantity":null,"bundle_virtual":false,"bundle_layout":"","bundle_add_to_cart_form_location":"","bundle_editable_in_cart":false,"bundle_sold_individually_context":"","bundle_item_grouping":"","bundle_min_size":"","bundle_max_size":"","bundled_items":[],"bundle_sell_ids":[],"aioseo_notices":[],"_links":{"self":[{"href":"https:\/\/www.polzela.com\/si\/wp-json\/wp\/v2\/product\/28169","targetHints":{"allow":["GET"]}}],"collection":[{"href":"https:\/\/www.polzela.com\/si\/wp-json\/wp\/v2\/product"}],"about":[{"href":"https:\/\/www.polzela.com\/si\/wp-json\/wp\/v2\/types\/product"}],"replies":[{"embeddable":true,"href":"https:\/\/www.polzela.com\/si\/wp-json\/wp\/v2\/comments?post=28169"}],"wp:featuredmedia":[{"embeddable":true,"href":"https:\/\/www.polzela.com\/si\/wp-json\/wp\/v2\/media\/28227"}],"wp:attachment":[{"href":"https:\/\/www.polzela.com\/si\/wp-json\/wp\/v2\/media?parent=28169"}],"wp:term":[{"taxonomy":"product_cat","embeddable":true,"href":"https:\/\/www.polzela.com\/si\/wp-json\/wp\/v2\/product_cat?post=28169"},{"taxonomy":"product_tag","embeddable":true,"href":"https:\/\/www.polzela.com\/si\/wp-json\/wp\/v2\/product_tag?post=28169"}],"curies":[{"name":"wp","href":"https:\/\/api.w.org\/{rel}","templated":true}]}}