{"id":2781,"date":"2022-11-08T14:37:34","date_gmt":"2022-11-08T13:37:34","guid":{"rendered":"https:\/\/www.polzela.com\/si\/?post_type=product&#038;p=2781"},"modified":"2026-05-11T15:30:15","modified_gmt":"2026-05-11T13:30:15","slug":"polzela-klasicne-hlacne-nogavice-eva-20den-9300","status":"publish","type":"product","link":"https:\/\/www.polzela.com\/si\/product\/polzela-klasicne-hlacne-nogavice-eva-20den-9300\/","title":{"rendered":"Polzela klasi\u010dne hla\u010dne nogavice Eva 20den (9300)"},"content":{"rendered":"<h2><strong>POLZELA\u00a0Elegance Eva 20den<\/strong><\/h2>\n<ul>\n<li>Linija izdelkov, ki poleg osnovne za\u0161\u010dite in lepega videza nudijo dodatno za\u0161\u010dito, udobje, preventivo, Te dodatne funkcionalne lastnosti dose\u017eemo s posebnimi kombinacijami materialov in tehnologijami pletenja, uporabo hi-teck materialov,\u2026<\/li>\n<li>npr.:\u00a0\u00a0\u00a0 Kompresija &#8211; pospe\u0161uje prekrvavitev in bla\u017ei te\u017eave s kr\u010dnimi \u017eilami in celulitom.<\/li>\n<\/ul>\n<p>Push-up &#8211; oblikovanje postave s posebej izdelanim hla\u010dnim delom na kriti\u010dnih mestih trebuha, bokov in zadnjice.\u00a0Druga ko\u017ea \u2013 uporaba specialne bikomponentne izredno elasti\u010dne preje, ki, zagotavlja transparentnost, mehkobo in poletno sve\u017eino.<\/p>\n<p>Extremno udobje \u2013 inovativna konstrukcija in izjemna elasti\u010dnost hla\u010dnega dela.<\/p>\n<p>Trajno udobje \u2013 3D pletenje in inovativna preja Lycra Fusion ob po\u0161kodbi prepre\u010dujeta letenje zank.<\/p>\n<p>Uporaba naravnih in specialnih materialov (Sea Ceel, Multi-tech, Milkofiil,\u2026) nudi antibakterijsko, antistati\u010dno, termoregulacijsko za\u0161\u010dito,\u2026\u00a0Konstrukcija in tehnologija pletenja omogo\u010da udobne comfortne robove, ki ne stiskajo.<\/p>\n<p><strong>Comfrot <\/strong><\/p>\n<p>Linija Comfort je linija visoko kakovostnih izdelkov, ki so pleteni iz naravnih ko\u017ei prijaznih materialov. Nogavice poleg osnovne za\u0161\u010dite in prijetnega po\u010dutja, nudijo dodatno zdravstveno za\u0161\u010dito, preventivo in udobje. Dodatne funkcionalne lastnosti nogavic dose\u017eemo s posebnimi kombinacijami naravnih materialov in na\u010dini pletenja, ter vsebnostjo dodatnih specialnih materialov.<\/p>\n<p>Nogavice Comfort Multitech so primerne za udobno in spro\u0161\u010deno pre\u017eivljanje prostega \u010dasa kot tudi za vsakodnevne poslovne prilo\u017enosti.<\/p>\n<p>Klima efekt je posebna obdelava nogavice, ki prepre\u010duje vlagi, da bi se zadr\u017eevala v notranjosti nogavice. Popolno uravnavanje temperature stopal in s tem celotnega telesa. Vedno suhe in tople noge.<\/p>\n<p>Da bi bile noge <strong>HLADNE<\/strong>, ko je toplo, in <strong>TOPLE<\/strong>, ko je hladno!<\/p>\n<p>Vsi uporabljeni materiali so zdravju in ko\u017ei prijazni. Oznaka EKO-TEX 100 kon\u010dnim uporabnikom predstavlja dodatne prednosti preverjene varnosti na ko\u017ei. Izdelki Polzela so okolju prijazni izdelki.<\/p>\n<p><strong>Fantasy<\/strong><\/p>\n<p>Vsi uporabljeni materiali so zdravju in ko\u017ei prijazni. Oznaka EKO-TEX 100 kon\u010dnim uporabnikom predstavlja dodatne prednosti preverjene varnosti na ko\u017ei. Izdelki Polzela so okolju prijazni izdelki.<\/p>\n<p><strong>\u00a0<\/strong><\/p>\n","protected":false},"excerpt":{"rendered":"<p><strong>Opis izdelka<\/strong><\/p>\n<p>Polzela Eva\u00a0Elegance so klasi\u010dne hla\u010dne nogavice debeline 20den svilenega mat izgleda s klasi\u010dnim hla\u010dnim delom. Posebno udobje z dodatkom Aloa Vere.<\/p>\n<p><strong>Sestava:<\/strong> 90% Poliamid, 10% Elastan<\/p>\n[caption id=\"attachment_1520\" align=\"alignleft\" width=\"70\"]<img loading=\"lazy\" decoding=\"async\" class=\"wp-image-1520 size-full\" src=\"https:\/\/www.polzela.com\/si\/wp-content\/uploads\/sites\/2\/2016\/08\/PLOSKI-SIV-e1471331252338.jpg\" alt=\"Ploski \u0161iv\" width=\"70\" height=\"70\" \/> Ploski \u0161iv[\/caption]\n[caption id=\"attachment_2380\" align=\"alignleft\" width=\"70\"]<img loading=\"lazy\" decoding=\"async\" class=\"wp-image-2380\" src=\"https:\/\/www.polzela.com\/si\/wp-content\/uploads\/sites\/2\/2016\/09\/PO_IKONA_SOFT_TOUCH-300x300.png\" alt=\"Izjemno mehke nogavice\" width=\"70\" height=\"70\" srcset=\"https:\/\/www.polzela.com\/si\/wp-content\/uploads\/sites\/2\/2016\/09\/PO_IKONA_SOFT_TOUCH-300x300.png 300w, https:\/\/www.polzela.com\/si\/wp-content\/uploads\/sites\/2\/2016\/09\/PO_IKONA_SOFT_TOUCH-150x150.png 150w, https:\/\/www.polzela.com\/si\/wp-content\/uploads\/sites\/2\/2016\/09\/PO_IKONA_SOFT_TOUCH-768x768.png 768w, https:\/\/www.polzela.com\/si\/wp-content\/uploads\/sites\/2\/2016\/09\/PO_IKONA_SOFT_TOUCH-90x90.png 90w, https:\/\/www.polzela.com\/si\/wp-content\/uploads\/sites\/2\/2016\/09\/PO_IKONA_SOFT_TOUCH.png 800w\" sizes=\"auto, (max-width: 70px) 100vw, 70px\" \/> Izjemno mehko[\/caption]\n","protected":false},"featured_media":9144,"comment_status":"open","ping_status":"closed","template":"","meta":{"om_disable_all_campaigns":false,"_monsterinsights_skip_tracking":false,"_monsterinsights_sitenote_active":false,"_monsterinsights_sitenote_note":"","_monsterinsights_sitenote_category":0},"product_cat":[42,374],"product_tag":[],"class_list":["post-2781","product","type-product","status-publish","has-post-thumbnail","hentry","product_cat-zenske","product_cat-hlacne-nogavice"],"bundled_by":[],"bundle_stock_status":"instock","bundle_stock_quantity":null,"bundle_virtual":false,"bundle_layout":"","bundle_add_to_cart_form_location":"","bundle_editable_in_cart":false,"bundle_sold_individually_context":"","bundle_item_grouping":"","bundle_min_size":"","bundle_max_size":"","bundled_items":[],"bundle_sell_ids":[],"aioseo_notices":[],"_links":{"self":[{"href":"https:\/\/www.polzela.com\/si\/wp-json\/wp\/v2\/product\/2781","targetHints":{"allow":["GET"]}}],"collection":[{"href":"https:\/\/www.polzela.com\/si\/wp-json\/wp\/v2\/product"}],"about":[{"href":"https:\/\/www.polzela.com\/si\/wp-json\/wp\/v2\/types\/product"}],"replies":[{"embeddable":true,"href":"https:\/\/www.polzela.com\/si\/wp-json\/wp\/v2\/comments?post=2781"}],"wp:featuredmedia":[{"embeddable":true,"href":"https:\/\/www.polzela.com\/si\/wp-json\/wp\/v2\/media\/9144"}],"wp:attachment":[{"href":"https:\/\/www.polzela.com\/si\/wp-json\/wp\/v2\/media?parent=2781"}],"wp:term":[{"taxonomy":"product_cat","embeddable":true,"href":"https:\/\/www.polzela.com\/si\/wp-json\/wp\/v2\/product_cat?post=2781"},{"taxonomy":"product_tag","embeddable":true,"href":"https:\/\/www.polzela.com\/si\/wp-json\/wp\/v2\/product_tag?post=2781"}],"curies":[{"name":"wp","href":"https:\/\/api.w.org\/{rel}","templated":true}]}}