{"id":27577,"date":"2022-10-27T07:56:38","date_gmt":"2022-10-27T05:56:38","guid":{"rendered":"https:\/\/www.polzela.com\/si\/?post_type=product&#038;p=27577"},"modified":"2026-03-14T20:26:40","modified_gmt":"2026-03-14T19:26:40","slug":"novo-moske-nogavice-termo-art-6105","status":"publish","type":"product","link":"https:\/\/www.polzela.com\/si\/product\/novo-moske-nogavice-termo-art-6105\/","title":{"rendered":"Polzela mo\u0161ke nogavice Termo art.6105"},"content":{"rendered":"<h2><strong>POLZELA Comfort Cotton touch<\/strong><\/h2>\n<p>Comfort Cotton touch nogavice so narejene iz naravnih ko\u017ei prijaznih materialov. Va\u0161e ko\u017ee se dotika ne\u017een bomba\u017e. Nogavice so udobne in se lepo prilegajo nogi. Vsebnost specialnega materiala Klima efekt v nogavici deluje kot naravni termoregulator, ki va\u0161e noge greje pozimi in hladi poleti.<\/p>\n<p>Linija Comfort je linija visoko kakovostnih izdelkov, ki so pleteni iz naravnih ko\u017ei prijaznih materialov. Nogavice poleg osnovne za\u0161\u010dite in prijetnega po\u010dutja nudijo dodatno zdravstveno za\u0161\u010dito, preventivo in udobje. Dodatne funkcionalne lastnosti nogavic dose\u017eemo s posebnimi kombinacijami naravnih materialov in na\u010dini pletenja, ter vsebnostjo dodatnih specialnih materialov. Nogavice Comfort Cotton touch so primerne za udobno pre\u017eivljanje prostega \u010dasa kot tudi za druge prilo\u017enosti.<\/p>\n<p>Vsi uporabljeni materiali so zdravju in ko\u017ei prijazni. Oznaka EKO-TEX 100 kon\u010dnim uporabnikom predstavlja dodatne prednosti preverjene varnosti na ko\u017ei. Izdelki Polzela so okolju prijazni izdelki.<\/p>\n<p>&nbsp;<\/p>\n","protected":false},"excerpt":{"rendered":"<p>Mo\u0161ke nogavice Termo art.6105.<\/p>\n<p><strong>Sestava: <\/strong>85% \u010desan bomba\u017e, 10% poliamid, 5% elastan.<\/p>\n[caption id=\"attachment_1506\" align=\"alignleft\" width=\"70\"]<img loading=\"lazy\" decoding=\"async\" class=\"size-full wp-image-1506\" src=\"https:\/\/www.polzela.com\/si\/wp-content\/uploads\/sites\/2\/2016\/07\/COMFORT-ROB-1-e1471331294827.jpg\" alt=\"COMFORT ROB\" width=\"70\" height=\"70\" \/> Udoben rob[\/caption]\n[caption id=\"attachment_1510\" align=\"alignleft\" width=\"70\"]<img loading=\"lazy\" decoding=\"async\" class=\"size-full wp-image-1510\" src=\"https:\/\/www.polzela.com\/si\/wp-content\/uploads\/sites\/2\/2016\/07\/TERMOREGULATOR-e1471331269187.jpg\" alt=\"TERMOREGULATOR\" width=\"70\" height=\"70\" \/> Termoreg.[\/caption]\n[caption id=\"attachment_1509\" align=\"alignleft\" width=\"70\"]<img loading=\"lazy\" decoding=\"async\" class=\"size-full wp-image-1509\" src=\"https:\/\/www.polzela.com\/si\/wp-content\/uploads\/sites\/2\/2016\/07\/SOFT-TOUCH-e1471331274468.jpg\" alt=\"SOFT TOUCH\" width=\"70\" height=\"70\" \/> Izjemno mehko[\/caption]\n","protected":false},"featured_media":50025,"comment_status":"open","ping_status":"closed","template":"","meta":{"om_disable_all_campaigns":false,"_monsterinsights_skip_tracking":false,"_monsterinsights_sitenote_active":false,"_monsterinsights_sitenote_note":"","_monsterinsights_sitenote_category":0},"product_cat":[531],"product_tag":[836,1314,572],"class_list":["post-27577","product","type-product","status-publish","has-post-thumbnail","hentry","product_cat-nogavice-moski","product_tag-moske","product_tag-popusti-50","product_tag-termo"],"bundled_by":[],"bundle_stock_status":"instock","bundle_stock_quantity":null,"bundle_virtual":false,"bundle_layout":"","bundle_add_to_cart_form_location":"","bundle_editable_in_cart":false,"bundle_sold_individually_context":"","bundle_item_grouping":"","bundle_min_size":"","bundle_max_size":"","bundled_items":[],"bundle_sell_ids":[],"aioseo_notices":[],"_links":{"self":[{"href":"https:\/\/www.polzela.com\/si\/wp-json\/wp\/v2\/product\/27577","targetHints":{"allow":["GET"]}}],"collection":[{"href":"https:\/\/www.polzela.com\/si\/wp-json\/wp\/v2\/product"}],"about":[{"href":"https:\/\/www.polzela.com\/si\/wp-json\/wp\/v2\/types\/product"}],"replies":[{"embeddable":true,"href":"https:\/\/www.polzela.com\/si\/wp-json\/wp\/v2\/comments?post=27577"}],"wp:featuredmedia":[{"embeddable":true,"href":"https:\/\/www.polzela.com\/si\/wp-json\/wp\/v2\/media\/50025"}],"wp:attachment":[{"href":"https:\/\/www.polzela.com\/si\/wp-json\/wp\/v2\/media?parent=27577"}],"wp:term":[{"taxonomy":"product_cat","embeddable":true,"href":"https:\/\/www.polzela.com\/si\/wp-json\/wp\/v2\/product_cat?post=27577"},{"taxonomy":"product_tag","embeddable":true,"href":"https:\/\/www.polzela.com\/si\/wp-json\/wp\/v2\/product_tag?post=27577"}],"curies":[{"name":"wp","href":"https:\/\/api.w.org\/{rel}","templated":true}]}}