{"id":27427,"date":"2022-10-25T12:24:15","date_gmt":"2022-10-25T10:24:15","guid":{"rendered":"https:\/\/www.polzela.com\/si\/?post_type=product&#038;p=27427"},"modified":"2026-02-11T10:00:45","modified_gmt":"2026-02-11T09:00:45","slug":"unisex-tople-nogavice-iz-merino-volne-art-3555","status":"publish","type":"product","link":"https:\/\/www.polzela.com\/si\/product\/unisex-tople-nogavice-iz-merino-volne-art-3555\/","title":{"rendered":"Unisex tople nogavice iz Merino volne art.3555"},"content":{"rendered":"","protected":false},"excerpt":{"rendered":"<p><strong>Opis izdelka:<\/strong><\/p>\n<p>Unisex nogavice za prosti \u010das narejene iz Merino volne, ki je ne\u017ena do ko\u017ee. Nogavice so antibakterijske s podporo pri loku. Hitro su\u0161e\u010de in izjemno tople, volna pa je pridobljena na eti\u010den na\u010din.<\/p>\n<p><strong>Sestava<\/strong>: 40% merino volna, 44% akril, 15% poliamid, 1% Elastan<\/p>\n<div class=\"mceTemp\"><\/div>\n","protected":false},"featured_media":27192,"comment_status":"open","ping_status":"closed","template":"","meta":{"om_disable_all_campaigns":false,"_monsterinsights_skip_tracking":false,"_monsterinsights_sitenote_active":false,"_monsterinsights_sitenote_note":"","_monsterinsights_sitenote_category":0},"product_cat":[531,42,373],"product_tag":[876,768,1314,627],"class_list":["post-27427","product","type-product","status-publish","has-post-thumbnail","hentry","product_cat-nogavice-moski","product_cat-zenske","product_cat-zenske-nogavice","product_tag-merino","product_tag-nogavice","product_tag-popusti-50","product_tag-unisex"],"bundled_by":[],"bundle_stock_status":"instock","bundle_stock_quantity":null,"bundle_virtual":false,"bundle_layout":"","bundle_add_to_cart_form_location":"","bundle_editable_in_cart":false,"bundle_sold_individually_context":"","bundle_item_grouping":"","bundle_min_size":"","bundle_max_size":"","bundled_items":[],"bundle_sell_ids":[],"aioseo_notices":[],"_links":{"self":[{"href":"https:\/\/www.polzela.com\/si\/wp-json\/wp\/v2\/product\/27427","targetHints":{"allow":["GET"]}}],"collection":[{"href":"https:\/\/www.polzela.com\/si\/wp-json\/wp\/v2\/product"}],"about":[{"href":"https:\/\/www.polzela.com\/si\/wp-json\/wp\/v2\/types\/product"}],"replies":[{"embeddable":true,"href":"https:\/\/www.polzela.com\/si\/wp-json\/wp\/v2\/comments?post=27427"}],"wp:featuredmedia":[{"embeddable":true,"href":"https:\/\/www.polzela.com\/si\/wp-json\/wp\/v2\/media\/27192"}],"wp:attachment":[{"href":"https:\/\/www.polzela.com\/si\/wp-json\/wp\/v2\/media?parent=27427"}],"wp:term":[{"taxonomy":"product_cat","embeddable":true,"href":"https:\/\/www.polzela.com\/si\/wp-json\/wp\/v2\/product_cat?post=27427"},{"taxonomy":"product_tag","embeddable":true,"href":"https:\/\/www.polzela.com\/si\/wp-json\/wp\/v2\/product_tag?post=27427"}],"curies":[{"name":"wp","href":"https:\/\/api.w.org\/{rel}","templated":true}]}}