{"id":27303,"date":"2022-10-21T11:25:23","date_gmt":"2022-10-21T09:25:23","guid":{"rendered":"https:\/\/www.polzela.com\/si\/?post_type=product&#038;p=27303"},"modified":"2024-11-26T10:49:39","modified_gmt":"2024-11-26T09:49:39","slug":"sportne-unisex-nogavice-coolmax-art-2149-bela","status":"publish","type":"product","link":"https:\/\/www.polzela.com\/si\/product\/sportne-unisex-nogavice-coolmax-art-2149-bela\/","title":{"rendered":"\u0160portne unisex nogavice Coolmax art. 2149"},"content":{"rendered":"<h2><strong>POLZELA Free Style Multisport Sanitized<br \/>\n<\/strong><\/h2>\n<p>Delujejo kot vgrajeni deodorant izdelane so iz specialne preje CoolMax Active, ki je dodatno obdelana s Sanitized sredstvom.<\/p>\n<p>Integrirani Sanitized z aktivno funkcijo preventivnega delovanja, zagotavlja za\u0161\u010dito kot vgrajeni deodorant, deluje antibakterijsko, prepre\u010duje nastajanje neprijetnega vonja in zagotavlja sve\u017eino in dobro po\u010dutje skozi dan. Za\u0161\u010ditno delovanje se ohranja tudi po pranju, ve\u010d kot 10 pranj.<br \/>\nCoolMax material ohranja va\u0161e noge suhe, saj vlaga prehaja stran od ko\u017ee, ter prepre\u010duje nastanek bakterij in neprijetnega vonja.<\/p>\n<p>Stopalke imajo izredno mehak elasti\u010den rob, ki nudi ve\u010dje udobje pri no\u0161enju.<\/p>\n<p>Nogavice iz linije Multisport so narejene za najbolj zahtevne kupce, mo\u0161ke in \u017eenske. Uporabne so tako za vrhunske \u0161portnike kot tudi za rekreativce. Specialne stopalke so primerne za vse vrste \u0161portnih aktivnosti, tek, tenis, kolesarjenje in \u0161tevilne druge \u0161portne u\u017eitke.<\/p>\n<p>Vsi uporabljeni materiali so zdravju in ko\u017ei prijazni. Oznaka EKO-TEX 100 kon\u010dnim uporabnikom predstavlja dodatne prednosti preverjene varnosti na ko\u017ei. Izdelki Polzela so okolju prijazni izdelki.<\/p>\n<p>&nbsp;<\/p>\n<p>&nbsp;<\/p>\n","protected":false},"excerpt":{"rendered":"<p>CoolMax material ohranja va\u0161e noge suhe, saj vlaga prehaja stran od ko\u017ee, ter prepre\u010duje nastanek bakterij in neprijetnega vonja.<\/p>\n<p>Sestava: 80% poliester, 18% poliamid, 2% elastan<\/p>\n<p>Delujejo kot vgrajeni deodorant izdelane so iz specialne preje CoolMax Active, ki je dodatno obdelana s Sanitized sredstvom.<\/p>\n<p>Integrirani Sanitized z aktivno funkcijo preventivnega delovanja, zagotavlja za\u0161\u010dito kot vgrajeni deodorant, deluje antibakterijsko, prepre\u010duje nastajanje neprijetnega vonja in zagotavlja sve\u017eino in dobro po\u010dutje skozi dan. Za\u0161\u010ditno delovanje se ohranja tudi po pranju, ve\u010d kot 10 pranj.<br \/>\nCoolMax material ohranja va\u0161e noge suhe, saj vlaga prehaja stran od ko\u017ee, ter prepre\u010duje nastanek bakterij in neprijetnega vonja.<\/p>\n<p>Nogavic imajo izredno mehak elasti\u010den rob, ki nudi ve\u010dje udobje pri no\u0161enju.<\/p>\n<p>Nogavice iz linije Multisport so narejene za najbolj zahtevne kupce, mo\u0161ke in \u017eenske. Uporabne so tako za vrhunske \u0161portnike kot tudi za rekreativce. Specialne stopalke so primerne za vse vrste \u0161portnih aktivnosti, tek, tenis, kolesarjenje in \u0161tevilne druge \u0161portne u\u017eitke.<\/p>\n<p>Vsi uporabljeni materiali so zdravju in ko\u017ei prijazni. Oznaka EKO-TEX 100 kon\u010dnim uporabnikom predstavlja dodatne prednosti preverjene varnosti na ko\u017ei. Izdelki Polzela so okolju prijazni izdelki.<\/p>\n<p>&nbsp;<\/p>\n[caption id=\"attachment_1505\" align=\"alignleft\" width=\"70\"]<img loading=\"lazy\" decoding=\"async\" class=\"size-full wp-image-1505\" src=\"https:\/\/www.polzela.com\/si\/wp-content\/uploads\/sites\/2\/2016\/05\/ANTIBAKTERIJSKO-e1471331298155.jpg\" alt=\"ANTIBAKTERIJSKO\" width=\"70\" height=\"70\" \/> Brez vonja[\/caption]\n[caption id=\"attachment_1504\" align=\"alignleft\" width=\"70\"]<img loading=\"lazy\" decoding=\"async\" class=\"size-full wp-image-1504\" src=\"https:\/\/www.polzela.com\/si\/wp-content\/uploads\/sites\/2\/2016\/05\/ANTIALERGIJSKO-e1471331302960.jpg\" alt=\"ANTIALERGIJSKO\" width=\"70\" height=\"70\" \/> Antialergij.[\/caption]\n","protected":false},"featured_media":44596,"comment_status":"open","ping_status":"closed","template":"","meta":{"om_disable_all_campaigns":false,"_monsterinsights_skip_tracking":false,"_monsterinsights_sitenote_active":false,"_monsterinsights_sitenote_note":"","_monsterinsights_sitenote_category":0},"product_cat":[40,978,41],"product_tag":[883,857,684,868],"class_list":["post-27303","product","type-product","status-publish","has-post-thumbnail","hentry","product_cat-sport","product_cat-sportne-nogavice","product_cat-unisex","product_tag-coolmax","product_tag-polzela","product_tag-sport","product_tag-sport-nogavice"],"bundled_by":[],"bundle_stock_status":"instock","bundle_stock_quantity":null,"bundle_virtual":false,"bundle_layout":"","bundle_add_to_cart_form_location":"","bundle_editable_in_cart":false,"bundle_sold_individually_context":"","bundle_item_grouping":"","bundle_min_size":"","bundle_max_size":"","bundled_items":[],"bundle_sell_ids":[],"aioseo_notices":[],"_links":{"self":[{"href":"https:\/\/www.polzela.com\/si\/wp-json\/wp\/v2\/product\/27303","targetHints":{"allow":["GET"]}}],"collection":[{"href":"https:\/\/www.polzela.com\/si\/wp-json\/wp\/v2\/product"}],"about":[{"href":"https:\/\/www.polzela.com\/si\/wp-json\/wp\/v2\/types\/product"}],"replies":[{"embeddable":true,"href":"https:\/\/www.polzela.com\/si\/wp-json\/wp\/v2\/comments?post=27303"}],"wp:featuredmedia":[{"embeddable":true,"href":"https:\/\/www.polzela.com\/si\/wp-json\/wp\/v2\/media\/44596"}],"wp:attachment":[{"href":"https:\/\/www.polzela.com\/si\/wp-json\/wp\/v2\/media?parent=27303"}],"wp:term":[{"taxonomy":"product_cat","embeddable":true,"href":"https:\/\/www.polzela.com\/si\/wp-json\/wp\/v2\/product_cat?post=27303"},{"taxonomy":"product_tag","embeddable":true,"href":"https:\/\/www.polzela.com\/si\/wp-json\/wp\/v2\/product_tag?post=27303"}],"curies":[{"name":"wp","href":"https:\/\/api.w.org\/{rel}","templated":true}]}}