{"id":25856,"date":"2022-09-06T12:39:25","date_gmt":"2022-09-06T10:39:25","guid":{"rendered":"https:\/\/www.polzela.com\/si\/?post_type=product&#038;p=25856"},"modified":"2025-11-26T08:15:37","modified_gmt":"2025-11-26T07:15:37","slug":"dekliske-hlacne-nogavice-z-elastanom-7640","status":"publish","type":"product","link":"https:\/\/www.polzela.com\/si\/product\/dekliske-hlacne-nogavice-z-elastanom-7640\/","title":{"rendered":"Dekli\u0161ke hla\u010dne nogavice z elastanom BRINA (7640)"},"content":{"rendered":"","protected":false},"excerpt":{"rendered":"<p><strong>Opis izdelka<\/strong><\/p>\n<p>Dekli\u0161ke hla\u010dne nogavice z elastanom. Z njimi so deklice v vsakdanjem \u017eivljenju, pri igri, \u0161portu, zabavi in posebnih prilo\u017enostih oble\u010deni v kvalitetne in udobne hla\u010dne nogavice.<\/p>\n<p><strong>Sestava:<\/strong> 95% Poliamid, 5% Elastan<\/p>\n","protected":false},"featured_media":29496,"comment_status":"open","ping_status":"closed","template":"","meta":{"om_disable_all_campaigns":false,"_monsterinsights_skip_tracking":false,"_monsterinsights_sitenote_active":false,"_monsterinsights_sitenote_note":"","_monsterinsights_sitenote_category":0},"product_cat":[39],"product_tag":[],"class_list":["post-25856","product","type-product","status-publish","has-post-thumbnail","hentry","product_cat-oblacila"],"bundled_by":[],"bundle_stock_status":"instock","bundle_stock_quantity":null,"bundle_virtual":false,"bundle_layout":"","bundle_add_to_cart_form_location":"","bundle_editable_in_cart":false,"bundle_sold_individually_context":"","bundle_item_grouping":"","bundle_min_size":"","bundle_max_size":"","bundled_items":[],"bundle_sell_ids":[],"aioseo_notices":[],"_links":{"self":[{"href":"https:\/\/www.polzela.com\/si\/wp-json\/wp\/v2\/product\/25856","targetHints":{"allow":["GET"]}}],"collection":[{"href":"https:\/\/www.polzela.com\/si\/wp-json\/wp\/v2\/product"}],"about":[{"href":"https:\/\/www.polzela.com\/si\/wp-json\/wp\/v2\/types\/product"}],"replies":[{"embeddable":true,"href":"https:\/\/www.polzela.com\/si\/wp-json\/wp\/v2\/comments?post=25856"}],"wp:featuredmedia":[{"embeddable":true,"href":"https:\/\/www.polzela.com\/si\/wp-json\/wp\/v2\/media\/29496"}],"wp:attachment":[{"href":"https:\/\/www.polzela.com\/si\/wp-json\/wp\/v2\/media?parent=25856"}],"wp:term":[{"taxonomy":"product_cat","embeddable":true,"href":"https:\/\/www.polzela.com\/si\/wp-json\/wp\/v2\/product_cat?post=25856"},{"taxonomy":"product_tag","embeddable":true,"href":"https:\/\/www.polzela.com\/si\/wp-json\/wp\/v2\/product_tag?post=25856"}],"curies":[{"name":"wp","href":"https:\/\/api.w.org\/{rel}","templated":true}]}}