{"id":25825,"date":"2022-09-05T11:52:49","date_gmt":"2022-09-05T09:52:49","guid":{"rendered":"https:\/\/www.polzela.com\/si\/?post_type=product&#038;p=25825"},"modified":"2026-03-29T22:45:58","modified_gmt":"2026-03-29T20:45:58","slug":"zenske-bombazne-nogavice-5212","status":"publish","type":"product","link":"https:\/\/www.polzela.com\/si\/product\/zenske-bombazne-nogavice-5212\/","title":{"rendered":"\u017denske bomba\u017ene nogavice art.5212 2 pak"},"content":{"rendered":"<p>Modne nogavice v razli\u010dnih vzorcih in barvnih kombinacijah. Nogavice so izdelane iz \u010desanega bomba\u017ea s specialno obdelavo.<\/p>\n","protected":false},"excerpt":{"rendered":"<p>Modne \u017eenske nogavice v sivi barvi z barvnimi rombi.<strong> V pakiranju sta dva para nogavic<\/strong>.<\/p>\n<p><strong>Sestava: <\/strong>78% bomba\u017e, 20% poliamid, 2% elastan<\/p>\n","protected":false},"featured_media":27184,"comment_status":"open","ping_status":"closed","template":"","meta":{"om_disable_all_campaigns":false,"_monsterinsights_skip_tracking":false,"_monsterinsights_sitenote_active":false,"_monsterinsights_sitenote_note":"","_monsterinsights_sitenote_category":0},"product_cat":[42,373],"product_tag":[866,604,747,857,1314],"class_list":["post-25825","product","type-product","status-publish","has-post-thumbnail","hentry","product_cat-zenske","product_cat-zenske-nogavice","product_tag-2-pak","product_tag-bombaz","product_tag-cotton","product_tag-polzela","product_tag-popusti-50"],"bundled_by":[],"bundle_stock_status":"instock","bundle_stock_quantity":null,"bundle_virtual":false,"bundle_layout":"","bundle_add_to_cart_form_location":"","bundle_editable_in_cart":false,"bundle_sold_individually_context":"","bundle_item_grouping":"","bundle_min_size":"","bundle_max_size":"","bundled_items":[],"bundle_sell_ids":[],"aioseo_notices":[],"_links":{"self":[{"href":"https:\/\/www.polzela.com\/si\/wp-json\/wp\/v2\/product\/25825","targetHints":{"allow":["GET"]}}],"collection":[{"href":"https:\/\/www.polzela.com\/si\/wp-json\/wp\/v2\/product"}],"about":[{"href":"https:\/\/www.polzela.com\/si\/wp-json\/wp\/v2\/types\/product"}],"replies":[{"embeddable":true,"href":"https:\/\/www.polzela.com\/si\/wp-json\/wp\/v2\/comments?post=25825"}],"wp:featuredmedia":[{"embeddable":true,"href":"https:\/\/www.polzela.com\/si\/wp-json\/wp\/v2\/media\/27184"}],"wp:attachment":[{"href":"https:\/\/www.polzela.com\/si\/wp-json\/wp\/v2\/media?parent=25825"}],"wp:term":[{"taxonomy":"product_cat","embeddable":true,"href":"https:\/\/www.polzela.com\/si\/wp-json\/wp\/v2\/product_cat?post=25825"},{"taxonomy":"product_tag","embeddable":true,"href":"https:\/\/www.polzela.com\/si\/wp-json\/wp\/v2\/product_tag?post=25825"}],"curies":[{"name":"wp","href":"https:\/\/api.w.org\/{rel}","templated":true}]}}