{"id":25743,"date":"2022-09-01T09:26:40","date_gmt":"2022-09-01T07:26:40","guid":{"rendered":"https:\/\/www.polzela.com\/si\/?post_type=product&#038;p=25743"},"modified":"2026-03-20T09:55:30","modified_gmt":"2026-03-20T08:55:30","slug":"pompea-nogavice-ideale-15-2pr","status":"publish","type":"product","link":"https:\/\/www.polzela.com\/si\/product\/pompea-nogavice-ideale-15-2pr\/","title":{"rendered":"Pompea nogavice  Ideale 15 2pr"},"content":{"rendered":"","protected":false},"excerpt":{"rendered":"<p><strong>Opis izdelka:<\/strong><\/p>\n<p>15 den nogavi\u010dke z mehkim roll-top robom za \u0161e ve\u010dje udobje. 2 kosa v pakiranju.<\/p>\n<p><strong>Sestava: <\/strong>83% Poliamid, 17% Elastan<\/p>\n<p><img loading=\"lazy\" decoding=\"async\" class=\"alignnone size-medium wp-image-19253\" src=\"https:\/\/www.polzela.com\/si\/wp-content\/uploads\/sites\/2\/2021\/11\/LOGO-POMPEA-NERO_-300x78.png\" alt=\"\" width=\"300\" height=\"78\" srcset=\"https:\/\/www.polzela.com\/si\/wp-content\/uploads\/sites\/2\/2021\/11\/LOGO-POMPEA-NERO_-300x78.png 300w, https:\/\/www.polzela.com\/si\/wp-content\/uploads\/sites\/2\/2021\/11\/LOGO-POMPEA-NERO_-1024x267.png 1024w, https:\/\/www.polzela.com\/si\/wp-content\/uploads\/sites\/2\/2021\/11\/LOGO-POMPEA-NERO_-768x200.png 768w, https:\/\/www.polzela.com\/si\/wp-content\/uploads\/sites\/2\/2021\/11\/LOGO-POMPEA-NERO_-570x149.png 570w, https:\/\/www.polzela.com\/si\/wp-content\/uploads\/sites\/2\/2021\/11\/LOGO-POMPEA-NERO_.png 1435w\" sizes=\"auto, (max-width: 300px) 100vw, 300px\" \/><\/p>\n","protected":false},"featured_media":41863,"comment_status":"open","ping_status":"closed","template":"","meta":{"om_disable_all_campaigns":false,"_monsterinsights_skip_tracking":false,"_monsterinsights_sitenote_active":false,"_monsterinsights_sitenote_note":"","_monsterinsights_sitenote_category":0},"product_cat":[42,373],"product_tag":[768,857,526],"class_list":["post-25743","product","type-product","status-publish","has-post-thumbnail","hentry","product_cat-zenske","product_cat-zenske-nogavice","product_tag-nogavice","product_tag-polzela","product_tag-perilo-pompea"],"bundled_by":[],"bundle_stock_status":"instock","bundle_stock_quantity":null,"bundle_virtual":false,"bundle_layout":"","bundle_add_to_cart_form_location":"","bundle_editable_in_cart":false,"bundle_sold_individually_context":"","bundle_item_grouping":"","bundle_min_size":"","bundle_max_size":"","bundled_items":[],"bundle_sell_ids":[],"aioseo_notices":[],"_links":{"self":[{"href":"https:\/\/www.polzela.com\/si\/wp-json\/wp\/v2\/product\/25743","targetHints":{"allow":["GET"]}}],"collection":[{"href":"https:\/\/www.polzela.com\/si\/wp-json\/wp\/v2\/product"}],"about":[{"href":"https:\/\/www.polzela.com\/si\/wp-json\/wp\/v2\/types\/product"}],"replies":[{"embeddable":true,"href":"https:\/\/www.polzela.com\/si\/wp-json\/wp\/v2\/comments?post=25743"}],"wp:featuredmedia":[{"embeddable":true,"href":"https:\/\/www.polzela.com\/si\/wp-json\/wp\/v2\/media\/41863"}],"wp:attachment":[{"href":"https:\/\/www.polzela.com\/si\/wp-json\/wp\/v2\/media?parent=25743"}],"wp:term":[{"taxonomy":"product_cat","embeddable":true,"href":"https:\/\/www.polzela.com\/si\/wp-json\/wp\/v2\/product_cat?post=25743"},{"taxonomy":"product_tag","embeddable":true,"href":"https:\/\/www.polzela.com\/si\/wp-json\/wp\/v2\/product_tag?post=25743"}],"curies":[{"name":"wp","href":"https:\/\/api.w.org\/{rel}","templated":true}]}}