{"id":25700,"date":"2022-08-31T12:17:01","date_gmt":"2022-08-31T10:17:01","guid":{"rendered":"https:\/\/www.polzela.com\/si\/?post_type=product&#038;p=25700"},"modified":"2026-04-08T13:11:50","modified_gmt":"2026-04-08T11:11:50","slug":"hlacne-nogavice-pompea-top-20","status":"publish","type":"product","link":"https:\/\/www.polzela.com\/si\/product\/hlacne-nogavice-pompea-top-20\/","title":{"rendered":"Hla\u010dne nogavice Pompea TOP 20"},"content":{"rendered":"","protected":false},"excerpt":{"rendered":"<p><strong>Opis izdelka<\/strong><\/p>\n<p><span class=\"Y2IQFc\" lang=\"sl\">Prosojne mat hla\u010dne nogavice TOP 20 so popolne za vsakodnevno udobje. Hla\u010dnice in prsti so oja\u010dani, raztegljiv pas pa se popolnoma prilega brez ob\u010dutka tesnosti ali pu\u0161\u010danja sledi na ko\u017ei po no\u0161enju.<\/span><\/p>\n<p><strong>Sestava:<\/strong> 90% poliamid, 10% elastan.<\/p>\n<p><img loading=\"lazy\" decoding=\"async\" class=\"alignnone size-medium wp-image-19253\" src=\"https:\/\/www.polzela.com\/si\/wp-content\/uploads\/sites\/2\/2021\/11\/LOGO-POMPEA-NERO_-300x78.png\" alt=\"\" width=\"300\" height=\"78\" srcset=\"https:\/\/www.polzela.com\/si\/wp-content\/uploads\/sites\/2\/2021\/11\/LOGO-POMPEA-NERO_-300x78.png 300w, https:\/\/www.polzela.com\/si\/wp-content\/uploads\/sites\/2\/2021\/11\/LOGO-POMPEA-NERO_-1024x267.png 1024w, https:\/\/www.polzela.com\/si\/wp-content\/uploads\/sites\/2\/2021\/11\/LOGO-POMPEA-NERO_-768x200.png 768w, https:\/\/www.polzela.com\/si\/wp-content\/uploads\/sites\/2\/2021\/11\/LOGO-POMPEA-NERO_-570x149.png 570w, https:\/\/www.polzela.com\/si\/wp-content\/uploads\/sites\/2\/2021\/11\/LOGO-POMPEA-NERO_.png 1435w\" sizes=\"auto, (max-width: 300px) 100vw, 300px\" \/><\/p>\n","protected":false},"featured_media":25892,"comment_status":"open","ping_status":"closed","template":"","meta":{"om_disable_all_campaigns":false,"_monsterinsights_skip_tracking":false,"_monsterinsights_sitenote_active":false,"_monsterinsights_sitenote_note":"","_monsterinsights_sitenote_category":0},"product_cat":[42,374],"product_tag":[853,890,526],"class_list":["post-25700","product","type-product","status-publish","has-post-thumbnail","hentry","product_cat-zenske","product_cat-hlacne-nogavice","product_tag-20-den","product_tag-hlacne-nogavice","product_tag-perilo-pompea"],"bundled_by":[],"bundle_stock_status":"instock","bundle_stock_quantity":null,"bundle_virtual":false,"bundle_layout":"","bundle_add_to_cart_form_location":"","bundle_editable_in_cart":false,"bundle_sold_individually_context":"","bundle_item_grouping":"","bundle_min_size":"","bundle_max_size":"","bundled_items":[],"bundle_sell_ids":[],"aioseo_notices":[],"_links":{"self":[{"href":"https:\/\/www.polzela.com\/si\/wp-json\/wp\/v2\/product\/25700","targetHints":{"allow":["GET"]}}],"collection":[{"href":"https:\/\/www.polzela.com\/si\/wp-json\/wp\/v2\/product"}],"about":[{"href":"https:\/\/www.polzela.com\/si\/wp-json\/wp\/v2\/types\/product"}],"replies":[{"embeddable":true,"href":"https:\/\/www.polzela.com\/si\/wp-json\/wp\/v2\/comments?post=25700"}],"wp:featuredmedia":[{"embeddable":true,"href":"https:\/\/www.polzela.com\/si\/wp-json\/wp\/v2\/media\/25892"}],"wp:attachment":[{"href":"https:\/\/www.polzela.com\/si\/wp-json\/wp\/v2\/media?parent=25700"}],"wp:term":[{"taxonomy":"product_cat","embeddable":true,"href":"https:\/\/www.polzela.com\/si\/wp-json\/wp\/v2\/product_cat?post=25700"},{"taxonomy":"product_tag","embeddable":true,"href":"https:\/\/www.polzela.com\/si\/wp-json\/wp\/v2\/product_tag?post=25700"}],"curies":[{"name":"wp","href":"https:\/\/api.w.org\/{rel}","templated":true}]}}