{"id":25660,"date":"2022-08-31T08:53:25","date_gmt":"2022-08-31T06:53:25","guid":{"rendered":"https:\/\/www.polzela.com\/si\/?post_type=product&#038;p=25660"},"modified":"2026-05-13T22:36:16","modified_gmt":"2026-05-13T20:36:16","slug":"klasicne-hlacne-nogavice-sensation-15den-9250","status":"publish","type":"product","link":"https:\/\/www.polzela.com\/si\/product\/klasicne-hlacne-nogavice-sensation-15den-9250\/","title":{"rendered":"Klasi\u010dne hla\u010dne nogavice Sensation 15den (9250)"},"content":{"rendered":"<p>Vsi uporabljeni materiali so zdravju in ko\u017ei prijazni. Oznaka EKO-TEX 100 kon\u010dnim uporabnikom predstavlja dodatne prednosti preverjene varnosti na ko\u017ei. Izdelki Polzela so okolju prijazni izdelki.<\/p>\n","protected":false},"excerpt":{"rendered":"<p><strong>Opis izdelka:<\/strong><\/p>\n<p>Elegantne svetle\u010de hla\u010dne nogavice z v\u0161itkom za dodatno udobje, udobnim pasom in oja\u010danimi prsti.<\/p>\n<p>*Nogavice so na voljo v \u0161estih barvah. Fotografija prikazuje le barvo Solera.<\/p>\n<p><strong>Sestava:<\/strong> 94% Poliamid, 6% Elastan<\/p>\n<p>&nbsp;<\/p>\n<p>&nbsp;<\/p>\n","protected":false},"featured_media":25882,"comment_status":"open","ping_status":"closed","template":"","meta":{"om_disable_all_campaigns":false,"_monsterinsights_skip_tracking":false,"_monsterinsights_sitenote_active":false,"_monsterinsights_sitenote_note":"","_monsterinsights_sitenote_category":0},"product_cat":[42,374],"product_tag":[852,1333,890,857,888],"class_list":["post-25660","product","type-product","status-publish","has-post-thumbnail","hentry","product_cat-zenske","product_cat-hlacne-nogavice","product_tag-15-den","product_tag-1333","product_tag-hlacne-nogavice","product_tag-polzela","product_tag-polzela-nogavice"],"bundled_by":[],"bundle_stock_status":"instock","bundle_stock_quantity":null,"bundle_virtual":false,"bundle_layout":"","bundle_add_to_cart_form_location":"","bundle_editable_in_cart":false,"bundle_sold_individually_context":"","bundle_item_grouping":"","bundle_min_size":"","bundle_max_size":"","bundled_items":[],"bundle_sell_ids":[],"aioseo_notices":[],"_links":{"self":[{"href":"https:\/\/www.polzela.com\/si\/wp-json\/wp\/v2\/product\/25660","targetHints":{"allow":["GET"]}}],"collection":[{"href":"https:\/\/www.polzela.com\/si\/wp-json\/wp\/v2\/product"}],"about":[{"href":"https:\/\/www.polzela.com\/si\/wp-json\/wp\/v2\/types\/product"}],"replies":[{"embeddable":true,"href":"https:\/\/www.polzela.com\/si\/wp-json\/wp\/v2\/comments?post=25660"}],"wp:featuredmedia":[{"embeddable":true,"href":"https:\/\/www.polzela.com\/si\/wp-json\/wp\/v2\/media\/25882"}],"wp:attachment":[{"href":"https:\/\/www.polzela.com\/si\/wp-json\/wp\/v2\/media?parent=25660"}],"wp:term":[{"taxonomy":"product_cat","embeddable":true,"href":"https:\/\/www.polzela.com\/si\/wp-json\/wp\/v2\/product_cat?post=25660"},{"taxonomy":"product_tag","embeddable":true,"href":"https:\/\/www.polzela.com\/si\/wp-json\/wp\/v2\/product_tag?post=25660"}],"curies":[{"name":"wp","href":"https:\/\/api.w.org\/{rel}","templated":true}]}}