{"id":25188,"date":"2022-07-04T23:10:46","date_gmt":"2022-07-04T21:10:46","guid":{"rendered":"https:\/\/www.polzela.com\/si\/?post_type=product&#038;p=25188"},"modified":"2025-08-09T20:21:32","modified_gmt":"2025-08-09T18:21:32","slug":"issimo-moske-bombazne-nizke-nogavice-stopalke-i221","status":"publish","type":"product","link":"https:\/\/www.polzela.com\/si\/product\/issimo-moske-bombazne-nizke-nogavice-stopalke-i221\/","title":{"rendered":"Issimo mo\u0161ke bomba\u017ene nizke nogavice stopalke I221"},"content":{"rendered":"","protected":false},"excerpt":{"rendered":"<p><strong>Opis izdelka:<\/strong><\/p>\n<p>Stopalke so idealne za takrat, ko \u017eelite, da se nogavice najmanj opazijo. Bomba\u017e skrbi, da so noge prijetno tople. Nevidne stopalke, zagotavljajo za\u0161\u010dito va\u0161ih stopal.<\/p>\n<p>Bomba\u017ene stopalke iz \u010desanega bomba\u017ea.<\/p>\n[caption id=\"attachment_1501\" align=\"alignleft\" width=\"75\"]<img loading=\"lazy\" decoding=\"async\" class=\"wp-image-1501 size-full\" src=\"https:\/\/www.polzela.com\/si\/wp-content\/uploads\/sites\/2\/2016\/07\/BOMBAZ-e1471330077533.jpg\" alt=\"BOMBAZ\" width=\"75\" height=\"75\" \/> Bomba\u017e[\/caption]\n<p>&nbsp;<\/p>\n<p>&nbsp;<\/p>\n<p>&nbsp;<\/p>\n<p><strong>Sestava: <\/strong>75% bomba\u017e, 20% poliamid, 5% elastan.<\/p>\n","protected":false},"featured_media":50048,"comment_status":"open","ping_status":"closed","template":"","meta":{"om_disable_all_campaigns":false,"_monsterinsights_skip_tracking":false,"_monsterinsights_sitenote_active":false,"_monsterinsights_sitenote_note":"","_monsterinsights_sitenote_category":0},"product_cat":[38,531],"product_tag":[747,637],"class_list":["post-25188","product","type-product","status-publish","has-post-thumbnail","hentry","product_cat-moski","product_cat-nogavice-moski","product_tag-cotton","product_tag-stopalke"],"bundled_by":[],"bundle_stock_status":"instock","bundle_stock_quantity":null,"bundle_virtual":false,"bundle_layout":"","bundle_add_to_cart_form_location":"","bundle_editable_in_cart":false,"bundle_sold_individually_context":"","bundle_item_grouping":"","bundle_min_size":"","bundle_max_size":"","bundled_items":[],"bundle_sell_ids":[],"aioseo_notices":[],"_links":{"self":[{"href":"https:\/\/www.polzela.com\/si\/wp-json\/wp\/v2\/product\/25188","targetHints":{"allow":["GET"]}}],"collection":[{"href":"https:\/\/www.polzela.com\/si\/wp-json\/wp\/v2\/product"}],"about":[{"href":"https:\/\/www.polzela.com\/si\/wp-json\/wp\/v2\/types\/product"}],"replies":[{"embeddable":true,"href":"https:\/\/www.polzela.com\/si\/wp-json\/wp\/v2\/comments?post=25188"}],"wp:featuredmedia":[{"embeddable":true,"href":"https:\/\/www.polzela.com\/si\/wp-json\/wp\/v2\/media\/50048"}],"wp:attachment":[{"href":"https:\/\/www.polzela.com\/si\/wp-json\/wp\/v2\/media?parent=25188"}],"wp:term":[{"taxonomy":"product_cat","embeddable":true,"href":"https:\/\/www.polzela.com\/si\/wp-json\/wp\/v2\/product_cat?post=25188"},{"taxonomy":"product_tag","embeddable":true,"href":"https:\/\/www.polzela.com\/si\/wp-json\/wp\/v2\/product_tag?post=25188"}],"curies":[{"name":"wp","href":"https:\/\/api.w.org\/{rel}","templated":true}]}}