{"id":23122,"date":"2022-04-12T13:37:06","date_gmt":"2022-04-12T11:37:06","guid":{"rendered":"https:\/\/www.polzela.com\/si\/?post_type=product&#038;p=23122"},"modified":"2026-05-07T19:10:38","modified_gmt":"2026-05-07T17:10:38","slug":"samostojece-nogavice-noblesse-15-den-art-6215","status":"publish","type":"product","link":"https:\/\/www.polzela.com\/si\/product\/samostojece-nogavice-noblesse-15-den-art-6215\/","title":{"rendered":"Samostoje\u010de nogavice Noblesse 15 den art. 6215"},"content":{"rendered":"<h2><strong>Samostoje\u010de nogavice POLZELA Comfort Sun time<\/strong><\/h2>\n<p>Fine izredno prosojne, zra\u010dne samostoje\u010de nogavice imenujemo tudi Second Skin (druga ko\u017ea) zagotavljajo naraven videz porjavelosti nog, dihajo tudi poleti, noge se ne potijo, primerne tudi za posebne prilo\u017enosti. Nogavice so enako prosojne v dol\u017eini in prstih. Elasti\u010dna \u010dipka z dvojnim silikonskim trakom omogo\u010da dober oprijem in ne stiska<\/p>\n<p>Siderija je preja kjer sta s posebno tehnologijo zdru\u017eena poliamidno in poliuretansko vlakno, pri obdelavi s temperaturo se preja skr\u010di in dobi izredno pro\u017enost, \u010deprav ne vsebuje elastana. To pa minimizira oprijem v vro\u010di sezoni, zato so tak\u0161ne nogavice poleti manj vro\u010de kot nogavice z elastanom.<\/p>\n<p>Preja Sideria zaradi bikomponentne sestave omogo\u010da ekstra tanko in transparentno pletenje, ki ga redkokdaj dose\u017eemo s konvencionalnimi ovitimi prejami.<\/p>\n<p><strong>Linija Comfort <\/strong><\/p>\n<p>Linija visoko kakovostnih izdelkov, ki so pleteni iz naravnih ko\u017ei prijaznih materialov. Za popolno udobje in za\u0161\u010dito va\u0161ih nog. Omilite te\u017eave s kr\u010dnimi \u017eilami, celulitom in ujemite sve\u017e poletni ten na va\u0161ih nogah. Posebne kombinacije razli\u010dnih materialov hla\u010dnih nogavic in dokolenk\u00a0 varujejo va\u0161e noge in\u00a0 jim nudijo dodatno za\u0161\u010dito skupaj z lepim videzom. Negujte svoje noge in jim privo\u0161\u010dite le najbolj\u0161e, energijo in eleganco skozi ves dan z nogavicami Comfort.<\/p>\n<p>Vsi uporabljeni materiali so zdravju in ko\u017ei prijazni. Oznaka EKO-TEX 100 kon\u010dnim uporabnikom predstavlja dodatne prednosti preverjene varnosti na ko\u017ei. Izdelki Polzela so okolju prijazni izdelki.<\/p>\n","protected":false},"excerpt":{"rendered":"<p><strong>Opis izdelka<\/strong><\/p>\n<p>Zapeljive, prosojne samostoje\u010de nogavice debeline 15 DEN se zaklju\u010dijo z elegantno, elasti\u010dno borduro s silikonom, ki bo nogavice zanesljivo obrdr\u017eala na va\u0161ih nogah. Prstni del je neviden, v nogavicah pa se boste po\u010dutili izjemno \u017eenstveno in seksi.<\/p>\n<p>Na voljo so v \u010drni in ko\u017eni barvi.<\/p>\n<p>Zagotavljajo naraven videz porjavelosti nog,\u00a0zra\u010dne tudi poleti, noge se ne potijo, primerne tudi za posebne prilo\u017enosti. Nogavice so enako prosojne v dol\u017eini in prstih. Elasti\u010dna \u010dipka z dvojnim silikonskim trakom omogo\u010da dober oprijem in ne stiska.<\/p>\n[caption id=\"attachment_1508\" align=\"alignleft\" width=\"70\"]<img loading=\"lazy\" decoding=\"async\" class=\" wp-image-1508\" src=\"https:\/\/www.polzela.com\/si\/wp-content\/uploads\/sites\/2\/2016\/07\/PROSOJNI-PRSTI_SIDERIA-e1471330217110.jpg\" alt=\"PROSOJNI PRSTI\" width=\"70\" height=\"70\" \/> Prosojni prsti[\/caption]\n<p>&nbsp;<\/p>\n<p>&nbsp;<\/p>\n<p>&nbsp;<\/p>\n<p>&nbsp;<\/p>\n<p><strong>Sestava:<\/strong>\u00a088% Poliamid, 12% Elastan<\/p>\n","protected":false},"featured_media":23126,"comment_status":"open","ping_status":"closed","template":"","meta":{"om_disable_all_campaigns":false,"_monsterinsights_skip_tracking":false,"_monsterinsights_sitenote_active":false,"_monsterinsights_sitenote_note":"","_monsterinsights_sitenote_category":0},"product_cat":[42,374],"product_tag":[772,771],"class_list":["post-23122","product","type-product","status-publish","has-post-thumbnail","hentry","product_cat-zenske","product_cat-hlacne-nogavice","product_tag-samostojece-nogavice","product_tag-stockings"],"bundled_by":[],"bundle_stock_status":"instock","bundle_stock_quantity":null,"bundle_virtual":false,"bundle_layout":"","bundle_add_to_cart_form_location":"","bundle_editable_in_cart":false,"bundle_sold_individually_context":"","bundle_item_grouping":"","bundle_min_size":"","bundle_max_size":"","bundled_items":[],"bundle_sell_ids":[],"aioseo_notices":[],"_links":{"self":[{"href":"https:\/\/www.polzela.com\/si\/wp-json\/wp\/v2\/product\/23122","targetHints":{"allow":["GET"]}}],"collection":[{"href":"https:\/\/www.polzela.com\/si\/wp-json\/wp\/v2\/product"}],"about":[{"href":"https:\/\/www.polzela.com\/si\/wp-json\/wp\/v2\/types\/product"}],"replies":[{"embeddable":true,"href":"https:\/\/www.polzela.com\/si\/wp-json\/wp\/v2\/comments?post=23122"}],"wp:featuredmedia":[{"embeddable":true,"href":"https:\/\/www.polzela.com\/si\/wp-json\/wp\/v2\/media\/23126"}],"wp:attachment":[{"href":"https:\/\/www.polzela.com\/si\/wp-json\/wp\/v2\/media?parent=23122"}],"wp:term":[{"taxonomy":"product_cat","embeddable":true,"href":"https:\/\/www.polzela.com\/si\/wp-json\/wp\/v2\/product_cat?post=23122"},{"taxonomy":"product_tag","embeddable":true,"href":"https:\/\/www.polzela.com\/si\/wp-json\/wp\/v2\/product_tag?post=23122"}],"curies":[{"name":"wp","href":"https:\/\/api.w.org\/{rel}","templated":true}]}}