{"id":2252,"date":"2016-09-11T18:13:05","date_gmt":"2016-09-11T16:13:05","guid":{"rendered":"https:\/\/www.polzela.com\/si\/izdelek\/boys-girls-dekliske-hlacne-nogavice-brez-stopal-7900\/"},"modified":"2026-02-10T09:43:31","modified_gmt":"2026-02-10T08:43:31","slug":"boys-girls-dekliske-hlacne-nogavice-brez-stopal-7900","status":"publish","type":"product","link":"https:\/\/www.polzela.com\/si\/product\/boys-girls-dekliske-hlacne-nogavice-brez-stopal-7900\/","title":{"rendered":"Boys &amp; Girls &#8211; Dekli\u0161ke hla\u010dne nogavice brez stopal (7900)"},"content":{"rendered":"<h3>POLZELA Boys &amp; Girls &#8211;\u00a0Dekli\u0161ke hla\u010dne nogavice brez stopal<\/h3>\n<p>Nogavi\u010dke brez stopala za modo in prosti \u010das. Iz otrokom prijaznih materialov izdelane nogavice po najsodobnej\u0161ih proizvodnih postopkih imajo brez\u0161ivno povezavo nad prsti, zato so izjemno udobne za no\u0161enje.\u00a0Pro\u017ene in \u017eivih barv ostanejo tudi po mnogih pranjih.<\/p>\n<p>POLZELA Boys &amp; Girls poskrbi,\u00a0da so va\u0161i otroci v vsakdanjem \u017eivljenju, pri igri, \u0161portu, zabavi in posebnih\u00a0prilo\u017enostih\u00a0oble\u010deni v kvalitetne, privla\u010dne in zabavne nogavice.<\/p>\n<p>Linija otro\u0161kih hla\u010dnih nogavica, legic, dokolenk in kratkih nogavi\u010dk narejenih iz naravnih, ko\u017ei prijaznih materialov.<\/p>\n<p>Pisana paleta barv, igrivi domi\u0161ljijski ter pravlji\u010dni liki, ki najmlaj\u0161e popeljejo v svet domi\u0161ljije in zabave risanih junakov.<\/p>\n","protected":false},"excerpt":{"rendered":"<p><strong>Opis izdelka<\/strong><\/p>\n<p>Dekli\u0161ke hla\u010dne nogavice brez stopal POLZELA Boys &amp; Girls poskrbijo,\u00a0da so va\u0161i otroci v vsakdanjem \u017eivljenju, pri igri, \u0161portu, zabavi in posebnih\u00a0prilo\u017enostih\u00a0oble\u010deni v kvalitetne, privla\u010dne in zabavne nogavice.<\/p>\n[caption id=\"attachment_1509\" align=\"alignleft\" width=\"70\"]<img loading=\"lazy\" decoding=\"async\" class=\"size-full wp-image-1509\" src=\"https:\/\/www.polzela.com\/si\/wp-content\/uploads\/sites\/2\/2016\/07\/SOFT-TOUCH-e1471331274468.jpg\" alt=\"SOFT TOUCH\" width=\"70\" height=\"70\" \/> Izjemno mehko[\/caption]\n<p>&nbsp;<\/p>\n<p>&nbsp;<\/p>\n<p>&nbsp;<\/p>\n<p>&nbsp;<\/p>\n<p><strong>Sestava:\u00a0<\/strong>90% Poliamid, 10% Elastan<\/p>\n<p><strong>Vzdr\u017eevanje: <\/strong>Kr\u010denje do 3%.<\/p>\n","protected":false},"featured_media":2255,"comment_status":"open","ping_status":"closed","template":"","meta":{"om_disable_all_campaigns":false,"_monsterinsights_skip_tracking":false,"_monsterinsights_sitenote_active":false,"_monsterinsights_sitenote_note":"","_monsterinsights_sitenote_category":0},"product_cat":[506],"product_tag":[376],"class_list":["post-2252","product","type-product","status-publish","has-post-thumbnail","hentry","product_cat-uncategorized","product_tag-znizano"],"bundled_by":[],"bundle_stock_status":"instock","bundle_stock_quantity":null,"bundle_virtual":false,"bundle_layout":"","bundle_add_to_cart_form_location":"","bundle_editable_in_cart":false,"bundle_sold_individually_context":"","bundle_item_grouping":"","bundle_min_size":"","bundle_max_size":"","bundled_items":[],"bundle_sell_ids":[],"aioseo_notices":[],"_links":{"self":[{"href":"https:\/\/www.polzela.com\/si\/wp-json\/wp\/v2\/product\/2252","targetHints":{"allow":["GET"]}}],"collection":[{"href":"https:\/\/www.polzela.com\/si\/wp-json\/wp\/v2\/product"}],"about":[{"href":"https:\/\/www.polzela.com\/si\/wp-json\/wp\/v2\/types\/product"}],"replies":[{"embeddable":true,"href":"https:\/\/www.polzela.com\/si\/wp-json\/wp\/v2\/comments?post=2252"}],"wp:featuredmedia":[{"embeddable":true,"href":"https:\/\/www.polzela.com\/si\/wp-json\/wp\/v2\/media\/2255"}],"wp:attachment":[{"href":"https:\/\/www.polzela.com\/si\/wp-json\/wp\/v2\/media?parent=2252"}],"wp:term":[{"taxonomy":"product_cat","embeddable":true,"href":"https:\/\/www.polzela.com\/si\/wp-json\/wp\/v2\/product_cat?post=2252"},{"taxonomy":"product_tag","embeddable":true,"href":"https:\/\/www.polzela.com\/si\/wp-json\/wp\/v2\/product_tag?post=2252"}],"curies":[{"name":"wp","href":"https:\/\/api.w.org\/{rel}","templated":true}]}}