{"id":1976,"date":"2020-09-30T14:35:33","date_gmt":"2020-09-30T12:35:33","guid":{"rendered":"https:\/\/www.polzela.com\/si\/?post_type=product&#038;p=1976"},"modified":"2026-04-03T09:20:14","modified_gmt":"2026-04-03T07:20:14","slug":"nogavica-fantasy-hlacne-nogavice-9400","status":"publish","type":"product","link":"https:\/\/www.polzela.com\/si\/product\/nogavica-fantasy-hlacne-nogavice-9400\/","title":{"rendered":"Hla\u010dne nogavice 3D mikrofibre Micro soft 40 den (9400)"},"content":{"rendered":"<h2>POLZELA Fantasy Hla\u010dne nogavice 40den<\/h2>\n<p>Hla\u010dne nogavice 40den, pokrivajo celotno dol\u017eino nog in segajo vse do pasu.<\/p>\n","protected":false},"excerpt":{"rendered":"<p><strong>Opis idelka<\/strong><\/p>\n<p>Mehke neprozorne, zelo udobne elasti\u010dne hla\u010dne nogavice iz 3D mikrofibre.<\/p>\n<p>\u0160irok in udoben pas, gladek \u0161iv, bomba\u017eni v\u0161itek.<\/p>\n<p><strong>Sestava:<\/strong> 85% Poliamid\u00a0 15% Elastan<\/p>\n[caption id=\"attachment_1535\" align=\"alignleft\" width=\"67\"]<img loading=\"lazy\" decoding=\"async\" class=\"wp-image-1535\" src=\"https:\/\/www.polzela.com\/si\/wp-content\/uploads\/sites\/2\/2016\/08\/COMFORT-ROBPAS-e1471331245423.jpg\" alt=\"Udoben pas\" width=\"67\" height=\"67\" \/> Udoben pas[\/caption]\n<p>&nbsp;<\/p>\n<p>&nbsp;<\/p>\n<p>&nbsp;<\/p>\n<p>&nbsp;<\/p>\n<p>&nbsp;<\/p>\n","protected":false},"featured_media":9139,"comment_status":"open","ping_status":"closed","template":"","meta":{"om_disable_all_campaigns":false,"_monsterinsights_skip_tracking":false,"_monsterinsights_sitenote_active":false,"_monsterinsights_sitenote_note":"","_monsterinsights_sitenote_category":0},"product_cat":[42,374],"product_tag":[1141,890,857],"class_list":["post-1976","product","type-product","status-publish","has-post-thumbnail","hentry","product_cat-zenske","product_cat-hlacne-nogavice","product_tag-40den","product_tag-hlacne-nogavice","product_tag-polzela"],"bundled_by":[],"bundle_stock_status":"instock","bundle_stock_quantity":745,"bundle_virtual":false,"bundle_layout":"","bundle_add_to_cart_form_location":"","bundle_editable_in_cart":false,"bundle_sold_individually_context":"","bundle_item_grouping":"","bundle_min_size":"","bundle_max_size":"","bundled_items":[],"bundle_sell_ids":[],"aioseo_notices":[],"_links":{"self":[{"href":"https:\/\/www.polzela.com\/si\/wp-json\/wp\/v2\/product\/1976","targetHints":{"allow":["GET"]}}],"collection":[{"href":"https:\/\/www.polzela.com\/si\/wp-json\/wp\/v2\/product"}],"about":[{"href":"https:\/\/www.polzela.com\/si\/wp-json\/wp\/v2\/types\/product"}],"replies":[{"embeddable":true,"href":"https:\/\/www.polzela.com\/si\/wp-json\/wp\/v2\/comments?post=1976"}],"wp:featuredmedia":[{"embeddable":true,"href":"https:\/\/www.polzela.com\/si\/wp-json\/wp\/v2\/media\/9139"}],"wp:attachment":[{"href":"https:\/\/www.polzela.com\/si\/wp-json\/wp\/v2\/media?parent=1976"}],"wp:term":[{"taxonomy":"product_cat","embeddable":true,"href":"https:\/\/www.polzela.com\/si\/wp-json\/wp\/v2\/product_cat?post=1976"},{"taxonomy":"product_tag","embeddable":true,"href":"https:\/\/www.polzela.com\/si\/wp-json\/wp\/v2\/product_tag?post=1976"}],"curies":[{"name":"wp","href":"https:\/\/api.w.org\/{rel}","templated":true}]}}