{"id":19406,"date":"2021-11-05T15:20:22","date_gmt":"2021-11-05T14:20:22","guid":{"rendered":"https:\/\/www.polzela.com\/si\/?post_type=product&#038;p=19406"},"modified":"2026-04-08T14:50:10","modified_gmt":"2026-04-08T12:50:10","slug":"pompea-culotte-hlacke-iz-organskega-bombaza-cotton-planet-xl-2","status":"publish","type":"product","link":"https:\/\/www.polzela.com\/si\/product\/pompea-culotte-hlacke-iz-organskega-bombaza-cotton-planet-xl-2\/","title":{"rendered":"POMPEA culotte hla\u010dke iz organskega bomba\u017ea Cotton Planet XL"},"content":{"rendered":"<p>&nbsp;<\/p>\n<p>&nbsp;<\/p>\n","protected":false},"excerpt":{"rendered":"<p>&nbsp;<\/p>\n<p><strong>Opis izdelka<\/strong><\/p>\n<p>Culotte hla\u010dke iz raztegljivega organskega bomba\u017ea z ravnim zaklju\u010dkom za maksimalno udobje na va\u0161i ko\u017ei.<\/p>\n<p><strong>Kolekcija Cotton Planet<\/strong> je izdelana iz certificiranega organskega bomba\u017ea (GOTS). Na\u0161i dobavitelji sledijo najvi\u0161jim proizvodnim standardom, kjer je pomembno vpra\u0161anje trajnosti in sledljivosti.<\/p>\n<p>Obla\u010dilo iz raztegljivega jerseyja zagotavlja prijetno prileganje. Vsi \u0161ivi so ravni, da zmanj\u0161ajo drgnjenje in pove\u010dajo ob\u010dutek udobja.<\/p>\n<p><strong><img loading=\"lazy\" decoding=\"async\" class=\"alignnone wp-image-19360 size-full\" src=\"https:\/\/www.polzela.com\/si\/wp-content\/uploads\/sites\/2\/2021\/11\/BANNER_EDITORIALE_COTTON_PLANET_DONNA-scaled.jpg\" alt=\"\" width=\"2560\" height=\"936\" srcset=\"https:\/\/www.polzela.com\/si\/wp-content\/uploads\/sites\/2\/2021\/11\/BANNER_EDITORIALE_COTTON_PLANET_DONNA-scaled.jpg 2560w, https:\/\/www.polzela.com\/si\/wp-content\/uploads\/sites\/2\/2021\/11\/BANNER_EDITORIALE_COTTON_PLANET_DONNA-300x110.jpg 300w, https:\/\/www.polzela.com\/si\/wp-content\/uploads\/sites\/2\/2021\/11\/BANNER_EDITORIALE_COTTON_PLANET_DONNA-1024x375.jpg 1024w, https:\/\/www.polzela.com\/si\/wp-content\/uploads\/sites\/2\/2021\/11\/BANNER_EDITORIALE_COTTON_PLANET_DONNA-768x281.jpg 768w, https:\/\/www.polzela.com\/si\/wp-content\/uploads\/sites\/2\/2021\/11\/BANNER_EDITORIALE_COTTON_PLANET_DONNA-1536x562.jpg 1536w, https:\/\/www.polzela.com\/si\/wp-content\/uploads\/sites\/2\/2021\/11\/BANNER_EDITORIALE_COTTON_PLANET_DONNA-2048x749.jpg 2048w, https:\/\/www.polzela.com\/si\/wp-content\/uploads\/sites\/2\/2021\/11\/BANNER_EDITORIALE_COTTON_PLANET_DONNA-570x208.jpg 570w\" sizes=\"auto, (max-width: 2560px) 100vw, 2560px\" \/><\/strong><\/p>\n<p><strong>Sestava:\u00a0<\/strong>95 % bomba\u017e, 5 % elastan<\/p>\n<p><img loading=\"lazy\" decoding=\"async\" class=\"alignnone wp-image-9633 size-thumbnail\" src=\"https:\/\/www.polzela.com\/si\/wp-content\/uploads\/sites\/2\/2020\/11\/Nimetu-kujundus-21-e1604485850622-150x150.png\" alt=\"Tabela velikosti\" width=\"150\" height=\"150\" \/><\/p>\n<p>Obseg bokov:<\/p>\n<p>S &#8211; \u00a091\/95 cm,<\/p>\n<p>M &#8211; 96\/100 cm,<\/p>\n<p>L &#8211; 101\/105 cm,<\/p>\n<p>XL &#8211; 106\/110 cm,<\/p>\n<p>XXL &#8211; 111\/115 cm,<\/p>\n<p>3XL &#8211; 116\/120 cm.<\/p>\n<p><img loading=\"lazy\" decoding=\"async\" class=\"alignnone wp-image-19253 size-medium\" src=\"https:\/\/www.polzela.com\/si\/wp-content\/uploads\/sites\/2\/2021\/11\/LOGO-POMPEA-NERO_-300x78.png\" alt=\"\" width=\"300\" height=\"78\" srcset=\"https:\/\/www.polzela.com\/si\/wp-content\/uploads\/sites\/2\/2021\/11\/LOGO-POMPEA-NERO_-300x78.png 300w, https:\/\/www.polzela.com\/si\/wp-content\/uploads\/sites\/2\/2021\/11\/LOGO-POMPEA-NERO_-1024x267.png 1024w, https:\/\/www.polzela.com\/si\/wp-content\/uploads\/sites\/2\/2021\/11\/LOGO-POMPEA-NERO_-768x200.png 768w, https:\/\/www.polzela.com\/si\/wp-content\/uploads\/sites\/2\/2021\/11\/LOGO-POMPEA-NERO_-570x149.png 570w, https:\/\/www.polzela.com\/si\/wp-content\/uploads\/sites\/2\/2021\/11\/LOGO-POMPEA-NERO_.png 1435w\" sizes=\"auto, (max-width: 300px) 100vw, 300px\" \/><\/p>\n","protected":false},"featured_media":19405,"comment_status":"open","ping_status":"closed","template":"","meta":{"om_disable_all_campaigns":false,"_monsterinsights_skip_tracking":false,"_monsterinsights_sitenote_active":false,"_monsterinsights_sitenote_note":"","_monsterinsights_sitenote_category":0},"product_cat":[512],"product_tag":[714,712,547,710,526],"class_list":["post-19406","product","type-product","status-publish","has-post-thumbnail","hentry","product_cat-spodnje-perilo-zenske","product_tag-therealcomfort","product_tag-cotton-planet","product_tag-hlacke","product_tag-organic","product_tag-perilo-pompea"],"bundled_by":[],"bundle_stock_status":"instock","bundle_stock_quantity":null,"bundle_virtual":false,"bundle_layout":"","bundle_add_to_cart_form_location":"","bundle_editable_in_cart":false,"bundle_sold_individually_context":"","bundle_item_grouping":"","bundle_min_size":"","bundle_max_size":"","bundled_items":[],"bundle_sell_ids":[],"aioseo_notices":[],"_links":{"self":[{"href":"https:\/\/www.polzela.com\/si\/wp-json\/wp\/v2\/product\/19406","targetHints":{"allow":["GET"]}}],"collection":[{"href":"https:\/\/www.polzela.com\/si\/wp-json\/wp\/v2\/product"}],"about":[{"href":"https:\/\/www.polzela.com\/si\/wp-json\/wp\/v2\/types\/product"}],"replies":[{"embeddable":true,"href":"https:\/\/www.polzela.com\/si\/wp-json\/wp\/v2\/comments?post=19406"}],"wp:featuredmedia":[{"embeddable":true,"href":"https:\/\/www.polzela.com\/si\/wp-json\/wp\/v2\/media\/19405"}],"wp:attachment":[{"href":"https:\/\/www.polzela.com\/si\/wp-json\/wp\/v2\/media?parent=19406"}],"wp:term":[{"taxonomy":"product_cat","embeddable":true,"href":"https:\/\/www.polzela.com\/si\/wp-json\/wp\/v2\/product_cat?post=19406"},{"taxonomy":"product_tag","embeddable":true,"href":"https:\/\/www.polzela.com\/si\/wp-json\/wp\/v2\/product_tag?post=19406"}],"curies":[{"name":"wp","href":"https:\/\/api.w.org\/{rel}","templated":true}]}}