{"id":19263,"date":"2021-11-04T21:08:16","date_gmt":"2021-11-04T20:08:16","guid":{"rendered":"https:\/\/www.polzela.com\/si\/?post_type=product&#038;p=19263"},"modified":"2026-01-06T11:03:42","modified_gmt":"2026-01-06T10:03:42","slug":"pompea-moske-boksarice-iz-organskega-bombaza-cotton-planet-bela","status":"publish","type":"product","link":"https:\/\/www.polzela.com\/si\/product\/pompea-moske-boksarice-iz-organskega-bombaza-cotton-planet-bela\/","title":{"rendered":"POMPEA mo\u0161ke boksarice iz organskega bomba\u017ea Cotton Planet, L"},"content":{"rendered":"<p>&nbsp;<\/p>\n<p><strong>Opis izdelka<\/strong><\/p>\n<p>Raztegljive iz bomba\u017ea.<\/p>\n<p>Obseg bokov:<\/p>\n<p>&nbsp;<\/p>\n","protected":false},"excerpt":{"rendered":"<p><strong>Opis<\/strong><\/p>\n<p>Mo\u0161k<span lang=\"SL\">e<\/span> boks<span lang=\"SL\">a<\/span>r<span lang=\"SL\">ice<\/span> iz raztegljivega organskega bomba\u017ea<span lang=\"SL\">, <\/span>z zra\u010dnimi <span lang=\"SL\">predeli<\/span> in udobno elastiko.<\/p>\n<ul>\n<li>Kolekcija Cotton Planet je izdelana iz certificiranega organskega bomba\u017ea (GOTS). Na\u0161i dobavitelji sledijo najvi\u0161jim proizvodnim standardom, kjer je pomembno vpra\u0161anje trajnosti in sledljivosti.<\/li>\n<\/ul>\n<p>Obla\u010dilo iz raztegljivega jerseyja zagotavlja prijetno prileganje; dizajn daje naravno podporo, medtem ko so naramnice mehke in prilagodljive tako v cevastem kot v tradicionalni izgledu. Vsi \u0161ivi so ravni, da zmanj\u0161ajo drgnjenje in pove\u010dajo ob\u010dutek udobja.<\/p>\n<p><strong>Sestava:\u00a0<\/strong>94 % bomba\u017e, 6 % elastan<\/p>\n<p><img loading=\"lazy\" decoding=\"async\" class=\"alignnone wp-image-19253 size-medium\" src=\"https:\/\/www.polzela.com\/si\/wp-content\/uploads\/sites\/2\/2021\/11\/LOGO-POMPEA-NERO_-300x78.png\" alt=\"\" width=\"300\" height=\"78\" srcset=\"https:\/\/www.polzela.com\/si\/wp-content\/uploads\/sites\/2\/2021\/11\/LOGO-POMPEA-NERO_-300x78.png 300w, https:\/\/www.polzela.com\/si\/wp-content\/uploads\/sites\/2\/2021\/11\/LOGO-POMPEA-NERO_-1024x267.png 1024w, https:\/\/www.polzela.com\/si\/wp-content\/uploads\/sites\/2\/2021\/11\/LOGO-POMPEA-NERO_-768x200.png 768w, https:\/\/www.polzela.com\/si\/wp-content\/uploads\/sites\/2\/2021\/11\/LOGO-POMPEA-NERO_-570x149.png 570w, https:\/\/www.polzela.com\/si\/wp-content\/uploads\/sites\/2\/2021\/11\/LOGO-POMPEA-NERO_.png 1435w\" sizes=\"auto, (max-width: 300px) 100vw, 300px\" \/><\/p>\n","protected":false},"featured_media":36886,"comment_status":"open","ping_status":"closed","template":"","meta":{"om_disable_all_campaigns":false,"_monsterinsights_skip_tracking":false,"_monsterinsights_sitenote_active":false,"_monsterinsights_sitenote_note":"","_monsterinsights_sitenote_category":0},"product_cat":[530],"product_tag":[714,712,710,526],"class_list":["post-19263","product","type-product","status-publish","has-post-thumbnail","hentry","product_cat-mosko-spodnje-perilo","product_tag-therealcomfort","product_tag-cotton-planet","product_tag-organic","product_tag-perilo-pompea"],"bundled_by":[],"bundle_stock_status":"instock","bundle_stock_quantity":null,"bundle_virtual":false,"bundle_layout":"","bundle_add_to_cart_form_location":"","bundle_editable_in_cart":false,"bundle_sold_individually_context":"","bundle_item_grouping":"","bundle_min_size":"","bundle_max_size":"","bundled_items":[],"bundle_sell_ids":[],"aioseo_notices":[],"_links":{"self":[{"href":"https:\/\/www.polzela.com\/si\/wp-json\/wp\/v2\/product\/19263","targetHints":{"allow":["GET"]}}],"collection":[{"href":"https:\/\/www.polzela.com\/si\/wp-json\/wp\/v2\/product"}],"about":[{"href":"https:\/\/www.polzela.com\/si\/wp-json\/wp\/v2\/types\/product"}],"replies":[{"embeddable":true,"href":"https:\/\/www.polzela.com\/si\/wp-json\/wp\/v2\/comments?post=19263"}],"wp:featuredmedia":[{"embeddable":true,"href":"https:\/\/www.polzela.com\/si\/wp-json\/wp\/v2\/media\/36886"}],"wp:attachment":[{"href":"https:\/\/www.polzela.com\/si\/wp-json\/wp\/v2\/media?parent=19263"}],"wp:term":[{"taxonomy":"product_cat","embeddable":true,"href":"https:\/\/www.polzela.com\/si\/wp-json\/wp\/v2\/product_cat?post=19263"},{"taxonomy":"product_tag","embeddable":true,"href":"https:\/\/www.polzela.com\/si\/wp-json\/wp\/v2\/product_tag?post=19263"}],"curies":[{"name":"wp","href":"https:\/\/api.w.org\/{rel}","templated":true}]}}