{"id":19147,"date":"2021-10-30T22:52:41","date_gmt":"2021-10-30T20:52:41","guid":{"rendered":"https:\/\/www.polzela.com\/si\/?post_type=product&#038;p=19147"},"modified":"2026-04-02T08:10:55","modified_gmt":"2026-04-02T06:10:55","slug":"bellissima-podlozen-nedercek-imbottito","status":"publish","type":"product","link":"https:\/\/www.polzela.com\/si\/product\/bellissima-podlozen-nedercek-imbottito\/","title":{"rendered":"BELLISSIMA podlo\u017een neder\u010dek Imbottito"},"content":{"rendered":"","protected":false},"excerpt":{"rendered":"<p><strong>Opis izdelka<\/strong><\/p>\n<p>Podlo\u017een neder\u010dek iz mikrovlaken, s \u0161irokimi naramnicami in s snemljivimi podlo\u017eki.<\/p>\n<p><strong>Sestava:<\/strong>\u00a088 % poliamid, 12 % elastan.<\/p>\n<p><img loading=\"lazy\" decoding=\"async\" class=\"alignnone size-medium wp-image-9762\" src=\"https:\/\/www.polzela.com\/si\/wp-content\/uploads\/sites\/2\/2020\/11\/Bellissima-uus-logo-300x158.jpg\" alt=\"\" width=\"300\" height=\"158\" srcset=\"https:\/\/www.polzela.com\/si\/wp-content\/uploads\/sites\/2\/2020\/11\/Bellissima-uus-logo-300x158.jpg 300w, https:\/\/www.polzela.com\/si\/wp-content\/uploads\/sites\/2\/2020\/11\/Bellissima-uus-logo-1024x540.jpg 1024w, https:\/\/www.polzela.com\/si\/wp-content\/uploads\/sites\/2\/2020\/11\/Bellissima-uus-logo-768x405.jpg 768w, https:\/\/www.polzela.com\/si\/wp-content\/uploads\/sites\/2\/2020\/11\/Bellissima-uus-logo-1536x811.jpg 1536w, https:\/\/www.polzela.com\/si\/wp-content\/uploads\/sites\/2\/2020\/11\/Bellissima-uus-logo-570x301.jpg 570w, https:\/\/www.polzela.com\/si\/wp-content\/uploads\/sites\/2\/2020\/11\/Bellissima-uus-logo.jpg 1563w\" sizes=\"auto, (max-width: 300px) 100vw, 300px\" \/><\/p>\n[video width=\"1080\" height=\"1080\" mp4=\"https:\/\/www.polzela.com\/si\/wp-content\/uploads\/sites\/2\/2021\/10\/TOP-IMBOTTITO.mp4\" autoplay=\"true\"][\/video]\n","protected":false},"featured_media":19152,"comment_status":"open","ping_status":"closed","template":"","meta":{"om_disable_all_campaigns":false,"_monsterinsights_skip_tracking":false,"_monsterinsights_sitenote_active":false,"_monsterinsights_sitenote_note":"","_monsterinsights_sitenote_category":0},"product_cat":[512],"product_tag":[525,670],"class_list":["post-19147","product","type-product","status-publish","has-post-thumbnail","hentry","product_cat-spodnje-perilo-zenske","product_tag-perilo-bellissima","product_tag-nedrcek"],"bundled_by":[],"bundle_stock_status":"instock","bundle_stock_quantity":null,"bundle_virtual":false,"bundle_layout":"","bundle_add_to_cart_form_location":"","bundle_editable_in_cart":false,"bundle_sold_individually_context":"","bundle_item_grouping":"","bundle_min_size":"","bundle_max_size":"","bundled_items":[],"bundle_sell_ids":[],"aioseo_notices":[],"_links":{"self":[{"href":"https:\/\/www.polzela.com\/si\/wp-json\/wp\/v2\/product\/19147","targetHints":{"allow":["GET"]}}],"collection":[{"href":"https:\/\/www.polzela.com\/si\/wp-json\/wp\/v2\/product"}],"about":[{"href":"https:\/\/www.polzela.com\/si\/wp-json\/wp\/v2\/types\/product"}],"replies":[{"embeddable":true,"href":"https:\/\/www.polzela.com\/si\/wp-json\/wp\/v2\/comments?post=19147"}],"wp:featuredmedia":[{"embeddable":true,"href":"https:\/\/www.polzela.com\/si\/wp-json\/wp\/v2\/media\/19152"}],"wp:attachment":[{"href":"https:\/\/www.polzela.com\/si\/wp-json\/wp\/v2\/media?parent=19147"}],"wp:term":[{"taxonomy":"product_cat","embeddable":true,"href":"https:\/\/www.polzela.com\/si\/wp-json\/wp\/v2\/product_cat?post=19147"},{"taxonomy":"product_tag","embeddable":true,"href":"https:\/\/www.polzela.com\/si\/wp-json\/wp\/v2\/product_tag?post=19147"}],"curies":[{"name":"wp","href":"https:\/\/api.w.org\/{rel}","templated":true}]}}