{"id":17255,"date":"2021-04-29T09:55:09","date_gmt":"2021-04-29T07:55:09","guid":{"rendered":"https:\/\/www.polzela.com\/si\/?post_type=product&#038;p=17255"},"modified":"2026-04-05T05:08:38","modified_gmt":"2026-04-05T03:08:38","slug":"bellissima-boxer-hlacke-z-nizkim-pasom","status":"publish","type":"product","link":"https:\/\/www.polzela.com\/si\/product\/bellissima-boxer-hlacke-z-nizkim-pasom\/","title":{"rendered":"Bellissima boxer hla\u010dke z nizkim pasom"},"content":{"rendered":"<p>&nbsp;<\/p>\n<p><strong>Opis izdelka<\/strong><\/p>\n<p>Raztegljive hla\u010dke z viskoim pasom iz bomba\u017ea.<\/p>\n<p>Obseg bokov:<\/p>\n<p>&nbsp;<\/p>\n","protected":false},"excerpt":{"rendered":"<p>&nbsp;<\/p>\n<p><strong>Opis izdelka<\/strong><\/p>\n<p>Udobne in trpe\u017ene boxer hla\u010dke z nizkim pasom, brez\u0161ivne in iz mikrovlaken. Vsebujejo elastan in imajo bomba\u017een v\u0161itek.<\/p>\n<p>Velikosti: S \/ M (38\/40) M \/ L (42\/44)<\/p>\n<p><strong>Sestava:<\/strong>89% poliamid, 8% elastan, 3% bomba\u017e<\/p>\n<p><img loading=\"lazy\" decoding=\"async\" class=\"alignnone size-medium wp-image-9762\" src=\"https:\/\/www.polzela.com\/si\/wp-content\/uploads\/sites\/2\/2020\/11\/Bellissima-uus-logo-300x158.jpg\" alt=\"\" width=\"300\" height=\"158\" srcset=\"https:\/\/www.polzela.com\/si\/wp-content\/uploads\/sites\/2\/2020\/11\/Bellissima-uus-logo-300x158.jpg 300w, https:\/\/www.polzela.com\/si\/wp-content\/uploads\/sites\/2\/2020\/11\/Bellissima-uus-logo-1024x540.jpg 1024w, https:\/\/www.polzela.com\/si\/wp-content\/uploads\/sites\/2\/2020\/11\/Bellissima-uus-logo-768x405.jpg 768w, https:\/\/www.polzela.com\/si\/wp-content\/uploads\/sites\/2\/2020\/11\/Bellissima-uus-logo-1536x811.jpg 1536w, https:\/\/www.polzela.com\/si\/wp-content\/uploads\/sites\/2\/2020\/11\/Bellissima-uus-logo-570x301.jpg 570w, https:\/\/www.polzela.com\/si\/wp-content\/uploads\/sites\/2\/2020\/11\/Bellissima-uus-logo.jpg 1563w\" sizes=\"auto, (max-width: 300px) 100vw, 300px\" \/><\/p>\n","protected":false},"featured_media":17262,"comment_status":"open","ping_status":"closed","template":"","meta":{"om_disable_all_campaigns":false,"_monsterinsights_skip_tracking":false,"_monsterinsights_sitenote_active":false,"_monsterinsights_sitenote_note":"","_monsterinsights_sitenote_category":0},"product_cat":[42,512],"product_tag":[525,623,547,626],"class_list":["post-17255","product","type-product","status-publish","has-post-thumbnail","hentry","product_cat-zenske","product_cat-spodnje-perilo-zenske","product_tag-perilo-bellissima","product_tag-boxer-hlacke","product_tag-hlacke","product_tag-zenske-boksarice"],"bundled_by":[],"bundle_stock_status":"instock","bundle_stock_quantity":null,"bundle_virtual":false,"bundle_layout":"","bundle_add_to_cart_form_location":"","bundle_editable_in_cart":false,"bundle_sold_individually_context":"","bundle_item_grouping":"","bundle_min_size":"","bundle_max_size":"","bundled_items":[],"bundle_sell_ids":[],"aioseo_notices":[],"_links":{"self":[{"href":"https:\/\/www.polzela.com\/si\/wp-json\/wp\/v2\/product\/17255","targetHints":{"allow":["GET"]}}],"collection":[{"href":"https:\/\/www.polzela.com\/si\/wp-json\/wp\/v2\/product"}],"about":[{"href":"https:\/\/www.polzela.com\/si\/wp-json\/wp\/v2\/types\/product"}],"replies":[{"embeddable":true,"href":"https:\/\/www.polzela.com\/si\/wp-json\/wp\/v2\/comments?post=17255"}],"wp:featuredmedia":[{"embeddable":true,"href":"https:\/\/www.polzela.com\/si\/wp-json\/wp\/v2\/media\/17262"}],"wp:attachment":[{"href":"https:\/\/www.polzela.com\/si\/wp-json\/wp\/v2\/media?parent=17255"}],"wp:term":[{"taxonomy":"product_cat","embeddable":true,"href":"https:\/\/www.polzela.com\/si\/wp-json\/wp\/v2\/product_cat?post=17255"},{"taxonomy":"product_tag","embeddable":true,"href":"https:\/\/www.polzela.com\/si\/wp-json\/wp\/v2\/product_tag?post=17255"}],"curies":[{"name":"wp","href":"https:\/\/api.w.org\/{rel}","templated":true}]}}