{"id":16325,"date":"2021-02-05T13:55:06","date_gmt":"2021-02-05T12:55:06","guid":{"rendered":"https:\/\/www.polzela.com\/si\/?post_type=product&#038;p=16325"},"modified":"2026-03-31T08:45:04","modified_gmt":"2026-03-31T06:45:04","slug":"free-style-multisport-athletic-2027-novo","status":"publish","type":"product","link":"https:\/\/www.polzela.com\/si\/product\/free-style-multisport-athletic-2027-novo\/","title":{"rendered":"\u0160portna kratka nogavica Multisport Athletic (2027)"},"content":{"rendered":"<h2><strong>POLZELA Free Style Multisport Athletic<\/strong><\/h2>\n<p>Gladko pletena \u0161portna kratka nogavica Athletic ima udoben dvojni rob, ki ne stiska in posebno tanek ploski \u0161iv v prstih, ki nudi ve\u010dje udobje pri no\u0161enju. Elasti\u010den pas v stopalu slu\u017ei ve\u010dji stabilnosti, nogavica ne drsi po nogi in je trpe\u017ena tudi pri ve\u010djih obremenitvah.<\/p>\n<p>Nogavice so zaradi vsebnosti bomba\u017enih materialov mehke, udobne in izjemno pro\u017ene. Primerne so tako za \u0161portne aktivnosti kot tudi za rekreacijske u\u017eitke v prostem \u010dasu.<\/p>\n<p>Nogavice iz linije Multisport so narejene za najbolj zahtevne kupce, mo\u0161ke in \u017eenske. Uporabne so tako za vrhunske \u0161portnike kot tudi za rekreativce. Kratke nogavice so primerne za vse vrste \u0161portnih aktivnosti, tek, tenis, kolesarjenje in \u0161tevilne druge \u0161porte.<\/p>\n<p>Nogavice so na voljo v razli\u010dnih modnih barvnih kombinacijah.<\/p>\n<p>Vsi uporabljeni materiali so zdravju in ko\u017ei prijazni. Oznaka EKO-TEX 100 kon\u010dnim uporabnikom predstavlja dodatne prednosti preverjene varnosti na ko\u017ei. Izdelki Polzela so okolju prijazni izdelki.<\/p>\n<p>&nbsp;<\/p>\n","protected":false},"excerpt":{"rendered":"<p><strong>Opis izdelka<\/strong><\/p>\n<p>Gladko pletena \u0161portna kratka nogavica Athletic ima udoben dvojni rob, ki ne stiska in posebno tanek ploski \u0161iv v prstih, ki nudi ve\u010dje udobje pri no\u0161enju. Elasti\u010den pas v stopalu slu\u017ei ve\u010dji stabilnosti, nogavica ne drsi po nogi in je trpe\u017ena tudi pri ve\u010djih obremenitvah.<\/p>\n<p><strong>Sestava:<\/strong> 67% Bomba\u017e 32% Poliamid 1% Elastan<\/p>\n[caption id=\"attachment_2366\" align=\"alignleft\" width=\"70\"]<img loading=\"lazy\" decoding=\"async\" class=\"wp-image-2366\" src=\"https:\/\/www.polzela.com\/si\/wp-content\/uploads\/sites\/2\/2016\/07\/COTTON-300x300.png\" alt=\"Bomba\u017e\" width=\"70\" height=\"70\" srcset=\"https:\/\/www.polzela.com\/si\/wp-content\/uploads\/sites\/2\/2016\/07\/COTTON-300x300.png 300w, https:\/\/www.polzela.com\/si\/wp-content\/uploads\/sites\/2\/2016\/07\/COTTON-150x150.png 150w, https:\/\/www.polzela.com\/si\/wp-content\/uploads\/sites\/2\/2016\/07\/COTTON-90x90.png 90w, https:\/\/www.polzela.com\/si\/wp-content\/uploads\/sites\/2\/2016\/07\/COTTON.png 700w\" sizes=\"auto, (max-width: 70px) 100vw, 70px\" \/> Bomba\u017e[\/caption]\n[caption id=\"attachment_2343\" align=\"alignleft\" width=\"70\"]<img loading=\"lazy\" decoding=\"async\" class=\"wp-image-2343\" src=\"https:\/\/www.polzela.com\/si\/wp-content\/uploads\/sites\/2\/2016\/09\/COMFORT_noga-300x300.png\" alt=\"Udoben rob\" width=\"70\" height=\"70\" srcset=\"https:\/\/www.polzela.com\/si\/wp-content\/uploads\/sites\/2\/2016\/09\/COMFORT_noga-300x300.png 300w, https:\/\/www.polzela.com\/si\/wp-content\/uploads\/sites\/2\/2016\/09\/COMFORT_noga-150x150.png 150w, https:\/\/www.polzela.com\/si\/wp-content\/uploads\/sites\/2\/2016\/09\/COMFORT_noga-90x90.png 90w, https:\/\/www.polzela.com\/si\/wp-content\/uploads\/sites\/2\/2016\/09\/COMFORT_noga.png 700w\" sizes=\"auto, (max-width: 70px) 100vw, 70px\" \/> Udoben rob[\/caption]\n<p>&nbsp;<\/p>\n<p>&nbsp;<\/p>\n<p>&nbsp;<\/p>\n<p>&nbsp;<\/p>\n<p>&nbsp;<\/p>\n","protected":false},"featured_media":745,"comment_status":"open","ping_status":"closed","template":"","meta":{"om_disable_all_campaigns":false,"_monsterinsights_skip_tracking":false,"_monsterinsights_sitenote_active":false,"_monsterinsights_sitenote_note":"","_monsterinsights_sitenote_category":0},"product_cat":[40,978],"product_tag":[684,868],"class_list":["post-16325","product","type-product","status-publish","has-post-thumbnail","hentry","product_cat-sport","product_cat-sportne-nogavice","product_tag-sport","product_tag-sport-nogavice"],"bundled_by":[],"bundle_stock_status":"instock","bundle_stock_quantity":null,"bundle_virtual":false,"bundle_layout":"","bundle_add_to_cart_form_location":"","bundle_editable_in_cart":false,"bundle_sold_individually_context":"","bundle_item_grouping":"","bundle_min_size":"","bundle_max_size":"","bundled_items":[],"bundle_sell_ids":[],"aioseo_notices":[],"_links":{"self":[{"href":"https:\/\/www.polzela.com\/si\/wp-json\/wp\/v2\/product\/16325","targetHints":{"allow":["GET"]}}],"collection":[{"href":"https:\/\/www.polzela.com\/si\/wp-json\/wp\/v2\/product"}],"about":[{"href":"https:\/\/www.polzela.com\/si\/wp-json\/wp\/v2\/types\/product"}],"replies":[{"embeddable":true,"href":"https:\/\/www.polzela.com\/si\/wp-json\/wp\/v2\/comments?post=16325"}],"wp:featuredmedia":[{"embeddable":true,"href":"https:\/\/www.polzela.com\/si\/wp-json\/wp\/v2\/media\/745"}],"wp:attachment":[{"href":"https:\/\/www.polzela.com\/si\/wp-json\/wp\/v2\/media?parent=16325"}],"wp:term":[{"taxonomy":"product_cat","embeddable":true,"href":"https:\/\/www.polzela.com\/si\/wp-json\/wp\/v2\/product_cat?post=16325"},{"taxonomy":"product_tag","embeddable":true,"href":"https:\/\/www.polzela.com\/si\/wp-json\/wp\/v2\/product_tag?post=16325"}],"curies":[{"name":"wp","href":"https:\/\/api.w.org\/{rel}","templated":true}]}}