{"id":1528,"date":"2016-08-11T12:30:56","date_gmt":"2016-08-11T10:30:56","guid":{"rendered":"https:\/\/www.polzela.com\/si\/?post_type=product&#038;p=1528"},"modified":"2026-03-13T13:56:00","modified_gmt":"2026-03-13T12:56:00","slug":"nogavica-classic-iva-4544","status":"publish","type":"product","link":"https:\/\/www.polzela.com\/si\/product\/nogavica-classic-iva-4544\/","title":{"rendered":"\u017denske kratka nogavi\u010dka Iva 15 den (4544)"},"content":{"rendered":"<h2>POLZELA \u017denska fina kratka nogavica Classic Iva 15den<\/h2>\n<ul>\n<li>Izdelane iz visoko kakovostnega 100% Poliamida 66, ki je izredno trpe\u017een\u00a0 in pripomore k izredni raztegljivosti in elasti\u010dnosti.<\/li>\n<li>Nogavice so dodatno oja\u010dane v prstih, za \u0161e ve\u010djo vzdr\u017eljivost in udobje med no\u0161enjem.<\/li>\n<li>Imajo zelo udoben zaklju\u010dni rob, ki ne stiska.<\/li>\n<li>Nogavice so velikosti one-size, kar pomeni, da so univerzalne velikosti, primerne za vsako velikost noge.<\/li>\n<\/ul>\n<p>Vedno uporabne klasi\u010dne hla\u010dne nogavice, nogavice,\u00a0 dokolenke in nogavi\u010dke najdete v programu Classic style. Prijetne za no\u0161enje in primerne\u00a0 za vsakodnevno uporabo. Med njimi boste na\u0161li na\u0161e\u00a0 prve hla\u010dne nogavice Peggy extra.<\/p>\n<p>Vsi uporabljeni materiali so zdravju in ko\u017ei prijazni. Oznaka EKO-TEX 100 kon\u010dnim uporabnikom predstavlja dodatne prednosti preverjene varnosti na ko\u017ei. Izdelki Polzela so okolju prijazni izdelki.<\/p>\n<p><strong>\u017dENSKA FINA NOGAVICA<\/strong><\/p>\n<ul>\n<li><strong>Izdelane iz visoko kakovostnega 100% Poliamida 66, ki je izredno trpe\u017een\u00a0 in pripomore k izredni raztegljivosti in elasti\u010dnosti.<\/strong><\/li>\n<li><strong>Nogavice so dodatno oja\u010dane v prstih, za \u0161e ve\u010djo vzdr\u017eljivost in udobje med no\u0161enjem.<\/strong><\/li>\n<li><strong>Imajo zelo udoben zaklju\u010dni rob, ki ne stiska.<\/strong><\/li>\n<li><strong>Nogavice so velikosti one-size, kar pomeni, da so univerzalne velikosti, primerne za vsako velikost noge.<\/strong><\/li>\n<\/ul>\n<p>Vedno uporabne klasi\u010dne hla\u010dne nogavice, nogavice,\u00a0 dokolenke in nogavi\u010dke najdete v programu Classic style. Prijetne za no\u0161enje in primerne\u00a0 za vsakodnevno uporabo. Med njimi boste na\u0161li na\u0161e\u00a0 prve hla\u010dne nogavice Peggy extra.<\/p>\n<p>Vsi uporabljeni materiali so zdravju in ko\u017ei prijazni. Oznaka EKO-TEX 100 kon\u010dnim uporabnikom predstavlja dodatne prednosti preverjene varnosti na ko\u017ei. Izdelki Polzela so okolju prijazni izdelki.<\/p>\n","protected":false},"excerpt":{"rendered":"<p><strong>Opis izdelka<\/strong><\/p>\n<p>\u017denske kratka nogavi\u010dka je izdelana iz visoko kakovostnega 100% Poliamida 66, ki je izredno trpe\u017een\u00a0 in pripomore k izredni raztegljivosti in elasti\u010dnosti. Nogavice so dodatno oja\u010dane v prstih, za \u0161e ve\u010djo vzdr\u017eljivost in udobje med no\u0161enjem. Imajo zelo udoben zaklju\u010dni rob, ki ne stiska.<\/p>\n<p><strong>Sestava:<\/strong> 100% Poliamid<\/p>\n<p>&nbsp;<\/p>\n<h2>POLZELA \u017denska fina kratka nogavica Classic Iva 15den<\/h2>\n<ul>\n<li>Izdelane iz visoko kakovostnega 100% Poliamida 66, ki je izredno trpe\u017een\u00a0 in pripomore k izredni raztegljivosti in elasti\u010dnosti.<\/li>\n<li>Nogavice so dodatno oja\u010dane v prstih, za \u0161e ve\u010djo vzdr\u017eljivost in udobje med no\u0161enjem.<\/li>\n<li>Imajo zelo udoben zaklju\u010dni rob, ki ne stiska.<\/li>\n<li>Nogavice so velikosti one-size, kar pomeni, da so univerzalne velikosti, primerne za vsako velikost noge.<\/li>\n<\/ul>\n<p>Vedno uporabne klasi\u010dne hla\u010dne nogavice, nogavice,\u00a0 dokolenke in nogavi\u010dke najdete v programu Classic style. Prijetne za no\u0161enje in primerne\u00a0 za vsakodnevno uporabo. Med njimi boste na\u0161li na\u0161e\u00a0 prve hla\u010dne nogavice Peggy extra.<\/p>\n[caption id=\"attachment_1506\" align=\"alignleft\" width=\"75\"]<img loading=\"lazy\" decoding=\"async\" class=\"size-full wp-image-1506\" src=\"https:\/\/www.polzela.com\/si\/wp-content\/uploads\/sites\/2\/2016\/07\/COMFORT-ROB-1-e1471330187624.jpg\" alt=\"COMFORT ROB\" width=\"75\" height=\"75\" \/> Udoben rob[\/caption]\n","protected":false},"featured_media":1905,"comment_status":"open","ping_status":"closed","template":"","meta":{"om_disable_all_campaigns":false,"_monsterinsights_skip_tracking":false,"_monsterinsights_sitenote_active":false,"_monsterinsights_sitenote_note":"","_monsterinsights_sitenote_category":0},"product_cat":[42,373],"product_tag":[816,857],"class_list":["post-1528","product","type-product","status-publish","has-post-thumbnail","hentry","product_cat-zenske","product_cat-zenske-nogavice","product_tag-den","product_tag-polzela"],"bundled_by":[],"bundle_stock_status":"instock","bundle_stock_quantity":null,"bundle_virtual":false,"bundle_layout":"","bundle_add_to_cart_form_location":"","bundle_editable_in_cart":false,"bundle_sold_individually_context":"","bundle_item_grouping":"","bundle_min_size":"","bundle_max_size":"","bundled_items":[],"bundle_sell_ids":[],"aioseo_notices":[],"_links":{"self":[{"href":"https:\/\/www.polzela.com\/si\/wp-json\/wp\/v2\/product\/1528","targetHints":{"allow":["GET"]}}],"collection":[{"href":"https:\/\/www.polzela.com\/si\/wp-json\/wp\/v2\/product"}],"about":[{"href":"https:\/\/www.polzela.com\/si\/wp-json\/wp\/v2\/types\/product"}],"replies":[{"embeddable":true,"href":"https:\/\/www.polzela.com\/si\/wp-json\/wp\/v2\/comments?post=1528"}],"wp:featuredmedia":[{"embeddable":true,"href":"https:\/\/www.polzela.com\/si\/wp-json\/wp\/v2\/media\/1905"}],"wp:attachment":[{"href":"https:\/\/www.polzela.com\/si\/wp-json\/wp\/v2\/media?parent=1528"}],"wp:term":[{"taxonomy":"product_cat","embeddable":true,"href":"https:\/\/www.polzela.com\/si\/wp-json\/wp\/v2\/product_cat?post=1528"},{"taxonomy":"product_tag","embeddable":true,"href":"https:\/\/www.polzela.com\/si\/wp-json\/wp\/v2\/product_tag?post=1528"}],"curies":[{"name":"wp","href":"https:\/\/api.w.org\/{rel}","templated":true}]}}