{"id":1521,"date":"2016-08-30T13:09:10","date_gmt":"2016-08-30T11:09:10","guid":{"rendered":"https:\/\/www.polzela.com\/si\/?post_type=product&#038;p=1521"},"modified":"2026-04-22T12:29:35","modified_gmt":"2026-04-22T10:29:35","slug":"nogavica-classic-peggy-extra","status":"publish","type":"product","link":"https:\/\/www.polzela.com\/si\/product\/nogavica-classic-peggy-extra\/","title":{"rendered":"Klasi\u010dne hla\u010dne nogavice Peggy Extra 20 den (9010)"},"content":{"rendered":"<h2>POLZELA Classic Peggy Extra 20den<\/h2>\n<ul>\n<li>Izdelane iz visoko kakovostnega 100% Poliamida, ki je izredno trpe\u017een\u00a0 in omogo\u010da\u00a0 visoko raztegljivost in elasti\u010dnost.<\/li>\n<li>Za udobje med no\u0161enjem nogavice skrbi ploski \u0161iv v hla\u010dnem delu, ki se pri no\u0161enju ne ob\u010duti.<\/li>\n<li>Nogavice so dodatno oja\u010dane v prstih in peti, za \u0161e ve\u010djo vzdr\u017eljivost in udobje med no\u0161enjem.<\/li>\n<li>Nogavice so izdelane v velikostih\u00a0 3-7.<\/li>\n<\/ul>\n<p>Vedno uporabne klasi\u010dne hla\u010dne nogavice, nogavice,\u00a0 dokolenke in nogavi\u010dke najdete v programu Classic style. Prijetne za no\u0161enje in primerne\u00a0 za vsakodnevno uporabo. Med njimi boste na\u0161li na\u0161e\u00a0 prve hla\u010dne nogavice Peggy extra.<\/p>\n<p>Vsi uporabljeni materiali so zdravju in ko\u017ei prijazni. Oznaka EKO-TEX 100 kon\u010dnim uporabnikom predstavlja dodatne prednosti preverjene varnosti na ko\u017ei. Izdelki Polzela so okolju prijazni izdelki.<\/p>\n<ul>\n<li>Izdelane iz visoko kakovostnega 100% Poliamida 66, ki je izredno trpe\u017een\u00a0 in omogo\u010da\u00a0 visoko raztegljivost in elasti\u010dnost.<\/li>\n<li>Za udobje med no\u0161enjem nogavice skrbi ploski \u0161iv v hla\u010dnem delu, ki se pri no\u0161enju ne ob\u010duti.<\/li>\n<li>Nogavice so dodatno oja\u010dane v prstih in peti, za \u0161e ve\u010djo vzdr\u017eljivost in udobje med no\u0161enjem.<\/li>\n<li>Nogavice so izdelane v velikostih\u00a0 3-7.<\/li>\n<\/ul>\n<p>Vedno uporabne klasi\u010dne hla\u010dne nogavice, nogavice,\u00a0 dokolenke in nogavi\u010dke najdete v programu Classic style. Prijetne za no\u0161enje in primerne\u00a0 za vsakodnevno uporabo. Med njimi boste na\u0161li na\u0161e\u00a0 prve hla\u010dne nogavice Peggy extra.<\/p>\n<p>Vsi uporabljeni materiali so zdravju in ko\u017ei prijazni. Oznaka EKO-TEX 100 kon\u010dnim uporabnikom predstavlja dodatne prednosti preverjene varnosti na ko\u017ei. Izdelki Polzela so okolju prijazni izdelki.<\/p>\n","protected":false},"excerpt":{"rendered":"<p><strong>Opis izdelka:<\/strong><\/p>\n<p>Hla\u010dne nogavice izdelane iz visoko kakovostnega 100% Poliamida 66, ki je izredno trpe\u017een\u00a0 in omogo\u010da\u00a0 visoko raztegljivost in elasti\u010dnost.\u00a0Za udobje med no\u0161enjem nogavice skrbi ploski \u0161iv v hla\u010dnem delu, ki se pri no\u0161enju ne ob\u010duti.\u00a0Nogavice so dodatno oja\u010dane v prstih in peti, za \u0161e ve\u010djo vzdr\u017eljivost in udobje med no\u0161enjem.<\/p>\n<p>*Hla\u010dne nogavice so na voljo v petih barvah. Slika prikazuje nogavice v barvi Paola.<\/p>\n<p><strong>Sestava:<\/strong> 100% Poliamid<\/p>\n<h2>POLZELA Classic Peggy Extra 20den<\/h2>\n<ul>\n<li>Izdelane iz visoko kakovostnega 100% Poliamida, ki je izredno trpe\u017een\u00a0 in omogo\u010da\u00a0 visoko raztegljivost in elasti\u010dnost.<\/li>\n<li>Za udobje med no\u0161enjem nogavice skrbi ploski \u0161iv v hla\u010dnem delu, ki se pri no\u0161enju ne ob\u010duti.<\/li>\n<li>Nogavice so dodatno oja\u010dane v prstih in peti, za \u0161e ve\u010djo vzdr\u017eljivost in udobje med no\u0161enjem.<\/li>\n<li>Nogavice so izdelane v velikostih\u00a0 3-7.<\/li>\n<\/ul>\n<p>Vedno uporabne klasi\u010dne hla\u010dne nogavice, nogavice,\u00a0 dokolenke in nogavi\u010dke najdete v programu Classic style. Prijetne za no\u0161enje in primerne\u00a0 za vsakodnevno uporabo. Med njimi boste na\u0161li na\u0161e\u00a0 prve hla\u010dne nogavice Peggy extra.<\/p>\n<p>&nbsp;<\/p>\n[caption id=\"attachment_1520\" align=\"alignleft\" width=\"75\"]<img loading=\"lazy\" decoding=\"async\" class=\"size-full wp-image-1520\" src=\"https:\/\/www.polzela.com\/si\/wp-content\/uploads\/sites\/2\/2016\/08\/PLOSKI-SIV-e1471330153439.jpg\" alt=\"PLOSKI SIV\" width=\"75\" height=\"75\" \/> Ploski \u0161iv[\/caption]\n[caption id=\"attachment_1535\" align=\"alignleft\" width=\"70\"]<img loading=\"lazy\" decoding=\"async\" class=\"size-full wp-image-1535\" src=\"https:\/\/www.polzela.com\/si\/wp-content\/uploads\/sites\/2\/2016\/08\/COMFORT-ROBPAS-e1471331245423.jpg\" alt=\"COMFORT ROB\/PAS\" width=\"70\" height=\"70\" \/> Udoben pas[\/caption]\n<p>&nbsp;<\/p>\n<p>&nbsp;<\/p>\n<p>&nbsp;<\/p>\n<p>&nbsp;<\/p>\n<p>&nbsp;<\/p>\n","protected":false},"featured_media":9114,"comment_status":"open","ping_status":"closed","template":"","meta":{"om_disable_all_campaigns":false,"_monsterinsights_skip_tracking":false,"_monsterinsights_sitenote_active":false,"_monsterinsights_sitenote_note":"","_monsterinsights_sitenote_category":0},"product_cat":[42,374],"product_tag":[853,881],"class_list":["post-1521","product","type-product","status-publish","has-post-thumbnail","hentry","product_cat-zenske","product_cat-hlacne-nogavice","product_tag-20-den","product_tag-peggy"],"bundled_by":[],"bundle_stock_status":"instock","bundle_stock_quantity":null,"bundle_virtual":false,"bundle_layout":"","bundle_add_to_cart_form_location":"","bundle_editable_in_cart":false,"bundle_sold_individually_context":"","bundle_item_grouping":"","bundle_min_size":"","bundle_max_size":"","bundled_items":[],"bundle_sell_ids":[],"aioseo_notices":[],"_links":{"self":[{"href":"https:\/\/www.polzela.com\/si\/wp-json\/wp\/v2\/product\/1521","targetHints":{"allow":["GET"]}}],"collection":[{"href":"https:\/\/www.polzela.com\/si\/wp-json\/wp\/v2\/product"}],"about":[{"href":"https:\/\/www.polzela.com\/si\/wp-json\/wp\/v2\/types\/product"}],"replies":[{"embeddable":true,"href":"https:\/\/www.polzela.com\/si\/wp-json\/wp\/v2\/comments?post=1521"}],"wp:featuredmedia":[{"embeddable":true,"href":"https:\/\/www.polzela.com\/si\/wp-json\/wp\/v2\/media\/9114"}],"wp:attachment":[{"href":"https:\/\/www.polzela.com\/si\/wp-json\/wp\/v2\/media?parent=1521"}],"wp:term":[{"taxonomy":"product_cat","embeddable":true,"href":"https:\/\/www.polzela.com\/si\/wp-json\/wp\/v2\/product_cat?post=1521"},{"taxonomy":"product_tag","embeddable":true,"href":"https:\/\/www.polzela.com\/si\/wp-json\/wp\/v2\/product_tag?post=1521"}],"curies":[{"name":"wp","href":"https:\/\/api.w.org\/{rel}","templated":true}]}}