{"id":1519,"date":"2020-08-30T13:09:05","date_gmt":"2020-08-30T11:09:05","guid":{"rendered":"https:\/\/www.polzela.com\/si\/?post_type=product&#038;p=1519"},"modified":"2025-11-19T22:39:36","modified_gmt":"2025-11-19T21:39:36","slug":"nogavica-classic-irena-70den-8080","status":"publish","type":"product","link":"https:\/\/www.polzela.com\/si\/product\/nogavica-classic-irena-70den-8080\/","title":{"rendered":"Klasi\u010dne hla\u010dne nogavice Irena 70den (8080)"},"content":{"rendered":"<h2>POLZELA Classic Irena 70 den debele opaque hla\u010dne nogavice<\/h2>\n<ul>\n<li>Za udobje med no\u0161enjem nogavice skrbi ploski \u0161iv v hla\u010dnem delu, ki se pri no\u0161enju ne ob\u010duti.<\/li>\n<li>Nogavice so dodatno oja\u010dane v prstih in peti, za \u0161e ve\u010djo vzdr\u017eljivost in udobje med no\u0161enjem.<\/li>\n<li>Nogavice so izdelane v velikostih\u00a0 2-6.<\/li>\n<\/ul>\n<p>Vedno uporabne klasi\u010dne hla\u010dne nogavice, nogavice,\u00a0 dokolenke in nogavi\u010dke najdete v programu Classic style. Prijetne za no\u0161enje in primerne\u00a0 za vsakodnevno uporabo. Med njimi boste na\u0161li na\u0161e\u00a0 prve hla\u010dne nogavice Peggy extra.<\/p>\n<p>Vsi uporabljeni materiali so zdravju in ko\u017ei prijazni. Oznaka EKO-TEX 100 kon\u010dnim uporabnikom predstavlja dodatne prednosti preverjene varnosti na ko\u017ei. Izdelki Polzela so okolju prijazni izdelki.<\/p>\n","protected":false},"excerpt":{"rendered":"<p><strong>Opis izdelka<\/strong><\/p>\n<p>\u017denske hla\u010dne nogavice. Za udobje med no\u0161enjem nogavice skrbi ploski \u0161iv v hla\u010dnem delu, ki se pri no\u0161enju ne ob\u010duti. Nogavice so dodatno oja\u010dane v prstih in peti, za \u0161e ve\u010djo vzdr\u017eljivost in udobje med no\u0161enjem. Nogavice so izdelane v velikostih\u00a0 2-6.<\/p>\n<p>*Nogavice so na voljo v \u0161tirih barvah.<\/p>\n<h2>POLZELA Classic Irena 70 den debele opaque hla\u010dne nogavice<\/h2>\n<ul>\n<li>Za udobje med no\u0161enjem nogavice skrbi ploski \u0161iv v hla\u010dnem delu, ki se pri no\u0161enju ne ob\u010duti.<\/li>\n<li>Nogavice so dodatno oja\u010dane v prstih in peti, za \u0161e ve\u010djo vzdr\u017eljivost in udobje med no\u0161enjem.<\/li>\n<li>Nogavice so izdelane v velikostih\u00a0 2-6.<\/li>\n<\/ul>\n<p>Vedno uporabne klasi\u010dne hla\u010dne nogavice, nogavice,\u00a0 dokolenke in nogavi\u010dke najdete v programu Classic style. Prijetne za no\u0161enje in primerne\u00a0 za vsakodnevno uporabo. Med njimi boste na\u0161li na\u0161e\u00a0 prve hla\u010dne nogavice Peggy extra.<\/p>\n<p><strong>Sestava:<\/strong> 100% Poliamid<\/p>\n[caption id=\"attachment_1520\" align=\"alignleft\" width=\"75\"]<img loading=\"lazy\" decoding=\"async\" class=\"size-full wp-image-1520\" src=\"https:\/\/www.polzela.com\/si\/wp-content\/uploads\/sites\/2\/2016\/08\/PLOSKI-SIV-e1471330153439.jpg\" alt=\"PLOSKI SIV\" width=\"75\" height=\"75\" \/> Ploski \u0161iv[\/caption]\n[caption id=\"attachment_1535\" align=\"alignleft\" width=\"70\"]<img loading=\"lazy\" decoding=\"async\" class=\"size-full wp-image-1535\" src=\"https:\/\/www.polzela.com\/si\/wp-content\/uploads\/sites\/2\/2016\/08\/COMFORT-ROBPAS-e1471331245423.jpg\" alt=\"COMFORT ROB\/PAS\" width=\"70\" height=\"70\" \/> Udoben pas[\/caption]\n","protected":false},"featured_media":9128,"comment_status":"open","ping_status":"closed","template":"","meta":{"om_disable_all_campaigns":false,"_monsterinsights_skip_tracking":false,"_monsterinsights_sitenote_active":false,"_monsterinsights_sitenote_note":"","_monsterinsights_sitenote_category":0},"product_cat":[42,374],"product_tag":[600,881,599],"class_list":["post-1519","product","type-product","status-publish","has-post-thumbnail","hentry","product_cat-zenske","product_cat-hlacne-nogavice","product_tag-70-den","product_tag-peggy","product_tag-warm"],"bundled_by":[],"bundle_stock_status":"instock","bundle_stock_quantity":null,"bundle_virtual":false,"bundle_layout":"","bundle_add_to_cart_form_location":"","bundle_editable_in_cart":false,"bundle_sold_individually_context":"","bundle_item_grouping":"","bundle_min_size":"","bundle_max_size":"","bundled_items":[],"bundle_sell_ids":[],"aioseo_notices":[],"_links":{"self":[{"href":"https:\/\/www.polzela.com\/si\/wp-json\/wp\/v2\/product\/1519","targetHints":{"allow":["GET"]}}],"collection":[{"href":"https:\/\/www.polzela.com\/si\/wp-json\/wp\/v2\/product"}],"about":[{"href":"https:\/\/www.polzela.com\/si\/wp-json\/wp\/v2\/types\/product"}],"replies":[{"embeddable":true,"href":"https:\/\/www.polzela.com\/si\/wp-json\/wp\/v2\/comments?post=1519"}],"wp:featuredmedia":[{"embeddable":true,"href":"https:\/\/www.polzela.com\/si\/wp-json\/wp\/v2\/media\/9128"}],"wp:attachment":[{"href":"https:\/\/www.polzela.com\/si\/wp-json\/wp\/v2\/media?parent=1519"}],"wp:term":[{"taxonomy":"product_cat","embeddable":true,"href":"https:\/\/www.polzela.com\/si\/wp-json\/wp\/v2\/product_cat?post=1519"},{"taxonomy":"product_tag","embeddable":true,"href":"https:\/\/www.polzela.com\/si\/wp-json\/wp\/v2\/product_tag?post=1519"}],"curies":[{"name":"wp","href":"https:\/\/api.w.org\/{rel}","templated":true}]}}